{"id":3052,"date":"2025-10-03T19:30:58","date_gmt":"2025-10-03T17:30:58","guid":{"rendered":"https:\/\/planbee.lt\/en\/?post_type=product&#038;p=3052"},"modified":"2026-03-10T09:57:39","modified_gmt":"2026-03-10T07:57:39","slug":"duonos-maiselis-pienes-pukas","status":"publish","type":"product","link":"https:\/\/planbee.lt\/lt\/product\/bread-bag-dandelion-seed","title":{"rendered":"Duonos mai\u0161elis (Pien\u0117s p\u016bkas)"},"content":{"rendered":"<p><strong>Instrukcija:<\/strong><\/p>\n<ul>\n<li>Vyniokite ir u\u017esandarinkite mai\u0161elio vir\u0161\u0173 rank\u0173 \u0161iluma;<\/li>\n<li>Ned\u0117kite \u017ealios \u017euvies ar m\u0117sos ir jos gamini\u0173. Gali atsirasti nemalonus kvapas;<\/li>\n<li>Mai\u0161elio ned\u0117kite \u012f mikrobang\u0173 krosnel\u0119;<\/li>\n<li>Nepjaustykite maisto ant bi\u010di\u0173 va\u0161ko mai\u0161elio;<\/li>\n<li>Mai\u0161el\u012f laikykite \u0161aldytuve arba virtuv\u0117s stal\u010diuje, atokiau nuo kaitros.<\/li>\n<\/ul>","protected":false},"excerpt":{"rendered":"<p>I\u0161gird\u0119 savo klientus, po keli\u0173 met\u0173 drobeli\u0173 gamybos praktikos, prad\u0117jome ne tik va\u0161kuoti, bet ir si\u016bti! \u0160ie mai\u0161eliai buvo tikra revoliucija m\u016bs\u0173 virtuv\u0117je laikant parduotuv\u0117je \u012fsigyt\u0105 ar pa\u010di\u0173 kept\u0105 duon\u0105. Duonos \u0161vie\u017eumas ir mink\u0161tumas mai\u0161elyje i\u0161silaiko nepriekai\u0161tingai.<\/p>\n<p>Mai\u0161elis yra 33 x 32 cm (plotis x auk\u0161tis). Jis buvo pasi\u016btas ir i\u0161va\u0161kuotas m\u016bs\u0173 nedidel\u0117je dirbtuv\u0117je, esan\u010dioje netoli m\u016bs\u0173 laikom\u0173 bei pri\u017ei\u016brim\u0173 bi\u010di\u0173 avili\u0173.<\/p>\n<p>Drobeli\u0173 gamybai naudojame savo bi\u010di\u0173 va\u0161k\u0105 ir kit\u0173, \u0160akiuose bitininkaujan\u010di\u0173 vietini\u0173 bitinink\u0173 va\u0161k\u0105. Taip pat, gamybai naudojame pu\u0161\u0173 sakus ir OEKO-TEX\u00ae sertifikuot\u0105 medviln\u0119.<\/p>","protected":false},"featured_media":3067,"template":"","meta":{"neve_meta_sidebar":"","neve_meta_container":"","neve_meta_enable_content_width":"off","neve_meta_content_width":100,"neve_meta_title_alignment":"","neve_meta_author_avatar":"","neve_post_elements_order":"","neve_meta_disable_header":"","neve_meta_disable_footer":"","neve_meta_disable_title":"","_themeisle_gutenberg_block_has_review":false},"product_brand":[],"product_cat":[48],"product_tag":[],"class_list":{"0":"post-3052","1":"product","2":"type-product","3":"status-publish","4":"has-post-thumbnail","6":"product_cat-bread-wraps","8":"first","9":"instock","10":"shipping-taxable","11":"purchasable","12":"product-type-simple"},"jetpack_sharing_enabled":true,"_links":{"self":[{"href":"https:\/\/planbee.lt\/lt\/wp-json\/wp\/v2\/product\/3052","targetHints":{"allow":["GET"]}}],"collection":[{"href":"https:\/\/planbee.lt\/lt\/wp-json\/wp\/v2\/product"}],"about":[{"href":"https:\/\/planbee.lt\/lt\/wp-json\/wp\/v2\/types\/product"}],"wp:featuredmedia":[{"embeddable":true,"href":"https:\/\/planbee.lt\/lt\/wp-json\/wp\/v2\/media\/3067"}],"wp:attachment":[{"href":"https:\/\/planbee.lt\/lt\/wp-json\/wp\/v2\/media?parent=3052"}],"wp:term":[{"taxonomy":"product_brand","embeddable":true,"href":"https:\/\/planbee.lt\/lt\/wp-json\/wp\/v2\/product_brand?post=3052"},{"taxonomy":"product_cat","embeddable":true,"href":"https:\/\/planbee.lt\/lt\/wp-json\/wp\/v2\/product_cat?post=3052"},{"taxonomy":"product_tag","embeddable":true,"href":"https:\/\/planbee.lt\/lt\/wp-json\/wp\/v2\/product_tag?post=3052"}],"curies":[{"name":"wp","href":"https:\/\/api.w.org\/{rel}","templated":true}]}}