{"id":2954,"date":"2025-06-02T13:14:18","date_gmt":"2025-06-02T11:14:18","guid":{"rendered":"https:\/\/planbee.lt\/?post_type=product&#038;p=2954"},"modified":"2025-09-16T13:37:17","modified_gmt":"2025-09-16T11:37:17","slug":"dryzuota-spalvota-biciu-vasko-zvake","status":"publish","type":"product","link":"https:\/\/planbee.lt\/lt\/product\/striped-colored-beeswax-candle","title":{"rendered":"Dry\u017euota spalvota bi\u010di\u0173 va\u0161ko \u017evak\u0117"},"content":{"rendered":"<p>\u0160ios dry\u017euotos nat\u016bralaus bi\u010di\u0173 va\u0161ko \u017evak\u0117s yra rank\u0173 darbo, pagamintos su meile Lietuvoje, \u0160akiuose, i\u0161 m\u016bs\u0173 pa\u010di\u0173 \u0161eimos bi\u010di\u0173 va\u0161ko. \u017dvak\u0117s dagtis pagaminta i\u0161 100% medviln\u0117s, be kvapi\u0173j\u0173 med\u017eiag\u0173. \u017dvak\u0117s gali pakeisti savo atspalv\u012f laikui b\u0117gant, jas laikant ant tiesiogini\u0173 saul\u0117s spinduli\u0173 arba \u0161altoje ir dr\u0117gnoje aplinkoje.<\/p>","protected":false},"excerpt":{"rendered":"<ul>\n<li>Kiekviena spalvota bi\u010di\u0173 va\u0161ko \u017evak\u0117 dega iki 5 valand\u0173;<\/li>\n<li>100 % bi\u010di\u0173 va\u0161kas, 100 % medviln\u0117s dagtis, truputis maistini\u0173 da\u017e\u0173;<\/li>\n<li>21 cm auk\u0161\u010dio, 2 cm diametro ties pagrindu;<\/li>\n<li>Viena \u017evak\u0117 sveria 45 gramus.<\/li>\n<\/ul>\n<p><strong>D\u0117mesio:<\/strong> 3.5 Eur yra vienos \u017evak\u0117s kaina. Kadangi bi\u010di\u0173 va\u0161kas yra nat\u016brali med\u017eiaga, jo spalva, sumai\u0161yta su da\u017eais, gali skirtis nuo tos, kuri\u0105 matote nuotraukoje.<\/p>","protected":false},"featured_media":2958,"template":"","meta":{"neve_meta_sidebar":"","neve_meta_container":"","neve_meta_enable_content_width":"off","neve_meta_content_width":100,"neve_meta_title_alignment":"","neve_meta_author_avatar":"","neve_post_elements_order":"","neve_meta_disable_header":"","neve_meta_disable_footer":"","neve_meta_disable_title":"","_themeisle_gutenberg_block_has_review":false},"product_brand":[],"product_cat":[38],"product_tag":[],"class_list":{"0":"post-2954","1":"product","2":"type-product","3":"status-publish","4":"has-post-thumbnail","6":"product_cat-beeswax-candles","8":"first","9":"outofstock","10":"shipping-taxable","11":"product-type-variable"},"jetpack_sharing_enabled":true,"_links":{"self":[{"href":"https:\/\/planbee.lt\/lt\/wp-json\/wp\/v2\/product\/2954","targetHints":{"allow":["GET"]}}],"collection":[{"href":"https:\/\/planbee.lt\/lt\/wp-json\/wp\/v2\/product"}],"about":[{"href":"https:\/\/planbee.lt\/lt\/wp-json\/wp\/v2\/types\/product"}],"wp:featuredmedia":[{"embeddable":true,"href":"https:\/\/planbee.lt\/lt\/wp-json\/wp\/v2\/media\/2958"}],"wp:attachment":[{"href":"https:\/\/planbee.lt\/lt\/wp-json\/wp\/v2\/media?parent=2954"}],"wp:term":[{"taxonomy":"product_brand","embeddable":true,"href":"https:\/\/planbee.lt\/lt\/wp-json\/wp\/v2\/product_brand?post=2954"},{"taxonomy":"product_cat","embeddable":true,"href":"https:\/\/planbee.lt\/lt\/wp-json\/wp\/v2\/product_cat?post=2954"},{"taxonomy":"product_tag","embeddable":true,"href":"https:\/\/planbee.lt\/lt\/wp-json\/wp\/v2\/product_tag?post=2954"}],"curies":[{"name":"wp","href":"https:\/\/api.w.org\/{rel}","templated":true}]}}