{"id":2882,"date":"2025-05-12T12:57:42","date_gmt":"2025-05-12T10:57:42","guid":{"rendered":"https:\/\/planbee.lt\/?post_type=product&#038;p=2882"},"modified":"2026-02-19T16:41:47","modified_gmt":"2026-02-19T14:41:47","slug":"spalvotu-biciu-vasko-zvakiu-puokste-3","status":"publish","type":"product","link":"https:\/\/planbee.lt\/lt\/product\/bouquet-of-colored-beeswax-candles","title":{"rendered":"Spalvot\u0173 bi\u010di\u0173 va\u0161ko \u017evaki\u0173 puok\u0161t\u0117"},"content":{"rendered":"<p>\u0160i i\u0161skirtin\u0117 spalvot\u0173 bi\u010di\u0173 va\u0161ko \u017evaki\u0173 puok\u0161tel\u0117 \u2013 tai pavasari\u0161kos spalvos, nat\u016bralumas ir rank\u0173 darbo \u0161iluma viename. Kruop\u0161\u010diai i\u0161lietos i\u0161 100 % bi\u010di\u0173 va\u0161ko, \u0161velni\u0173 pastelini\u0173 atspalvi\u0173 \u017evak\u0117s d\u017eiugina ne tik ak\u012f, bet ir sukuria jauki\u0105, rami\u0105 atmosfer\u0105 namuose. Puok\u0161tel\u0117 susideda i\u0161 klasikini\u0173 bei sukt\u0173 form\u0173 bi\u010di\u0173 va\u0161ko \u017evaki\u0173, kurios suteikia \u017eaismingumo bei elegancijos. \u017dvak\u0117s pagamintos rankomis Lietuvoje, \u0160akiuose, m\u016bs\u0173 \u0161eimos bityne.<\/p>","protected":false},"excerpt":{"rendered":"<ul>\n<li>Rinkiniuose yra 9, 12 arba 15 spalvot\u0173 \u017evaki\u0173;<\/li>\n<li>Kiekviena puok\u0161tel\u0117 peri\u0161ama \u0161ilkiniu kaspin\u0117liu \u2013 su norimais palink\u0117jimais J\u016bs\u0173 artimiesiems;<\/li>\n<li>Viena \u017evak\u0117 dega iki 5 valand\u0173;<\/li>\n<li>100 % bi\u010di\u0173 va\u0161kas, 100 % medviln\u0117s dagtis, truputis maistini\u0173 da\u017e\u0173;<\/li>\n<li>23 cm auk\u0161\u010dio, 2 cm diametro ties pagrindu;<\/li>\n<li>Viena \u017evak\u0117 sveria apie 40 gram\u0173.<\/li>\n<\/ul>\n<p><strong>D\u0117mesio:<\/strong> Kadangi \u017evak\u0117s gaminamos rankomis, j\u0173 spalvos gali skirtis nuo pateikt\u0173 nuotraukose \u2013 tai nat\u016bralu d\u0117l da\u017e\u0173 kiekio ir unikalaus darbo proceso.<\/p>","protected":false},"featured_media":2885,"template":"","meta":{"neve_meta_sidebar":"","neve_meta_container":"","neve_meta_enable_content_width":"off","neve_meta_content_width":100,"neve_meta_title_alignment":"","neve_meta_author_avatar":"","neve_post_elements_order":"","neve_meta_disable_header":"","neve_meta_disable_footer":"","neve_meta_disable_title":"","_themeisle_gutenberg_block_has_review":false},"product_brand":[],"product_cat":[38],"product_tag":[],"class_list":{"0":"post-2882","1":"product","2":"type-product","3":"status-publish","4":"has-post-thumbnail","6":"product_cat-beeswax-candles","8":"first","9":"instock","10":"shipping-taxable","11":"purchasable","12":"product-type-variable"},"jetpack_sharing_enabled":true,"_links":{"self":[{"href":"https:\/\/planbee.lt\/lt\/wp-json\/wp\/v2\/product\/2882","targetHints":{"allow":["GET"]}}],"collection":[{"href":"https:\/\/planbee.lt\/lt\/wp-json\/wp\/v2\/product"}],"about":[{"href":"https:\/\/planbee.lt\/lt\/wp-json\/wp\/v2\/types\/product"}],"wp:featuredmedia":[{"embeddable":true,"href":"https:\/\/planbee.lt\/lt\/wp-json\/wp\/v2\/media\/2885"}],"wp:attachment":[{"href":"https:\/\/planbee.lt\/lt\/wp-json\/wp\/v2\/media?parent=2882"}],"wp:term":[{"taxonomy":"product_brand","embeddable":true,"href":"https:\/\/planbee.lt\/lt\/wp-json\/wp\/v2\/product_brand?post=2882"},{"taxonomy":"product_cat","embeddable":true,"href":"https:\/\/planbee.lt\/lt\/wp-json\/wp\/v2\/product_cat?post=2882"},{"taxonomy":"product_tag","embeddable":true,"href":"https:\/\/planbee.lt\/lt\/wp-json\/wp\/v2\/product_tag?post=2882"}],"curies":[{"name":"wp","href":"https:\/\/api.w.org\/{rel}","templated":true}]}}