{"id":2717,"date":"2025-01-13T16:52:51","date_gmt":"2025-01-13T14:52:51","guid":{"rendered":"https:\/\/planbee.lt\/lt\/?post_type=product&#038;p=2717"},"modified":"2026-03-16T20:39:32","modified_gmt":"2026-03-16T18:39:32","slug":"set-of-three-wraps-freshness-of-spring","status":"publish","type":"product","link":"https:\/\/planbee.lt\/lt\/product\/set-of-three-wraps-freshness-of-spring","title":{"rendered":"3 dyd\u017ei\u0173 rinkinukas (Pavasario gaiva)"},"content":{"rendered":"<p><strong>Instrukcija:<\/strong><\/p>\n<ul>\n<li>U\u017esandarinkite rank\u0173 \u0161iluma;<\/li>\n<li>Nevyniokite \u017ealios \u017euvies ar m\u0117sos ir jos gamini\u0173. Gali atsirasti nemalonus kvapas;<\/li>\n<li>Ned\u0117kite \u012f mikrobang\u0173 krosnel\u0119;<\/li>\n<li>Do not cut food on your wrap;<\/li>\n<li>Keep it in your kitchen drawer, away from heat<\/li>\n<\/ul>","protected":false},"excerpt":{"rendered":"<p>\u0160tai m\u016bs\u0173 3 dyd\u017ei\u0173 rinkinukas \u2013 Ramyb\u0117!<\/p>\n<p>M\u016bs\u0173 rank\u0173 darbo bi\u010di\u0173 va\u0161ko drobel\u0117s yra gamtai draugi\u0161ka alternatyva plastikinei maistinei pl\u0117velei, kuri skirta maistui \u012fvynioti.<\/p>\n<p>Puikiai tinka \u012fvynioti sumu\u0161tin\u012f, pus\u0119 avokado ar citrinos, kop\u016bst\u0105, duon\u0105 ar u\u017edengti duben\u0117l\u012f. Kiekviena va\u0161ko drobel\u0117 yra rank\u0173 darbo ir pagaminta m\u016bs\u0173 nedidel\u0117je dirbtuv\u0117je, esan\u010dioje netoli m\u016bs\u0173 laikom\u0173 bei pri\u017ei\u016brim\u0173 bi\u010di\u0173 avili\u0173.<\/p>\n<p class=\"aLF-aPX-K0-aPE\">Vienoje pakuot\u0117je yra trij\u0173 skirting\u0173 dyd\u017ei\u0173 drobeli\u0173 rinkinys:<\/p>\n<ul>\n<li class=\"aLF-aPX-K0-aPE\">S (20 x 20 cm)<\/li>\n<li class=\"aLF-aPX-K0-aPE\">M (28 x 28 cm)<\/li>\n<li class=\"aLF-aPX-K0-aPE\">L (35 \u00d7 35 cm)<\/li>\n<\/ul>\n<p>Drobeli\u0173 gamybai naudojame savo bi\u010di\u0173 va\u0161k\u0105 ir kit\u0173, \u0160akiuose bitininkaujan\u010di\u0173 vietini\u0173 bitinink\u0173 va\u0161k\u0105. Taip pat, gamybai naudojame pu\u0161\u0173 sakus ir OEKO-TEX\u00ae sertifikuot\u0105 medviln\u0119.<\/p>","protected":false},"featured_media":2725,"template":"","meta":{"neve_meta_sidebar":"","neve_meta_container":"","neve_meta_enable_content_width":"off","neve_meta_content_width":100,"neve_meta_title_alignment":"","neve_meta_author_avatar":"","neve_post_elements_order":"","neve_meta_disable_header":"","neve_meta_disable_footer":"","neve_meta_disable_title":"","_themeisle_gutenberg_block_has_review":false},"product_brand":[],"product_cat":[39],"product_tag":[],"class_list":{"0":"post-2717","1":"product","2":"type-product","3":"status-publish","4":"has-post-thumbnail","6":"product_cat-wraps","8":"first","9":"outofstock","10":"shipping-taxable","11":"purchasable","12":"product-type-variable","13":"has-default-attributes"},"jetpack_sharing_enabled":true,"_links":{"self":[{"href":"https:\/\/planbee.lt\/lt\/wp-json\/wp\/v2\/product\/2717","targetHints":{"allow":["GET"]}}],"collection":[{"href":"https:\/\/planbee.lt\/lt\/wp-json\/wp\/v2\/product"}],"about":[{"href":"https:\/\/planbee.lt\/lt\/wp-json\/wp\/v2\/types\/product"}],"wp:featuredmedia":[{"embeddable":true,"href":"https:\/\/planbee.lt\/lt\/wp-json\/wp\/v2\/media\/2725"}],"wp:attachment":[{"href":"https:\/\/planbee.lt\/lt\/wp-json\/wp\/v2\/media?parent=2717"}],"wp:term":[{"taxonomy":"product_brand","embeddable":true,"href":"https:\/\/planbee.lt\/lt\/wp-json\/wp\/v2\/product_brand?post=2717"},{"taxonomy":"product_cat","embeddable":true,"href":"https:\/\/planbee.lt\/lt\/wp-json\/wp\/v2\/product_cat?post=2717"},{"taxonomy":"product_tag","embeddable":true,"href":"https:\/\/planbee.lt\/lt\/wp-json\/wp\/v2\/product_tag?post=2717"}],"curies":[{"name":"wp","href":"https:\/\/api.w.org\/{rel}","templated":true}]}}