{"id":2670,"date":"2024-12-02T21:40:57","date_gmt":"2024-12-02T19:40:57","guid":{"rendered":"https:\/\/planbee.lt\/?post_type=product&#038;p=2670"},"modified":"2025-12-02T07:42:34","modified_gmt":"2025-12-02T05:42:34","slug":"xl-drobele-duonai-svelnumas","status":"publish","type":"product","link":"https:\/\/planbee.lt\/lt\/product\/xl-bread-wrap-tenderness","title":{"rendered":"XL drobel\u0117 duonai (\u0160velnumas)"},"content":{"rendered":"<p><strong>Instrukcija:<\/strong><\/p>\n<ul>\n<li>U\u017esandarinkite rank\u0173 \u0161iluma;<\/li>\n<li>Nevyniokite \u017ealios \u017euvies ar m\u0117sos ir jos gamini\u0173. Gali atsirasti nemalonus kvapas;<\/li>\n<li>Ned\u0117kite \u012f mikrobang\u0173 krosnel\u0119;<\/li>\n<li>Nepjaustykite maisto ant bi\u010di\u0173 va\u0161ko drobel\u0117s;<\/li>\n<li>Drobel\u0119 laikykite virtuv\u0117s stal\u010diuje, atokiai nuo kar\u0161\u010dio ir kar\u0161t\u0173 pavir\u0161i\u0173;<\/li>\n<\/ul>","protected":false},"excerpt":{"rendered":"<p>Patik\u0117kite manimi, kai sakau, jog \u0161i drobel\u0117 \u2013 XL dyd\u017eio! Suk\u016br\u0117me jas 50 x 50 cm, kai \"Didel\u0117s\" drobel\u0117s tiesiog nebeu\u017eteko :)<\/p>\n<p>M\u016bs\u0173 rank\u0173 darbo, XL dyd\u017eio bi\u010di\u0173 va\u0161ko drobel\u0117 yra gamtai draugi\u0161ka alternatyva plastikinei maistinei pl\u0117velei. Ji skirta dideliems maisto produktams, tokiems kaip j\u016bs\u0173 mylimai, namuose keptai duonai, per pus\u0119 perpjautam kop\u016bstui, arb\u016bzui, moli\u016bgui \u012fvynioti.<\/p>\n<p>Kiekviena va\u0161ko drobel\u0117 yra rank\u0173 darbo ir pagaminta m\u016bs\u0173 nedidel\u0117je dirbtuv\u0117je, esan\u010dioje netoli m\u016bs\u0173 laikom\u0173 bei pri\u017ei\u016brim\u0173 bi\u010di\u0173 avili\u0173.<\/p>\n<p>D\u0117mesio: drobel\u0117 bus \u012fpakuota \u012f popierin\u012f mai\u0161el\u012f.<\/p>","protected":false},"featured_media":2671,"template":"","meta":{"neve_meta_sidebar":"","neve_meta_container":"","neve_meta_enable_content_width":"off","neve_meta_content_width":100,"neve_meta_title_alignment":"","neve_meta_author_avatar":"","neve_post_elements_order":"","neve_meta_disable_header":"","neve_meta_disable_footer":"","neve_meta_disable_title":"","_themeisle_gutenberg_block_has_review":false},"product_brand":[],"product_cat":[48],"product_tag":[],"class_list":{"0":"post-2670","1":"product","2":"type-product","3":"status-publish","4":"has-post-thumbnail","6":"product_cat-bread-wraps","8":"first","9":"instock","10":"shipping-taxable","11":"purchasable","12":"product-type-simple"},"jetpack_sharing_enabled":true,"_links":{"self":[{"href":"https:\/\/planbee.lt\/lt\/wp-json\/wp\/v2\/product\/2670","targetHints":{"allow":["GET"]}}],"collection":[{"href":"https:\/\/planbee.lt\/lt\/wp-json\/wp\/v2\/product"}],"about":[{"href":"https:\/\/planbee.lt\/lt\/wp-json\/wp\/v2\/types\/product"}],"wp:featuredmedia":[{"embeddable":true,"href":"https:\/\/planbee.lt\/lt\/wp-json\/wp\/v2\/media\/2671"}],"wp:attachment":[{"href":"https:\/\/planbee.lt\/lt\/wp-json\/wp\/v2\/media?parent=2670"}],"wp:term":[{"taxonomy":"product_brand","embeddable":true,"href":"https:\/\/planbee.lt\/lt\/wp-json\/wp\/v2\/product_brand?post=2670"},{"taxonomy":"product_cat","embeddable":true,"href":"https:\/\/planbee.lt\/lt\/wp-json\/wp\/v2\/product_cat?post=2670"},{"taxonomy":"product_tag","embeddable":true,"href":"https:\/\/planbee.lt\/lt\/wp-json\/wp\/v2\/product_tag?post=2670"}],"curies":[{"name":"wp","href":"https:\/\/api.w.org\/{rel}","templated":true}]}}