{"id":2617,"date":"2024-11-07T21:47:10","date_gmt":"2024-11-07T19:47:10","guid":{"rendered":"https:\/\/planbee.lt\/?post_type=product&#038;p=2617"},"modified":"2025-12-09T22:50:20","modified_gmt":"2025-12-09T20:50:20","slug":"wooden-candle-holder-thin-candle","status":"publish","type":"product","link":"https:\/\/planbee.lt\/lt\/product\/wooden-candle-holder-thin-candle","title":{"rendered":"Medin\u0117 \u017evakid\u0117 (plonai \u017evakei)"},"content":{"rendered":"<p>I\u0161 gamtos at\u0117jusios, rankomis eleganti\u0161kai i\u0161tekintos riboto leidimo \u017evakid\u0117s. Jos yra pagamintos i\u0161 Zanavykijoje u\u017eaugusi\u0173 med\u017ei\u0173 ir paliestos bei dailiai i\u0161tekintos vietinio meistro rank\u0173. Nam\u0173 interjerui jos suteiks \u0161ilumos bei nepakartojamos kokyb\u0117s poj\u016bt\u012f, nes kiekviena \u017evakid\u0117 yra unikali.<\/p>\n<p>\u017dvakid\u0117s yra pagamintos i\u0161 3 med\u017ei\u0173 tip\u0173:<\/p>\n<ul>\n<li>\u0160ermuk\u0161nis \u2013 retas medis primenantis medin\u012f marmur\u0105. Nors \u0161is medis yra ma\u017eas, ta\u010diau atsilaiko prie\u0161 \u0161alt\u012f ir audras. \u0160ermuk\u0161nis simbolizuoja dr\u0105s\u0105, apsaug\u0105 ir laukin\u0119 nepriklausom\u0105 dvasi\u0105.<\/li>\n<li>Alksnis \u2013 vienspalvis, ramus, \u0161velnus ir \u0161iltas. Primenantis pieni\u0161k\u0105 kavos atspalv\u012f. Alksnis simbolizuoja lankstum\u0105, geb\u0117jim\u0105 prisitaikyti, draugi\u0161kum\u0105 bei hormonij\u0105.<\/li>\n<li>Egl\u0117 \u2013 \u0161viesi, tvirta, vienspalv\u0117. Jos kvapas primena gaiv\u0173 mi\u0161k\u0105. Egl\u0117 simbolizuoja ilgaami\u017ekum\u0105, kantryb\u0119, primena gamtos cikl\u0173 pastovum\u0105.<\/li>\n<\/ul>","protected":false},"excerpt":{"rendered":"<p>These limited-edition candle holders are elegantly handcrafted, coming straight from nature. Made from trees grown in the Zanavykija region, they are touched and skillfully crafted by a local artisan. They bring warmth and a sense of unparalleled quality to the home interior, as each candle holder is unique. The candle holders are made from three&hellip;&nbsp;<a href=\"https:\/\/planbee.lt\/lt\/product\/wooden-candle-holder-thin-candle\" rel=\"bookmark\">Read More &raquo;<span class=\"screen-reader-text\">Medin\u0117 \u017evakid\u0117 (plonai \u017evakei)<\/span><\/a><\/p>","protected":false},"featured_media":2619,"template":"","meta":{"neve_meta_sidebar":"","neve_meta_container":"","neve_meta_enable_content_width":"off","neve_meta_content_width":100,"neve_meta_title_alignment":"","neve_meta_author_avatar":"","neve_post_elements_order":"","neve_meta_disable_header":"","neve_meta_disable_footer":"","neve_meta_disable_title":"","_themeisle_gutenberg_block_has_review":false},"product_brand":[],"product_cat":[47],"product_tag":[],"class_list":{"0":"post-2617","1":"product","2":"type-product","3":"status-publish","4":"has-post-thumbnail","6":"product_cat-candleholders","8":"first","9":"outofstock","10":"shipping-taxable","11":"purchasable","12":"product-type-variable"},"jetpack_sharing_enabled":true,"_links":{"self":[{"href":"https:\/\/planbee.lt\/lt\/wp-json\/wp\/v2\/product\/2617","targetHints":{"allow":["GET"]}}],"collection":[{"href":"https:\/\/planbee.lt\/lt\/wp-json\/wp\/v2\/product"}],"about":[{"href":"https:\/\/planbee.lt\/lt\/wp-json\/wp\/v2\/types\/product"}],"wp:featuredmedia":[{"embeddable":true,"href":"https:\/\/planbee.lt\/lt\/wp-json\/wp\/v2\/media\/2619"}],"wp:attachment":[{"href":"https:\/\/planbee.lt\/lt\/wp-json\/wp\/v2\/media?parent=2617"}],"wp:term":[{"taxonomy":"product_brand","embeddable":true,"href":"https:\/\/planbee.lt\/lt\/wp-json\/wp\/v2\/product_brand?post=2617"},{"taxonomy":"product_cat","embeddable":true,"href":"https:\/\/planbee.lt\/lt\/wp-json\/wp\/v2\/product_cat?post=2617"},{"taxonomy":"product_tag","embeddable":true,"href":"https:\/\/planbee.lt\/lt\/wp-json\/wp\/v2\/product_tag?post=2617"}],"curies":[{"name":"wp","href":"https:\/\/api.w.org\/{rel}","templated":true}]}}