{"id":2486,"date":"2024-07-06T20:52:14","date_gmt":"2024-07-06T18:52:14","guid":{"rendered":"https:\/\/planbee.lt\/?post_type=product&#038;p=2486"},"modified":"2025-09-13T15:22:07","modified_gmt":"2025-09-13T13:22:07","slug":"birthday-beeswax-candles-to-make-dreams-come-true-striped","status":"publish","type":"product","link":"https:\/\/planbee.lt\/lt\/product\/birthday-beeswax-candles-to-make-dreams-come-true-striped","title":{"rendered":"Gimtadienio \u017evakut\u0117s (dry\u017euotos)"},"content":{"rendered":"<ul>\n<li>Vienoje d\u0117\u017eut\u0117je yra 12 ma\u017e\u0173 \u017evaku\u010di\u0173;<\/li>\n<li>Viena \u017evakut\u0117 dega apie 30 minu\u010di\u0173;<\/li>\n<li>\u017dalios \u017evakut\u0117s yra pagamintos su truput\u0117liu \u017evaki\u0173 da\u017e\u0173;<\/li>\n<li>Pagaminta i\u0161 100 % bi\u010di\u0173 va\u0161ko ir 100 % medviln\u0117s dagties;<\/li>\n<li>10,5 cm ilgio ir 5,1 mm diametro ties pagrindu;<\/li>\n<li>1 \u017evakut\u0117 sveria apie 3 gramus.<\/li>\n<\/ul>","protected":false},"excerpt":{"rendered":"<p><span class=\"Y2IQFc\" lang=\"en\">\u017dvakut\u0117s yra pagamintos Lietuvoje, m\u016bs\u0173 \u0161eimos bityne. <\/span><\/p>\n<p><span class=\"Y2IQFc\" lang=\"en\">Miniature, so it will fit in your palm and your handbag; <\/span><\/p>\n<p><span class=\"Y2IQFc\" lang=\"en\">Minimalistin\u0117s, kurios tiks ir dideliems, ir ma\u017eiems; <\/span><\/p>\n<p><span class=\"Y2IQFc\" lang=\"en\">Nat\u016bralios, kad mums ir planetai b\u016bt\u0173 lengviau; <\/span><\/p>\n<p><span class=\"Y2IQFc\" lang=\"en\">P.S. \u0161v\u0119sti galima ne vien \u017emoni\u0173 gimtadienius :) (keturkoj\u0173 myl\u0117tojai supras)<\/span><\/p>","protected":false},"featured_media":2489,"template":"","meta":{"neve_meta_sidebar":"","neve_meta_container":"","neve_meta_enable_content_width":"off","neve_meta_content_width":100,"neve_meta_title_alignment":"","neve_meta_author_avatar":"","neve_post_elements_order":"","neve_meta_disable_header":"","neve_meta_disable_footer":"","neve_meta_disable_title":"","_themeisle_gutenberg_block_has_review":false},"product_brand":[],"product_cat":[46],"product_tag":[],"class_list":{"0":"post-2486","1":"product","2":"type-product","3":"status-publish","4":"has-post-thumbnail","6":"product_cat-beeswax-birthday-candles","8":"first","9":"instock","10":"shipping-taxable","11":"purchasable","12":"product-type-simple"},"jetpack_sharing_enabled":true,"_links":{"self":[{"href":"https:\/\/planbee.lt\/lt\/wp-json\/wp\/v2\/product\/2486","targetHints":{"allow":["GET"]}}],"collection":[{"href":"https:\/\/planbee.lt\/lt\/wp-json\/wp\/v2\/product"}],"about":[{"href":"https:\/\/planbee.lt\/lt\/wp-json\/wp\/v2\/types\/product"}],"wp:featuredmedia":[{"embeddable":true,"href":"https:\/\/planbee.lt\/lt\/wp-json\/wp\/v2\/media\/2489"}],"wp:attachment":[{"href":"https:\/\/planbee.lt\/lt\/wp-json\/wp\/v2\/media?parent=2486"}],"wp:term":[{"taxonomy":"product_brand","embeddable":true,"href":"https:\/\/planbee.lt\/lt\/wp-json\/wp\/v2\/product_brand?post=2486"},{"taxonomy":"product_cat","embeddable":true,"href":"https:\/\/planbee.lt\/lt\/wp-json\/wp\/v2\/product_cat?post=2486"},{"taxonomy":"product_tag","embeddable":true,"href":"https:\/\/planbee.lt\/lt\/wp-json\/wp\/v2\/product_tag?post=2486"}],"curies":[{"name":"wp","href":"https:\/\/api.w.org\/{rel}","templated":true}]}}