{"id":2474,"date":"2024-07-06T19:07:41","date_gmt":"2024-07-06T17:07:41","guid":{"rendered":"https:\/\/planbee.lt\/?post_type=product&#038;p=2474"},"modified":"2026-03-26T23:02:49","modified_gmt":"2026-03-26T21:02:49","slug":"birthday-beeswax-candles-to-make-dreams-come-true","status":"publish","type":"product","link":"https:\/\/planbee.lt\/lt\/product\/birthday-beeswax-candles-to-make-dreams-come-true","title":{"rendered":"Gimtadienio \u017evakut\u0117s (nat\u016bralios)"},"content":{"rendered":"<div class=\"iYB33c\">\n<div class=\"dlJLJe\">\n<div data-cviv=\"false\" data-ved=\"2ahUKEwiilPKQ8ZKHAxVtBNsEHTasDDAQz_AEegQIBRAU\">\n<div class=\"U9URNb\">\n<ul>\n<li>Vienoje d\u0117\u017eut\u0117je yra 12 ma\u017e\u0173 \u017evaku\u010di\u0173;<\/li>\n<li>Viena \u017evakut\u0117 dega apie 30 minu\u010di\u0173;<\/li>\n<li>\u017dvaku\u010di\u0173 knatai yra padengti bi\u010di\u0173 va\u0161ku su trupu\u010di\u0173 \u017evaki\u0173 da\u017e\u0173;<\/li>\n<li>Pagaminta i\u0161 100 % bi\u010di\u0173 va\u0161ko ir 100 % medviln\u0117s dagties;<\/li>\n<li>10,5 cm ilgio ir 5,1 mm diametro ties pagrindu;<\/li>\n<li>1 \u017evakut\u0117 sveria apie 3 gramus.<\/li>\n<\/ul>\n<\/div>\n<\/div>\n<\/div>\n<\/div>","protected":false},"excerpt":{"rendered":"<p>&nbsp;<\/p>\n<p><span class=\"Y2IQFc\" lang=\"en\">\u017dvakut\u0117s yra pagamintos Lietuvoje, m\u016bs\u0173 \u0161eimos bityne. <\/span><\/p>\n<p><span class=\"Y2IQFc\" lang=\"en\">Miniati\u016brin\u0117s, tad tilps \u012f J\u016bs\u0173 deln\u0105 ar rankin\u0119; <\/span><\/p>\n<p><span class=\"Y2IQFc\" lang=\"en\">Minimalistin\u0117s, kurios tiks ir dideliems, ir ma\u017eiems; <\/span><\/p>\n<p><span class=\"Y2IQFc\" lang=\"en\">Nat\u016bralios, kad mums ir planetai b\u016bt\u0173 lengviau; <\/span><\/p>\n<p><span class=\"Y2IQFc\" lang=\"en\">P.S. \u0161v\u0119sti galima ne vien \u017emoni\u0173 gimtadienius :) (keturkoj\u0173 myl\u0117tojai supras)<\/span><\/p>","protected":false},"featured_media":2481,"template":"","meta":{"neve_meta_sidebar":"","neve_meta_container":"","neve_meta_enable_content_width":"off","neve_meta_content_width":100,"neve_meta_title_alignment":"","neve_meta_author_avatar":"","neve_post_elements_order":"","neve_meta_disable_header":"","neve_meta_disable_footer":"","neve_meta_disable_title":"","_themeisle_gutenberg_block_has_review":false},"product_brand":[],"product_cat":[46],"product_tag":[],"class_list":{"0":"post-2474","1":"product","2":"type-product","3":"status-publish","4":"has-post-thumbnail","6":"product_cat-beeswax-birthday-candles","8":"first","9":"instock","10":"shipping-taxable","11":"purchasable","12":"product-type-simple"},"jetpack_sharing_enabled":true,"_links":{"self":[{"href":"https:\/\/planbee.lt\/lt\/wp-json\/wp\/v2\/product\/2474","targetHints":{"allow":["GET"]}}],"collection":[{"href":"https:\/\/planbee.lt\/lt\/wp-json\/wp\/v2\/product"}],"about":[{"href":"https:\/\/planbee.lt\/lt\/wp-json\/wp\/v2\/types\/product"}],"wp:featuredmedia":[{"embeddable":true,"href":"https:\/\/planbee.lt\/lt\/wp-json\/wp\/v2\/media\/2481"}],"wp:attachment":[{"href":"https:\/\/planbee.lt\/lt\/wp-json\/wp\/v2\/media?parent=2474"}],"wp:term":[{"taxonomy":"product_brand","embeddable":true,"href":"https:\/\/planbee.lt\/lt\/wp-json\/wp\/v2\/product_brand?post=2474"},{"taxonomy":"product_cat","embeddable":true,"href":"https:\/\/planbee.lt\/lt\/wp-json\/wp\/v2\/product_cat?post=2474"},{"taxonomy":"product_tag","embeddable":true,"href":"https:\/\/planbee.lt\/lt\/wp-json\/wp\/v2\/product_tag?post=2474"}],"curies":[{"name":"wp","href":"https:\/\/api.w.org\/{rel}","templated":true}]}}