{"id":2051,"date":"2023-11-11T17:37:40","date_gmt":"2023-11-11T15:37:40","guid":{"rendered":"https:\/\/planbee.lt\/?post_type=product&#038;p=2051"},"modified":"2026-03-04T21:17:40","modified_gmt":"2026-03-04T19:17:40","slug":"individual-wrap-christmas-collection-2","status":"publish","type":"product","link":"https:\/\/planbee.lt\/lt\/product\/individual-wrap-christmas-collection-2","title":{"rendered":"Pavien\u0117 drobel\u0117 (Kal\u0117d\u0173 kolekcija 2)"},"content":{"rendered":"<p><strong>Instrukcija:<\/strong><\/p>\n<ul>\n<li>U\u017esandarinkite rank\u0173 \u0161iluma;<\/li>\n<li>Nevyniokite \u017ealios \u017euvies ar m\u0117sos ir jos gamini\u0173. Gali atsirasti nemalonus kvapas;<\/li>\n<li>Ned\u0117kite \u012f mikrobang\u0173 krosnel\u0119;<\/li>\n<li>Nepjaustykite maisto ant bi\u010di\u0173 va\u0161ko drobel\u0117s;<\/li>\n<li>Drobel\u0119 laikykite virtuv\u0117s stal\u010diuje, atokiai nuo kar\u0161\u010dio ir kar\u0161t\u0173 pavir\u0161i\u0173;<\/li>\n<\/ul>","protected":false},"excerpt":{"rendered":"<p>M\u016bs\u0173 rank\u0173 darbo bi\u010di\u0173 va\u0161ko drobel\u0117s yra gamtai draugi\u0161ka alternatyva plastikinei maistinei pl\u0117velei, kuri skirta maistui \u012fvynioti.<\/p>\n<p>Puikiai tinka \u012fvynioti sumu\u0161tin\u012f, pus\u0119 avokado ar citrinos, kop\u016bst\u0105, duon\u0105 ar u\u017edengti duben\u0117l\u012f. Kiekviena va\u0161ko drobel\u0117 yra rank\u0173 darbo ir pagaminta m\u016bs\u0173 nedidel\u0117je dirbtuv\u0117je, esan\u010dioje netoli m\u016bs\u0173 laikom\u0173 bei pri\u017ei\u016brim\u0173 bi\u010di\u0173 avili\u0173.<\/p>\n<p>Drobeli\u0173 gamybai naudojame savo bi\u010di\u0173 va\u0161k\u0105 ir kit\u0173, \u0160akiuose bitininkaujan\u010di\u0173 vietini\u0173 bitinink\u0173 va\u0161k\u0105. Taip pat, gamybai naudojame pu\u0161\u0173 sakus ir OEKO-TEX\u00ae sertifikuot\u0105 medviln\u0119.<\/p>\n<p>D\u0117mesio: drobel\u0117 bus \u012fpakuota \u012f popierin\u012f mai\u0161el\u012f.<\/p>","protected":false},"featured_media":1421,"template":"","meta":{"neve_meta_sidebar":"","neve_meta_container":"","neve_meta_enable_content_width":"off","neve_meta_content_width":100,"neve_meta_title_alignment":"","neve_meta_author_avatar":"","neve_post_elements_order":"","neve_meta_disable_header":"","neve_meta_disable_footer":"","neve_meta_disable_title":"","_themeisle_gutenberg_block_has_review":false},"product_brand":[],"product_cat":[24],"product_tag":[],"class_list":{"0":"post-2051","1":"product","2":"type-product","3":"status-publish","4":"has-post-thumbnail","6":"product_cat-individual-wraps","8":"first","9":"outofstock","10":"shipping-taxable","11":"product-type-variable"},"jetpack_sharing_enabled":true,"_links":{"self":[{"href":"https:\/\/planbee.lt\/lt\/wp-json\/wp\/v2\/product\/2051","targetHints":{"allow":["GET"]}}],"collection":[{"href":"https:\/\/planbee.lt\/lt\/wp-json\/wp\/v2\/product"}],"about":[{"href":"https:\/\/planbee.lt\/lt\/wp-json\/wp\/v2\/types\/product"}],"wp:featuredmedia":[{"embeddable":true,"href":"https:\/\/planbee.lt\/lt\/wp-json\/wp\/v2\/media\/1421"}],"wp:attachment":[{"href":"https:\/\/planbee.lt\/lt\/wp-json\/wp\/v2\/media?parent=2051"}],"wp:term":[{"taxonomy":"product_brand","embeddable":true,"href":"https:\/\/planbee.lt\/lt\/wp-json\/wp\/v2\/product_brand?post=2051"},{"taxonomy":"product_cat","embeddable":true,"href":"https:\/\/planbee.lt\/lt\/wp-json\/wp\/v2\/product_cat?post=2051"},{"taxonomy":"product_tag","embeddable":true,"href":"https:\/\/planbee.lt\/lt\/wp-json\/wp\/v2\/product_tag?post=2051"}],"curies":[{"name":"wp","href":"https:\/\/api.w.org\/{rel}","templated":true}]}}