{"id":1578,"date":"2023-04-28T10:16:40","date_gmt":"2023-04-28T08:16:40","guid":{"rendered":"https:\/\/planbee.lt\/?post_type=product&#038;p=1578"},"modified":"2024-07-14T21:04:04","modified_gmt":"2024-07-14T19:04:04","slug":"sumustiniu-drobeles","status":"publish","type":"product","link":"https:\/\/planbee.lt\/lt\/product\/sandwich-wraps","title":{"rendered":"Sumu\u0161tini\u0173 drobel\u0117s"},"content":{"rendered":"<p>Ar jau ir Jums pabodo \u012f plastik\u0105 supakuoti piet\u016bs ir norite i\u0161m\u0117ginti ekologi\u0161kesnius \u012fpakavimus?<br \/>\nMes suk\u016br\u0117me drobeles, kurios yra daugkartinio naudojimo ir kurios puikiai atliks \u012fprastin\u0117s plastikin\u0117s pl\u0117vel\u0117s funkcij\u0105. Drobel\u0117 su sagute bei si\u016blu tvirtai suri\u0161 sumu\u0161tin\u012f ir neleis i\u0161byr\u0117ti jo turiniui.<br \/>\nTiesiog pad\u0117kite sumu\u0161tin\u012f \u012f drobel\u0117s centr\u0105.  Sulenkite drobel\u0117s kampus ir apvyniokite si\u016bl\u0105 aplink sag\u0105. Kai ateis laikas pietums, tiesiog i\u0161pakuokite.<\/p>\n<p>P.S. taip pat \u012f \u0161ias drobeles puikiai galite vynioti s\u016br\u012f, agurkus, citrinas ir k\u0105 tik sugalvojate :)<\/p>\n<p><strong>Pakuot\u0119 sudaro dviej\u0173 dyd\u017ei\u0173 drobel\u0117s:<\/strong><\/p>\n<ul>\n<li>M \u2013 28 cm x 28 cm<\/li>\n<li>L \u2013 35 cm x 35 cm<\/li>\n<\/ul>","protected":false},"excerpt":{"rendered":"<p>Daugkartinio naudojimo nat\u016brali alternatyva plastikin\u0117ms pl\u0117vel\u0117ms ir sumu\u0161tini\u0173 mai\u0161eliams \u2013 sumu\u0161tini\u0173 drobel\u0117!<\/p>\n<p><strong>Pakuot\u0119 sudaro dviej\u0173 dyd\u017ei\u0173 drobel\u0117s:<\/strong><\/p>\n<ul>\n<li>M \u2013 28 cm x 28 cm<\/li>\n<li>L \u2013 35 cm x 35 cm<\/li>\n<\/ul>","protected":false},"featured_media":1579,"template":"","meta":{"neve_meta_sidebar":"","neve_meta_container":"","neve_meta_enable_content_width":"off","neve_meta_content_width":100,"neve_meta_title_alignment":"","neve_meta_author_avatar":"","neve_post_elements_order":"","neve_meta_disable_header":"","neve_meta_disable_footer":"","neve_meta_disable_title":"","_themeisle_gutenberg_block_has_review":false},"product_brand":[],"product_cat":[39],"product_tag":[],"class_list":{"0":"post-1578","1":"product","2":"type-product","3":"status-publish","4":"has-post-thumbnail","6":"product_cat-wraps","8":"first","9":"outofstock","10":"sale","11":"shipping-taxable","12":"purchasable","13":"product-type-simple"},"jetpack_sharing_enabled":true,"_links":{"self":[{"href":"https:\/\/planbee.lt\/lt\/wp-json\/wp\/v2\/product\/1578","targetHints":{"allow":["GET"]}}],"collection":[{"href":"https:\/\/planbee.lt\/lt\/wp-json\/wp\/v2\/product"}],"about":[{"href":"https:\/\/planbee.lt\/lt\/wp-json\/wp\/v2\/types\/product"}],"wp:featuredmedia":[{"embeddable":true,"href":"https:\/\/planbee.lt\/lt\/wp-json\/wp\/v2\/media\/1579"}],"wp:attachment":[{"href":"https:\/\/planbee.lt\/lt\/wp-json\/wp\/v2\/media?parent=1578"}],"wp:term":[{"taxonomy":"product_brand","embeddable":true,"href":"https:\/\/planbee.lt\/lt\/wp-json\/wp\/v2\/product_brand?post=1578"},{"taxonomy":"product_cat","embeddable":true,"href":"https:\/\/planbee.lt\/lt\/wp-json\/wp\/v2\/product_cat?post=1578"},{"taxonomy":"product_tag","embeddable":true,"href":"https:\/\/planbee.lt\/lt\/wp-json\/wp\/v2\/product_tag?post=1578"}],"curies":[{"name":"wp","href":"https:\/\/api.w.org\/{rel}","templated":true}]}}