{"id":1571,"date":"2023-04-07T12:43:07","date_gmt":"2023-04-07T10:43:07","guid":{"rendered":"https:\/\/planbee.lt\/?post_type=product&#038;p=1571"},"modified":"2025-09-26T12:09:54","modified_gmt":"2025-09-26T10:09:54","slug":"klasikines-biciu-vasko-zvakes","status":"publish","type":"product","link":"https:\/\/planbee.lt\/lt\/product\/classic-beeswax-candles","title":{"rendered":"Klasikin\u0117 bi\u010di\u0173 va\u0161ko \u017evak\u0117"},"content":{"rendered":"<p>\u0160ios plonos nat\u016bralaus bi\u010di\u0173 va\u0161ko \u017evak\u0117s yra rank\u0173 darbo, pagamintos su meile Lietuvoje, \u0160akiuose, i\u0161 m\u016bs\u0173 pa\u010di\u0173 \u0161eimos bi\u010di\u0173 va\u0161ko. \n\u017dvak\u0117s yra nat\u016bralios, netoksi\u0161kos, neprid\u0117ta dirbtini\u0173 spalv\u0173 ar kvap\u0173. \n\u017dvak\u0117s dagtis pagaminta i\u0161 100% medviln\u0117s, be kvapi\u0173j\u0173 med\u017eiag\u0173. \nBi\u010di\u0173 va\u0161ko, kaip nat\u016bralios med\u017eiagos tonai gali skirtis nuo ry\u0161kiai geltonos iki tamsesni\u0173 geltonos\/sm\u0117lio spalvos. \n\u017dvak\u0117s taip pat gali pakeisti savo atspalv\u012f laikui b\u0117gant, jas laikant ant tiesiogini\u0173 saul\u0117s spinduli\u0173 arba \u0161altoje ir dr\u0117gnoje aplinkoje.<\/p>\n<p>Tinka \u017emon\u0117ms su alergijomis ar astma.<\/p>","protected":false},"excerpt":{"rendered":"<ul>\n<li>Viena bi\u010di\u0173 va\u0161ko \u017evak\u0117 dega iki 5 valand\u0173;<\/li>\n<li>Pagaminta i\u0161 100 % bi\u010di\u0173 va\u0161ko ir 100 % medviln\u0117s dagties;<\/li>\n<li>24 cm ilgio, 2,2 cm diametro ties pagrindu;<\/li>\n<li>Viena \u017evak\u0117 sveria 45 gramus.<\/li>\n<\/ul>\n<p><strong>D\u0117mesio:<\/strong> 3 Eur \u2013 vienos \u017evak\u0117s kaina.<\/p>","protected":false},"featured_media":1573,"template":"","meta":{"neve_meta_sidebar":"","neve_meta_container":"","neve_meta_enable_content_width":"off","neve_meta_content_width":100,"neve_meta_title_alignment":"","neve_meta_author_avatar":"","neve_post_elements_order":"","neve_meta_disable_header":"","neve_meta_disable_footer":"","neve_meta_disable_title":"","_themeisle_gutenberg_block_has_review":false},"product_brand":[],"product_cat":[38],"product_tag":[],"class_list":{"0":"post-1571","1":"product","2":"type-product","3":"status-publish","4":"has-post-thumbnail","6":"product_cat-beeswax-candles","8":"first","9":"instock","10":"shipping-taxable","11":"purchasable","12":"product-type-simple"},"jetpack_sharing_enabled":true,"_links":{"self":[{"href":"https:\/\/planbee.lt\/lt\/wp-json\/wp\/v2\/product\/1571","targetHints":{"allow":["GET"]}}],"collection":[{"href":"https:\/\/planbee.lt\/lt\/wp-json\/wp\/v2\/product"}],"about":[{"href":"https:\/\/planbee.lt\/lt\/wp-json\/wp\/v2\/types\/product"}],"wp:featuredmedia":[{"embeddable":true,"href":"https:\/\/planbee.lt\/lt\/wp-json\/wp\/v2\/media\/1573"}],"wp:attachment":[{"href":"https:\/\/planbee.lt\/lt\/wp-json\/wp\/v2\/media?parent=1571"}],"wp:term":[{"taxonomy":"product_brand","embeddable":true,"href":"https:\/\/planbee.lt\/lt\/wp-json\/wp\/v2\/product_brand?post=1571"},{"taxonomy":"product_cat","embeddable":true,"href":"https:\/\/planbee.lt\/lt\/wp-json\/wp\/v2\/product_cat?post=1571"},{"taxonomy":"product_tag","embeddable":true,"href":"https:\/\/planbee.lt\/lt\/wp-json\/wp\/v2\/product_tag?post=1571"}],"curies":[{"name":"wp","href":"https:\/\/api.w.org\/{rel}","templated":true}]}}