{"id":1331,"date":"2022-04-12T14:52:45","date_gmt":"2022-04-12T12:52:45","guid":{"rendered":"https:\/\/planbee.lt\/?post_type=product&#038;p=1331"},"modified":"2025-11-19T17:48:13","modified_gmt":"2025-11-19T15:48:13","slug":"triju-dydziu-rinkinukas-levandu-vonia","status":"publish","type":"product","link":"https:\/\/planbee.lt\/lt\/product\/set-of-three-wraps-lavender-bath","title":{"rendered":"3 dyd\u017ei\u0173 rinkinukas (Levand\u0173 vonia)"},"content":{"rendered":"<p>\u0160tai m\u016bs\u0173 3 dyd\u017ei\u0173 rinkinukas \u2013 Levand\u0173 vonia!<\/p>\n<p>M\u016bs\u0173 rank\u0173 darbo bi\u010di\u0173 va\u0161ko drobel\u0117s yra gamtai draugi\u0161ka alternatyva plastikinei maistinei pl\u0117velei, kuri skirta maistui \u012fvynioti.<\/p>\n<p>Puikiai tinka \u012fvynioti sumu\u0161tin\u012f, pus\u0119 avokado ar citrinos, kop\u016bst\u0105, duon\u0105 ar u\u017edengti duben\u0117l\u012f. Kiekviena va\u0161ko drobel\u0117 yra rank\u0173 darbo ir pagaminta m\u016bs\u0173 nedidel\u0117je dirbtuv\u0117je, esan\u010dioje netoli m\u016bs\u0173 laikom\u0173 bei pri\u017ei\u016brim\u0173 bi\u010di\u0173 avili\u0173.<\/p>\n<p class=\"aLF-aPX-K0-aPE\">Vienoje pakuot\u0117je yra trij\u0173 skirting\u0173 dyd\u017ei\u0173 drobeli\u0173 rinkinys:<\/p>\n<ul>\n<li class=\"aLF-aPX-K0-aPE\">S (20 x 20 cm)<\/li>\n<li class=\"aLF-aPX-K0-aPE\">M (28 x 28 cm)<\/li>\n<li class=\"aLF-aPX-K0-aPE\">L (35 \u00d7 35 cm)<\/li>\n<\/ul>\n<p>&nbsp;<\/p>\n<p><strong>Instrukcija:<\/strong><\/p>\n<ul>\n<li>U\u017esandarinkite rank\u0173 \u0161iluma;<\/li>\n<li>Nevyniokite \u017ealios \u017euvies ar m\u0117sos ir jos gamini\u0173. Gali atsirasti nemalonus kvapas;<\/li>\n<li>Ned\u0117kite \u012f mikrobang\u0173 krosnel\u0119;<\/li>\n<li>Nepjaustykite maisto ant bi\u010di\u0173 va\u0161ko drobel\u0117s;<\/li>\n<li>Drobel\u0119 laikykite virtuv\u0117s stal\u010diuje, atokiai nuo kar\u0161\u010dio ir kar\u0161t\u0173 pavir\u0161i\u0173;<\/li>\n<\/ul>\n<p>&nbsp;<\/p>\n<p class=\"aLF-aPX-K0-aPE\">Drobeli\u0173 gamybai naudojame savo bi\u010di\u0173 va\u0161k\u0105 ir kit\u0173, \u0160akiuose bitininkaujan\u010di\u0173 vietini\u0173 bitinink\u0173 va\u0161k\u0105. Taip pat, gamybai naudojame pu\u0161\u0173 sakus ir OEKO-TEX\u00ae sertifikuot\u0105 medviln\u0119.<\/p>\n<p><img loading=\"lazy\" decoding=\"async\" class=\"wp-image-1739 size-thumbnail alignleft\" src=\"https:\/\/planbee.lt\/wp-content\/uploads\/2023\/07\/KilnusTikslai_Transparent-150x150.png\" alt=\"\" width=\"150\" height=\"150\" srcset=\"https:\/\/planbee.lt\/wp-content\/uploads\/2023\/07\/KilnusTikslai_Transparent-150x150.png 150w, https:\/\/planbee.lt\/wp-content\/uploads\/2023\/07\/KilnusTikslai_Transparent-300x300.png 300w, https:\/\/planbee.lt\/wp-content\/uploads\/2023\/07\/KilnusTikslai_Transparent-12x12.png 12w, https:\/\/planbee.lt\/wp-content\/uploads\/2023\/07\/KilnusTikslai_Transparent-100x100.png 100w, https:\/\/planbee.lt\/wp-content\/uploads\/2023\/07\/KilnusTikslai_Transparent.png 327w\" sizes=\"auto, (max-width: 150px) 100vw, 150px\" \/><\/p>\n<p>&nbsp;<\/p>\n<p>&nbsp;<\/p>\n<p><a href=\"https:\/\/planbee.lt\/lt\/kilnus-tikslai\/\">1% vis\u0173 pardavim\u0173 skiriame \u201eThe Ocean Cleanup\u201c.<\/a><\/p>\n<p><a href=\"https:\/\/theoceancleanup.com\/\" target=\"_blank\" rel=\"noopener\">Daugiau informacijos apie The Ocean Cleanup<\/a><\/p>\n<p>&nbsp;<\/p>\n<h3><strong>Kaip plauti?<img loading=\"lazy\" decoding=\"async\" class=\"wp-image-1379 alignright\" src=\"https:\/\/planbee.lt\/wp-content\/uploads\/2022\/04\/DSC_7314-Edit-200x300.jpg\" alt=\"\" width=\"165\" height=\"248\" srcset=\"https:\/\/planbee.lt\/wp-content\/uploads\/2022\/04\/DSC_7314-Edit-200x300.jpg 200w, https:\/\/planbee.lt\/wp-content\/uploads\/2022\/04\/DSC_7314-Edit-684x1024.jpg 684w, https:\/\/planbee.lt\/wp-content\/uploads\/2022\/04\/DSC_7314-Edit-768x1150.jpg 768w, https:\/\/planbee.lt\/wp-content\/uploads\/2022\/04\/DSC_7314-Edit-1025x1536.jpg 1025w, https:\/\/planbee.lt\/wp-content\/uploads\/2022\/04\/DSC_7314-Edit-1367x2048.jpg 1367w, https:\/\/planbee.lt\/wp-content\/uploads\/2022\/04\/DSC_7314-Edit-8x12.jpg 8w, https:\/\/planbee.lt\/wp-content\/uploads\/2022\/04\/DSC_7314-Edit-600x899.jpg 600w, https:\/\/planbee.lt\/wp-content\/uploads\/2022\/04\/DSC_7314-Edit-scaled.jpg 1709w\" sizes=\"auto, (max-width: 165px) 100vw, 165px\" \/><br \/>\n<\/strong><\/h3>\n<p class=\"aLF-aPX-K0-aPE\"><strong>Mes rekomenduojame i\u0161sitepusias drobeles plauti rankomis \u0161altu vandeniu,<\/strong>mink\u0161ta kempin\u0117le, o esant poreikiui - \u0161velniu ind\u0173 plovikliu ir palikti i\u0161d\u017ei\u016bti nat\u016braliai ind\u0173 d\u017eiovykl\u0117je.  Reguliariai naudojant ir tinkamai pri\u017ei\u016brint, bi\u010di\u0173 va\u0161ko drobel\u0117s gali b\u016bti naudojamos i\u0161tisus metus. Venkite kar\u0161\u010dio ir kar\u0161to vandens, nes bi\u010di\u0173 va\u0161ko lydymosi temperat\u016bra yra \u017eema.<\/p>\n<p>&nbsp;<\/p>\n<h3><strong>Atnaujinkite<br \/>\n<\/strong><\/h3>\n<p class=\"aLF-aPX-K0-aPE\">Mes stengiam\u0117s b\u016bti kuo labiau draugi\u0161kesni aplinkai. <strong>Kai bi\u010di\u0173 va\u0161ko drobel\u0117 pradeda prarasti lipnum\u0105, galite j\u0105 atnaujinti patys naudodami m\u016bs\u0173 pagamint\u0105 bi\u010di\u0173 va\u0161ko gabal\u0117l\u012f,<\/strong>, sukarpyti juostel\u0117mis ir kompostuoti arba naudoti jas prakuroms.<\/p>\n<p><img loading=\"lazy\" decoding=\"async\" class=\"wp-image-1236 alignright\" src=\"https:\/\/planbee.lt\/wp-content\/uploads\/2021\/11\/image-6-300x225.jpg\" alt=\"\" width=\"185\" height=\"139\" srcset=\"https:\/\/planbee.lt\/wp-content\/uploads\/2021\/11\/image-6-300x225.jpg 300w, https:\/\/planbee.lt\/wp-content\/uploads\/2021\/11\/image-6-1024x768.jpg 1024w, https:\/\/planbee.lt\/wp-content\/uploads\/2021\/11\/image-6-768x576.jpg 768w, https:\/\/planbee.lt\/wp-content\/uploads\/2021\/11\/image-6-1536x1152.jpg 1536w, https:\/\/planbee.lt\/wp-content\/uploads\/2021\/11\/image-6-2048x1536.jpg 2048w, https:\/\/planbee.lt\/wp-content\/uploads\/2021\/11\/image-6-16x12.jpg 16w, https:\/\/planbee.lt\/wp-content\/uploads\/2021\/11\/image-6-600x450.jpg 600w\" sizes=\"auto, (max-width: 185px) 100vw, 185px\" \/><\/p>\n<p>&nbsp;<\/p>\n<p>&nbsp;<\/p>\n<ul>\n<li><b>Atnaujinkite mai\u0161el\u012f naudodami orkait\u0119<\/b> - \u012fkaitinkite orkait\u0119 iki 140\u00b0C. Pad\u0117kite susid\u0117v\u0117jusi\u0105 bi\u010di\u0173 drobel\u0119 ant kepimo popieriaus ir ant vir\u0161aus virtuvine tarka patarkuokite bi\u010di\u0173 va\u0161ko gabal\u0117lio. Sutarkuot\u0105 va\u0161k\u0105 paskleiskite ant drobel\u0117s vir\u0161aus ir \u012fd\u0117kite \u012f orkait\u0119 ma\u017edaug 3-5 minut\u0117ms, kol va\u0161kas i\u0161silydys. Paimkite u\u017e kamp\u0173 ir leiskite i\u0161d\u017ei\u016bti apie 30 sekund\u017ei\u0173. P.S. Tark\u0105 galite nuplauti kar\u0161tu\/verdan\u010diu vandeniu ir nuvalyti seno audinio gabal\u0117liu arba popieriniu rank\u0161luos\u010diu.<\/li>\n<\/ul>\n<p>&nbsp;<\/p>\n<ul>\n<li><b>Atnaujinkite mai\u0161el\u012f lygintuvu<\/b> \u2013 b\u016btent taip mes prad\u0117jome eksperimentuoti su pirmosiomis bi\u010di\u0173 va\u0161ko drobel\u0117mis! I\u0161klokite sen\u0105 bi\u010di\u0173 va\u0161ko drobel\u0119 ant kepimo popieriaus ir ant vir\u0161aus virtuvine tarka patarkuokite bi\u010di\u0173 va\u0161ko gabal\u0117lio. U\u017ed\u0117kite dar vien\u0105 kepimo popieriaus lak\u0161t\u0105. Sluoksniuokite kaip sumu\u0161tin\u012f :). \u012ekaitinkite lygintuv\u0105 iki maksimumo ir lyginkite drobel\u0119 i\u0161 vir\u0161aus. Leiskite va\u0161kui i\u0161tirpti ir paskirstykite j\u012f per vis\u0105 drobel\u0119. Nuimkite vir\u0161utin\u012f kepimo popieriaus lak\u0161t\u0105, paimkite va\u0161ku \u012fsig\u0117rusi\u0105 drobel\u0119 u\u017e kamp\u0173 ir leiskite i\u0161d\u017ei\u016bti apie 30 sekund\u017ei\u0173.<\/li>\n<\/ul>\n<p>&nbsp;<\/p>\n<p>&nbsp;<\/p>\n<p>&nbsp;<\/p>","protected":false},"excerpt":{"rendered":"<p><strong>Rinkinys susideda i\u0161 3 skirting\u0173 dyd\u017ei\u0173 drobeli\u0173: S (20 x 20 cm) M (28 x 28 cm) L (35\u00d735 cm)<\/strong><\/p>","protected":false},"featured_media":1540,"template":"","meta":{"neve_meta_sidebar":"","neve_meta_container":"","neve_meta_enable_content_width":"off","neve_meta_content_width":100,"neve_meta_title_alignment":"","neve_meta_author_avatar":"","neve_post_elements_order":"","neve_meta_disable_header":"","neve_meta_disable_footer":"","neve_meta_disable_title":"","_themeisle_gutenberg_block_has_review":false},"product_brand":[],"product_cat":[39,23],"product_tag":[],"class_list":{"0":"post-1331","1":"product","2":"type-product","3":"status-publish","4":"has-post-thumbnail","6":"product_cat-wraps","7":"product_cat-sets","9":"first","10":"outofstock","11":"shipping-taxable","12":"purchasable","13":"product-type-variable","14":"has-default-attributes"},"jetpack_sharing_enabled":true,"_links":{"self":[{"href":"https:\/\/planbee.lt\/lt\/wp-json\/wp\/v2\/product\/1331","targetHints":{"allow":["GET"]}}],"collection":[{"href":"https:\/\/planbee.lt\/lt\/wp-json\/wp\/v2\/product"}],"about":[{"href":"https:\/\/planbee.lt\/lt\/wp-json\/wp\/v2\/types\/product"}],"wp:featuredmedia":[{"embeddable":true,"href":"https:\/\/planbee.lt\/lt\/wp-json\/wp\/v2\/media\/1540"}],"wp:attachment":[{"href":"https:\/\/planbee.lt\/lt\/wp-json\/wp\/v2\/media?parent=1331"}],"wp:term":[{"taxonomy":"product_brand","embeddable":true,"href":"https:\/\/planbee.lt\/lt\/wp-json\/wp\/v2\/product_brand?post=1331"},{"taxonomy":"product_cat","embeddable":true,"href":"https:\/\/planbee.lt\/lt\/wp-json\/wp\/v2\/product_cat?post=1331"},{"taxonomy":"product_tag","embeddable":true,"href":"https:\/\/planbee.lt\/lt\/wp-json\/wp\/v2\/product_tag?post=1331"}],"curies":[{"name":"wp","href":"https:\/\/api.w.org\/{rel}","templated":true}]}}