{"id":1233,"date":"2021-11-15T21:00:17","date_gmt":"2021-11-15T19:00:17","guid":{"rendered":"https:\/\/planbee.lt\/?post_type=product&#038;p=1233"},"modified":"2025-10-19T18:30:11","modified_gmt":"2025-10-19T16:30:11","slug":"gabalelis-skirtas-atnaujinti-sena-drobele","status":"publish","type":"product","link":"https:\/\/planbee.lt\/lt\/product\/beeswax-refresher-bar","title":{"rendered":"Bi\u010di\u0173 va\u0161ko ir pu\u0161\u0173 sak\u0173 gabal\u0117lis, skirtas atnaujinti senas drobeles"},"content":{"rendered":"<p><strong>Ingridientai:<\/strong><\/p>\n<ul>\n<li>80 % planBee bi\u010di\u0173 va\u0161ko;<\/li>\n<li>20 % pu\u0161\u0173 sak\u0173.<\/li>\n<\/ul>\n<p><span class=\"VIiyi\" lang=\"en\"><span class=\"JLqJ4b ChMk0b\" data-language-for-alternatives=\"en\" data-language-to-translate-into=\"lt\" data-phrase-index=\"13\" data-number-of-phrases=\"19\"><span class=\"Q4iAWc\">Instrukcijos prie va\u0161ko gabal\u0117lio prid\u0117tos.<\/span><\/span><\/span><\/p>","protected":false},"excerpt":{"rendered":"<p>Va\u0161ko ir pu\u0161\u0173 sak\u0173 gabal\u0117lis gali suteikti j\u016bs\u0173 drobelei antr\u0105 (o gal  ir tre\u010di\u0105) gyvenim\u0105. Nesvarbu, ar naudojate drobel\u0119 metus laiko ir j\u0105 i\u0161 naujo reikia at\u0161vie\u017einti, ar nety\u010dia i\u0161plov\u0117te kar\u0161tame vandenyje ir va\u0161kas nuo drobel\u0117s tiesiog nub\u0117go.<\/p>\n<p>The bar is 40 grams in size, and this amount is enough to renew a set of three sizes of beeswax wraps (S, M, and L).<\/p>","protected":false},"featured_media":1235,"template":"","meta":{"neve_meta_sidebar":"","neve_meta_container":"","neve_meta_enable_content_width":"off","neve_meta_content_width":100,"neve_meta_title_alignment":"","neve_meta_author_avatar":"","neve_post_elements_order":"","neve_meta_disable_header":"","neve_meta_disable_footer":"","neve_meta_disable_title":"","_themeisle_gutenberg_block_has_review":false},"product_brand":[],"product_cat":[39],"product_tag":[],"class_list":{"0":"post-1233","1":"product","2":"type-product","3":"status-publish","4":"has-post-thumbnail","6":"product_cat-wraps","8":"first","9":"instock","10":"shipping-taxable","11":"purchasable","12":"product-type-simple"},"jetpack_sharing_enabled":true,"_links":{"self":[{"href":"https:\/\/planbee.lt\/lt\/wp-json\/wp\/v2\/product\/1233","targetHints":{"allow":["GET"]}}],"collection":[{"href":"https:\/\/planbee.lt\/lt\/wp-json\/wp\/v2\/product"}],"about":[{"href":"https:\/\/planbee.lt\/lt\/wp-json\/wp\/v2\/types\/product"}],"wp:featuredmedia":[{"embeddable":true,"href":"https:\/\/planbee.lt\/lt\/wp-json\/wp\/v2\/media\/1235"}],"wp:attachment":[{"href":"https:\/\/planbee.lt\/lt\/wp-json\/wp\/v2\/media?parent=1233"}],"wp:term":[{"taxonomy":"product_brand","embeddable":true,"href":"https:\/\/planbee.lt\/lt\/wp-json\/wp\/v2\/product_brand?post=1233"},{"taxonomy":"product_cat","embeddable":true,"href":"https:\/\/planbee.lt\/lt\/wp-json\/wp\/v2\/product_cat?post=1233"},{"taxonomy":"product_tag","embeddable":true,"href":"https:\/\/planbee.lt\/lt\/wp-json\/wp\/v2\/product_tag?post=1233"}],"curies":[{"name":"wp","href":"https:\/\/api.w.org\/{rel}","templated":true}]}}