{"id":532,"date":"2020-12-29T12:45:13","date_gmt":"2020-12-29T12:45:13","guid":{"rendered":"https:\/\/planbee.lt\/?page_id=532"},"modified":"2023-12-18T16:17:16","modified_gmt":"2023-12-18T14:17:16","slug":"siuntimas-ir-grazinimas","status":"publish","type":"page","link":"https:\/\/planbee.lt\/lt\/terms-conditions","title":{"rendered":"Siuntimas ir gr\u0105\u017einimas"},"content":{"rendered":"<div class=\"wp-block-cover alignfull is-light\" style=\"min-height:300px;aspect-ratio:unset;\"><span aria-hidden=\"true\" class=\"wp-block-cover__background has-background-dim\"><\/span><img loading=\"lazy\" decoding=\"async\" width=\"1200\" height=\"1600\" class=\"wp-block-cover__image-background wp-image-351\" alt=\"\" src=\"https:\/\/planbee.lt\/wp-content\/uploads\/2020\/12\/97fa87f1-6776-488a-b142-494e5bcf9cd5.jpg\" style=\"object-position:50% 50%\" data-object-fit=\"cover\" data-object-position=\"50% 50%\" srcset=\"https:\/\/planbee.lt\/wp-content\/uploads\/2020\/12\/97fa87f1-6776-488a-b142-494e5bcf9cd5.jpg 1200w, https:\/\/planbee.lt\/wp-content\/uploads\/2020\/12\/97fa87f1-6776-488a-b142-494e5bcf9cd5-600x800.jpg 600w, https:\/\/planbee.lt\/wp-content\/uploads\/2020\/12\/97fa87f1-6776-488a-b142-494e5bcf9cd5-225x300.jpg 225w, https:\/\/planbee.lt\/wp-content\/uploads\/2020\/12\/97fa87f1-6776-488a-b142-494e5bcf9cd5-768x1024.jpg 768w, https:\/\/planbee.lt\/wp-content\/uploads\/2020\/12\/97fa87f1-6776-488a-b142-494e5bcf9cd5-1152x1536.jpg 1152w\" sizes=\"auto, (max-width: 1200px) 100vw, 1200px\" \/><div class=\"wp-block-cover__inner-container is-layout-flow wp-block-cover-is-layout-flow\">\n<h1 class=\"wp-block-heading has-text-align-center has-huge-font-size\"><mark style=\"background-color:rgba(0, 0, 0, 0)\" class=\"has-inline-color has-nv-text-dark-bg-color\">Siuntimas ir gr\u0105\u017einimas<\/mark><\/h1>\n<\/div><\/div>\n\n\n\n<div style=\"height:50px\" aria-hidden=\"true\" class=\"wp-block-spacer\"><\/div>\n\n\n\n<h4 class=\"wp-block-heading\">Priemon\u0117s, u\u017ekertan\u010dios keli\u0105 infekcijai COVID-19<\/h4>\n\n\n\n<p>Visais gamybos proceso etapais laikom\u0117s auk\u0161\u010diausi\u0173 higienos standart\u0173. Be to, gamyboje dalyvauja tik tie \u017emon\u0117ms, kuri\u0173 sveikata yra be infekcijos simptom\u0173. Ta\u010diau, nor\u0117dami u\u017etikrinti J\u016bs\u0173 saugum\u0105, rekomenduojame dezinfekuoti pakuot\u0119 po pristatymo pakuot\u0119 ir kruop\u0161\u010diai nusiplauti rankas.&nbsp;<\/p>\n\n\n\n<p>Kad i\u0161vengtum\u0117te tiesioginio kontakto, rekomenduojame pristatymui naudoti siunt\u0173 terminalus-pa\u0161tomatus, nes jie veikia vis\u0105 par\u0105 ir yra taip pat reguliariai dezinfekuojami. Siun\u010diant \u012f kitas \u0161alis nei \u012f Lietuva, siunta gali v\u0117luoti.<\/p>\n\n\n\n<h4 class=\"wp-block-heading\">Vartotojo registracija ir apmok\u0117jimas<\/h4>\n\n\n\n<p>Jei norite i\u0161saugoti savo vartotojo informacij\u0105 ir matyti savo u\u017esakym\u0173 istorij\u0105, galite taip pat u\u017esiregistruoti m\u016bs\u0173 svetain\u0117je. Ta\u010diau taip pat, u\u017esakym\u0105 galima atlikti neu\u017esiregistravus. Tuomet, tur\u0117site u\u017epildyti vis\u0105 pristatymui reikaling\u0105 informacij\u0105.<\/p>\n\n\n\n<p>Siuntimo kaina gali kisti priklausomai nuo to, \u012f kuri\u0105 \u0161al\u012f bus pristatomas J\u016bs\u0173 u\u017esakymas. Pristatome \u012f ES \u0161alis ir \u012f pasirinktas netoliese esan\u010dias \u0161alis. Jei gyvenate u\u017e ES rib\u0173 ir u\u017esakymo metu J\u016bs\u0173 \u0161alis yra atmesta, susisiekite el. pa\u0161tu:&nbsp;<a href=\"mailto:info@planbee.lt\" data-type=\"mailto\" data-id=\"mailto:info@planbeewraps.com\">info@planbee.lt<\/a>.<\/p>\n\n\n\n<p>Visi mok\u0117jimai atliekami per \u201ePaysera\u201c, \u201eStripe\u201c arba \"PayPal\" svetain\u0119. Mok\u0117jimo parinktys gali priklausyti nuo J\u016bs\u0173 vietov\u0117s.&nbsp;<a href=\"https:\/\/www.paysera.lt\/v2\/en-LT\/index\" target=\"_blank\" rel=\"noreferrer noopener\">Paysera<\/a>,&nbsp;<a href=\"http:\/\/www.stripe.com\/\" target=\"_blank\" rel=\"noreferrer noopener\">Stripe<\/a>,&nbsp;or&nbsp;<a href=\"http:\/\/www.paypal.com\" target=\"_blank\" rel=\"noreferrer noopener\">Paypal<\/a>&nbsp;svetain\u0119. Mok\u0117jimo parinktys gali priklausyti nuo J\u016bs\u0173 vietov\u0117s.&nbsp;<\/p>\n\n\n\n<p>J\u016bs gausite elektronin\u012f u\u017esakymo patvirtinim\u0105, o kai gausime J\u016bs\u0173 mok\u0117jimo kvit\u0105, u\u017esakymas bus apdorotas.<\/p>\n\n\n\n<h4 class=\"wp-block-heading\"><strong>Siuntimas ir pristatymas<\/strong>&nbsp;<\/h4>\n\n\n\n<p>Kai tik gausime J\u016bs\u0173 operacijos kvit\u0105, mes apdorosime u\u017esakym\u0105. Mes pristatysime J\u016bs\u0173 \u012fsigytas prekes per trumpiausi\u0105 \u012fmanom\u0105 laik\u0105. Pristatymo laikas taip pat priklauso nuo kurjerio ir mes negalime b\u016bti atsakingi u\u017e v\u0117lavim\u0105 d\u0117l kurjerio darbo.<\/p>\n\n\n\n<h4 class=\"wp-block-heading\">Pristatymo b\u016bdai<\/h4>\n\n\n\n<p>Preki\u0173 pristatymui \u012f Lietuv\u0105 naudojame siunt\u0173 terminalus. Pristatydami siunt\u0173 terminal\u0105, pateikite Lietuvoje registruot\u0105 telefono numer\u012f ir visada atid\u017eiai j\u012f patikrinkite, nes siunt\u0173 terminalo PIN kodai siun\u010diami SMS \u017einute \u012f J\u016bs\u0173 telefon\u0105. Jei nurodytas neteisingas telefono numeris, siuntinio i\u0161 terminalo atsiimti negal\u0117site.<\/p>\n\n\n\n<p>Mes taip pat galime pasi\u016blyti kurjeri\u0173 paslaugas, kad pristatytume prekes J\u016bs\u0173 nurodytu adresu. \u012esitikinkite, kad pateikta tiksli pristatymo informacija, \u012fskaitant J\u016bs\u0173 telefono numer\u012f ir pa\u0161to \/ pa\u0161to kod\u0105. Nurodykite telefono numer\u012f, u\u017eregistruot\u0105 toje pa\u010dioje \u0161alyje, \u012f kuri\u0105 gabenate. Jei \u012fvyko J\u016bs\u0173 siuntimo informacijos klaid\u0173, mes negalime b\u016bti laikomi atsakingais u\u017e pav\u0117luot\u0105 ar nepavykus\u012f pristatym\u0105.&nbsp;<\/p>\n\n\n\n<p>Mes galime pasi\u016blyti nemokam\u0105 pristatym\u0105 su tam tikra pirkimo suma. Tai gali skirtis pagal \u0161al\u012f. Nemokamo pristatymo s\u0105lygos gali pasikeisti bet kuriuo metu be i\u0161ankstinio \u012fsp\u0117jimo.<\/p>\n\n\n\n<h4 class=\"wp-block-heading\">Pristatymo laikas<\/h4>\n\n\n\n<h5 class=\"wp-block-heading\">Pakavimas ir tvarkymas:<\/h5>\n\n\n\n<ul class=\"wp-block-list\">\n<li>1\u20133 darbo dienos po apmok\u0117jimo gavimo<\/li>\n<\/ul>\n\n\n\n<h5 class=\"wp-block-heading\">Pristatymas:<\/h5>\n\n\n\n<ul class=\"wp-block-list\">\n<li>Lietuva: 1\u20133 darbo dienos po u\u017esakymo i\u0161siuntimo<\/li>\n\n\n\n<li>Europa: 3\u20138 darbo dienos po u\u017esakymo i\u0161siuntimo<\/li>\n<\/ul>\n\n\n\n<p>Atkreipkite d\u0117mes\u012f, kad pristatymo terminai pateikiami tik kaip rekomendacijos, neatsi\u017evelgiant \u012f galim\u0105 v\u0117lavim\u0105.<\/p>\n\n\n\n<h4 class=\"wp-block-heading\"><strong>Gr\u0105\u017einimas ir mainai<\/strong><\/h4>\n\n\n\n<p>J\u016bs turite teis\u0119 per 14 dien\u0173 gr\u0105\u017einti \u012fsigytas prekes nenurodydami prie\u017easties. Nepamir\u0161kite prid\u0117ti lai\u0161ko, kuriame nurodytum\u0117te savo kontaktinius duomenys ir u\u017esakymo numer\u012f. Atkreipkite d\u0117mes\u012f, kad preki\u0173 pakuot\u0117 b\u016bt\u0173 nepa\u017eeistos, o prek\u0117 b\u016bt\u0173 nenaudota. Maloniai pra\u0161ome J\u016bs\u0173 laikytis \u0161i\u0173 reikalavim\u0173 d\u0117l higienos, nes m\u016bs\u0173 produkcija skirta s\u0105ly\u010diui su maistu.<\/p>\n\n\n\n<p>Klientas padengia gr\u0105\u017eint\u0173 produkt\u0173 pristatymo kain\u0105. Pinigus gr\u0105\u017einsime per trump\u0105 laik\u0105, bet ne v\u0117liau kaip per 7 darbo dienas.<\/p>\n\n\n\n<p>Atkreipkite d\u0117mes\u012f, kad preki\u0173, kurios buvo pagamintos pagal J\u016bs\u0173 asmeninius poreikius, papra\u0161ius, preki\u0173 gr\u0105\u017einti negalima.<\/p>\n\n\n\n<p>Jei J\u016bs\u0173 netenkina m\u016bs\u0173 produktai ar pristatymas, para\u0161ykite mums adresu&nbsp;<a href=\"mailto:info@planbee.lt\"><\/a><a href=\"mailto:info@planbee.lt\" data-type=\"mailto\" data-id=\"mailto:info@planbeewraps.com\">info@planbee.lt<\/a>&nbsp;ir mes b\u016btinai rasime sprendim\u0105. Be to, jei kilt\u0173 problem\u0173 d\u0117l u\u017esakymo ar negal\u0117tum\u0117te rasti atsakymo \u012f savo klausim\u0105, nedvejodami susisiekite su mumis auk\u0161\u010diau nurodytu el. pa\u0161to adresu.<\/p>\n\n\n\n<p><\/p>","protected":false},"excerpt":{"rendered":"<p>Measures to prevent an infection with COVID-19 During all stages of the production process, we maintain the highest standards of hygiene. Moreover, only persons in full health without any symptoms of infection are allowed to take part in the production. However, to ensure your safety, we recommend disinfecting the packaging of the delivery and washing&hellip;&nbsp;<a href=\"https:\/\/planbee.lt\/lt\/terms-conditions\" rel=\"bookmark\">Read More &raquo;<span class=\"screen-reader-text\">Siuntimas ir gr\u0105\u017einimas<\/span><\/a><\/p>","protected":false},"author":1,"featured_media":353,"parent":0,"menu_order":0,"comment_status":"closed","ping_status":"closed","template":"","meta":{"neve_meta_sidebar":"full-width","neve_meta_container":"contained","neve_meta_enable_content_width":"off","neve_meta_content_width":100,"neve_meta_title_alignment":"","neve_meta_author_avatar":"","neve_post_elements_order":"","neve_meta_disable_header":"","neve_meta_disable_footer":"","neve_meta_disable_title":"on","_themeisle_gutenberg_block_has_review":false,"footnotes":""},"class_list":["post-532","page","type-page","status-publish","has-post-thumbnail","hentry"],"jetpack_sharing_enabled":true,"_links":{"self":[{"href":"https:\/\/planbee.lt\/lt\/wp-json\/wp\/v2\/pages\/532","targetHints":{"allow":["GET"]}}],"collection":[{"href":"https:\/\/planbee.lt\/lt\/wp-json\/wp\/v2\/pages"}],"about":[{"href":"https:\/\/planbee.lt\/lt\/wp-json\/wp\/v2\/types\/page"}],"author":[{"embeddable":true,"href":"https:\/\/planbee.lt\/lt\/wp-json\/wp\/v2\/users\/1"}],"replies":[{"embeddable":true,"href":"https:\/\/planbee.lt\/lt\/wp-json\/wp\/v2\/comments?post=532"}],"version-history":[{"count":30,"href":"https:\/\/planbee.lt\/lt\/wp-json\/wp\/v2\/pages\/532\/revisions"}],"predecessor-version":[{"id":2178,"href":"https:\/\/planbee.lt\/lt\/wp-json\/wp\/v2\/pages\/532\/revisions\/2178"}],"wp:featuredmedia":[{"embeddable":true,"href":"https:\/\/planbee.lt\/lt\/wp-json\/wp\/v2\/media\/353"}],"wp:attachment":[{"href":"https:\/\/planbee.lt\/lt\/wp-json\/wp\/v2\/media?parent=532"}],"curies":[{"name":"wp","href":"https:\/\/api.w.org\/{rel}","templated":true}]}}