{"id":530,"date":"2020-12-29T12:44:27","date_gmt":"2020-12-29T12:44:27","guid":{"rendered":"https:\/\/planbee.lt\/?page_id=530"},"modified":"2023-08-11T08:29:40","modified_gmt":"2023-08-11T06:29:40","slug":"duk","status":"publish","type":"page","link":"https:\/\/planbee.lt\/lt\/faq","title":{"rendered":"DUK"},"content":{"rendered":"<h1 class=\"wp-block-heading\">Da\u017eniausiai u\u017eduodami klausimai<\/h1>\n\n\n\n<p>Sveiki atvyk\u0119 \u012f m\u016bs\u0173 DUK skyrel\u012f! \u010cia sukaup\u0117me atsakymus \u012f da\u017eniausiai u\u017eduodamus klausimus mums. Jei nerandade atsakymo, nedvejodami <a href=\"https:\/\/planbee.lt\/lt\/kontaktai\/\" data-type=\"link\" data-id=\"https:\/\/planbee.lt\/en\/contact\">kreipkit\u0117s \u012f mus<\/a>!<\/p>\n\n\n\n<div style=\"height:50px\" aria-hidden=\"true\" class=\"wp-block-spacer\"><\/div>\n\n\n\n<h2 class=\"wp-block-heading\">Kur naudoti \u201eplanBee\u201c drobeles?<\/h2>\n\n\n\n<p>Naudokite planBee drobeles dar\u017eov\u0117ms, vaisiams, s\u016briui, duonai, \u017eolel\u0117ms \u012fvynioti arba apdengti maisto liku\u010dius duben\u0117liuose. Naudodami rank\u0173 \u0161iluma, drobel\u0117mis apdengti duben\u0117lio kra\u0161tus ar maisto produktus. Po keli\u0173 sekund\u017ei\u0173 drobel\u0117 taps lipni ir prilips prie pavir\u0161i\u0173. planBee drobeli\u0173 nerekomenduojami naudoti \u017ealiai m\u0117sai ir \u017euviai vynioti.<\/p>\n\n\n\n<div style=\"height:20px\" aria-hidden=\"true\" class=\"wp-block-spacer\"><\/div>\n\n\n\n<h2 class=\"wp-block-heading\">Kiek laiko tarnaus planBee drobel\u0117?&nbsp;<\/h2>\n\n\n\n<p>Tinkamai pri\u017ei\u016brint ir reguliariai naudojant, planBee va\u0161ko drobel\u0117 Jums tarnaus iki met\u0173. Kai drobel\u0117s naudojimo laikas baig\u0117si, ji bus nusid\u0117v\u0117jusi, mink\u0161ta ir bus sunku prilipinti. Tuo atveju, drobel\u0119 galite kompostuoti arba tiesiog gr\u0105\u017einti mums. Mes ja tinkamai pasir\u016bpinsime.<\/p>\n\n\n\n<div style=\"height:20px\" aria-hidden=\"true\" class=\"wp-block-spacer\"><\/div>\n\n\n\n<h2 class=\"wp-block-heading\">Kaip tinkamai pasir\u016bpinti savo drobele?&nbsp;<\/h2>\n\n\n\n<p>Labai paprastai! Tiesiog nuplaukite \u0161altu vandeniu su \u0161velniu ind\u0173 plovikliu. Tada u\u017ed\u0117kite drobel\u0117s d\u017eiovykl\u0117s kad i\u0161d\u017ei\u016bt\u0173. Nepamir\u0161kite vengti vis\u0173 \u0161ilumos \u0161altini\u0173, \u012fskaitant \u0161ilt\u0105 vanden\u012f, mikrobang\u0173 krosnel\u0117s, orkait\u0117s, saul\u0117s spinduli\u0173 ar drobel\u0117mis u\u017edengti duben\u0117lius su ne visai atv\u0117sususiais maisto liku\u010diais.<\/p>\n\n\n\n<div style=\"height:20px\" aria-hidden=\"true\" class=\"wp-block-spacer\"><\/div>\n\n\n\n<h2 class=\"wp-block-heading\">Kokio dyd\u017eio man labiausiai reikia? Kaip i\u0161sirinkti?<\/h2>\n\n\n\n<p>Jei J\u016bs esate naujas planBee bi\u010diulis, rekomenduojame i\u0161bandyti trij\u0173 dyd\u017ei\u0173 rinkinuk\u0105, \u012f kur\u012f \u012feina po vien\u0105 S (20 x 20 cm), M (28 x 28 cm), L (35 x 35 cm) dyd\u017ei\u0173 drobel\u0119. Ekspermentuodami su\u017einosite, kuris dydis yra Jums reikalingiausias.<\/p>\n\n\n\n<div style=\"height:20px\" aria-hidden=\"true\" class=\"wp-block-spacer\"><\/div>\n\n\n\n<h2 class=\"wp-block-heading\">Kokie yra j\u016bs\u0173 dyd\u017eiai?<\/h2>\n\n\n\n<p>S (20 x 20 cm) Apvyniokite pus\u0119 citrinos, agurko gal\u0105, pus\u0119 svog\u016bno pus\u0119 avokado, nedidel\u012f duben\u0117l\u012f, mork\u0173 lazdeles ar kitus u\u017ekand\u017eius.<br>M (28 x 28 cm) U\u017edenkite vidutin\u012f duben\u012f, sumu\u0161tinius, kepinius, balt\u0105 \u0161vie\u017ei\u0105 ar fermentin\u012f s\u016br\u012f arba pus\u0119 kop\u016bsto.<br>L (35 x 35 cm) Apgaubkite didel\u012f salot\u0173 duben\u012f, pyrago skard\u0105, pus\u0119 arb\u016bzo ar ananaso, u\u017edenkite drobele kildindami te\u0161l\u0105.<br><br>Jei norite nestandartini\u0173 dyd\u017ei\u0173 ar ra\u0161t\u0173, susisiekite su mumis adresu info@plabeewraps.com!<\/p>","protected":false},"excerpt":{"rendered":"<p>Frequently asked questions Welcome to our FAQ section! Here, we&#8217;ve compiled answers to the most common questions we receive. If you can&#8217;t find an answer to your question, don&#8217;t hesitate to reach out to us! Where do I use planBee wax wraps? Use planBee wax wraps to wrap vegetables, fruits, cheese, bread, herbs, or to&hellip;&nbsp;<a href=\"https:\/\/planbee.lt\/lt\/faq\" rel=\"bookmark\">Read More &raquo;<span class=\"screen-reader-text\">DUK<\/span><\/a><\/p>","protected":false},"author":1,"featured_media":982,"parent":0,"menu_order":0,"comment_status":"closed","ping_status":"closed","template":"","meta":{"neve_meta_sidebar":"full-width","neve_meta_container":"contained","neve_meta_enable_content_width":"off","neve_meta_content_width":100,"neve_meta_title_alignment":"","neve_meta_author_avatar":"","neve_post_elements_order":"","neve_meta_disable_header":"off","neve_meta_disable_footer":"","neve_meta_disable_title":"on","_themeisle_gutenberg_block_has_review":false,"footnotes":""},"class_list":["post-530","page","type-page","status-publish","has-post-thumbnail","hentry"],"jetpack_sharing_enabled":true,"_links":{"self":[{"href":"https:\/\/planbee.lt\/lt\/wp-json\/wp\/v2\/pages\/530","targetHints":{"allow":["GET"]}}],"collection":[{"href":"https:\/\/planbee.lt\/lt\/wp-json\/wp\/v2\/pages"}],"about":[{"href":"https:\/\/planbee.lt\/lt\/wp-json\/wp\/v2\/types\/page"}],"author":[{"embeddable":true,"href":"https:\/\/planbee.lt\/lt\/wp-json\/wp\/v2\/users\/1"}],"replies":[{"embeddable":true,"href":"https:\/\/planbee.lt\/lt\/wp-json\/wp\/v2\/comments?post=530"}],"version-history":[{"count":32,"href":"https:\/\/planbee.lt\/lt\/wp-json\/wp\/v2\/pages\/530\/revisions"}],"predecessor-version":[{"id":1874,"href":"https:\/\/planbee.lt\/lt\/wp-json\/wp\/v2\/pages\/530\/revisions\/1874"}],"wp:featuredmedia":[{"embeddable":true,"href":"https:\/\/planbee.lt\/lt\/wp-json\/wp\/v2\/media\/982"}],"wp:attachment":[{"href":"https:\/\/planbee.lt\/lt\/wp-json\/wp\/v2\/media?parent=530"}],"curies":[{"name":"wp","href":"https:\/\/api.w.org\/{rel}","templated":true}]}}