{"id":3,"date":"2020-12-28T11:28:08","date_gmt":"2020-12-28T09:28:08","guid":{"rendered":"https:\/\/planbee.lt\/?page_id=3"},"modified":"2024-02-15T11:51:02","modified_gmt":"2024-02-15T09:51:02","slug":"privacy-policy-imprint","status":"publish","type":"page","link":"https:\/\/planbee.lt\/lt\/privacy-policy-imprint","title":{"rendered":"Privatumo politika"},"content":{"rendered":"<div class=\"wp-block-cover alignfull is-light\" style=\"min-height:300px;aspect-ratio:unset;\"><span aria-hidden=\"true\" class=\"wp-block-cover__background has-background-dim\"><\/span><img loading=\"lazy\" decoding=\"async\" width=\"1024\" height=\"768\" class=\"wp-block-cover__image-background wp-image-354\" alt=\"\" src=\"https:\/\/planbee.lt\/wp-content\/uploads\/2020\/12\/525b7b9a-26de-40ef-8964-7c70fae40943.jpg\" style=\"object-position:50% 30%\" data-object-fit=\"cover\" data-object-position=\"50% 30%\" srcset=\"https:\/\/planbee.lt\/wp-content\/uploads\/2020\/12\/525b7b9a-26de-40ef-8964-7c70fae40943.jpg 1024w, https:\/\/planbee.lt\/wp-content\/uploads\/2020\/12\/525b7b9a-26de-40ef-8964-7c70fae40943-600x450.jpg 600w, https:\/\/planbee.lt\/wp-content\/uploads\/2020\/12\/525b7b9a-26de-40ef-8964-7c70fae40943-300x225.jpg 300w, https:\/\/planbee.lt\/wp-content\/uploads\/2020\/12\/525b7b9a-26de-40ef-8964-7c70fae40943-768x576.jpg 768w\" sizes=\"auto, (max-width: 1024px) 100vw, 1024px\" \/><div class=\"wp-block-cover__inner-container is-layout-flow wp-block-cover-is-layout-flow\">\n<h1 class=\"wp-block-heading has-text-align-center has-huge-font-size\"><mark style=\"background-color:rgba(0, 0, 0, 0)\" class=\"has-inline-color has-nv-text-dark-bg-color\">Privatumo politika<\/mark><\/h1>\n<\/div><\/div>\n\n\n\n<div style=\"height:50px\" aria-hidden=\"true\" class=\"wp-block-spacer\"><\/div>\n\n\n\n<p>planBee, IV (\u201emes\u201c, \u201emes\u201c arba \u201em\u016bs\u0173\u201c) valdo www.planbee.lt svetain\u0119 (\u201ePaslaugos\u201c).<\/p>\n\n\n\n<p>\u0160is puslapis informuoja Jus apie m\u016bs\u0173 asmens duomen\u0173 rinkimo, naudojimo ir atskleidimo politik\u0105, kai naudojat\u0117s m\u016bs\u0173 paslauga, ir pasirinkimus, kuriuos susiejate su \u0161iais duomenimis.<\/p>\n\n\n\n<p>Mes naudojame J\u016bs\u0173 duomenis paslaugoms teikti ir tobulinti. Naudodamiesi m\u016bs\u0173 paslaugomis, J\u016bs sutinkate rinkti ir naudoti informacij\u0105 pagal \u0161i\u0105 politik\u0105.<\/p>\n\n\n\n<p class=\"has-medium-font-size\"><strong>Informacijos rinkimas ir naudojimas<\/strong><\/p>\n\n\n\n<p>Mes renkame kelet\u0105 skirting\u0173 tip\u0173 informacij\u0105 \u012fvairiais tikslais, kad gal\u0117tume Jums teikti ir patobulinti savo paslaug\u0105.<\/p>\n\n\n\n<p class=\"has-medium-font-size\"><strong>Surinkt\u0173 duomen\u0173 tipai<\/strong><\/p>\n\n\n\n<p><strong>Asmeniniai duomenys<\/strong><\/p>\n\n\n\n<p>Naudodamiesi m\u016bs\u0173 paslauga galime papra\u0161yti J\u016bs\u0173 pateikti tam tikr\u0105 asmens tapatyb\u0119 identifikuojan\u010di\u0105 informacij\u0105, kuri gali b\u016bti naudojama susisiekiant ar identifikuojant jus (\u201eAsmens duomenys\u201c). Asmens identifikavimo informacija gali apimti, bet neapsiriboja:<\/p>\n\n\n\n<ul class=\"wp-block-list\">\n<li>Elektroninio pa\u0161to adresas<\/li>\n\n\n\n<li>Vardas ir pavard\u0117<\/li>\n\n\n\n<li>Telefono numeris<\/li>\n\n\n\n<li>Adresas, pa\u0161to kodas, miestas<\/li>\n\n\n\n<li>Slapukai ir naudojimo duomenys<\/li>\n<\/ul>\n\n\n\n<p>Jei pasirenkate registruotis m\u016bs\u0173 svetain\u0117je, J\u016bs\u0173 informacija, pvz., vartotojo vardas ir pavard\u0117, telefono numeris, el. pa\u0161to adresas, atsiskaitymo ir pristatymo adresai, pirkimo istorija, yra i\u0161saugoma ir prie jos galima prisijungti. Nor\u0117dami pakeisti savo vartotojo informacij\u0105, taip pat galite susisiekti su mumis adresu info@planbeewraps.com.<br>Jei nuspr\u0119site pirkti neprisiregistrav\u0119, u\u017esakymui apdoroti ir i\u0161si\u0173sti naudojama J\u016bs\u0173 informacija, pvz., Vardas ir pavard\u0117, telefono numeris, el. Pa\u0161to adresas ir pristatymo adresas. J\u016bs\u0173 u\u017esakymo informacija saugoma 5 metus.<br>Nor\u0117dami \u012fvykdyti savo \u012fsipareigojim\u0105 pristatyti produktus, mes savo logistikos partneriams perduodame \u0161i\u0105 informacij\u0105: J\u016bs\u0173 vard\u0105, telefono numer\u012f, el. pa\u0161to adres\u0105, pristatymo adres\u0105, vis\u0105 informacij\u0105, kuria dalijat\u0117s u\u017esakymo \u201ekomentar\u0173\u201c skiltyje.<\/p>\n\n\n\n<p>Apie m\u016bs\u0173 logistikos partneri\u0173 privatumo politik\u0105 galite perskaityti \u010dia:<\/p>\n\n\n\n<p><a href=\"https:\/\/www.lpexpress.lt\/assets\/doc\/Privatumo_pranesimas_Esavitarna.pdf\" data-type=\"link\" data-id=\"https:\/\/www.lpexpress.lt\/assets\/doc\/Privatumo_pranesimas_Esavitarna.pdf\" target=\"_blank\" rel=\"noopener\">lpexpress.lt<\/a>&nbsp;arba susisiekite su jais, jei norite gauti daugiau informacijos: <a href=\"mailto:info@post.lt\">info@post.lt<\/a>.<\/p>\n\n\n\n<p>Paysera: Mes nerenkame jokios J\u016bs\u0173 mok\u0117jimo informacijos pirkdami m\u016bs\u0173 svetain\u0117je. Tam, kad atlikitum\u0117te mok\u0117jim\u0105, b\u016bsite nukreipti \u012f \u201ePaysera\u201c platformas. Galite paskaityti apie j\u0173 privatumo politika \u010dia:&nbsp;<a href=\"https:\/\/www.paysera.lt\/v2\/en-LT\/legal\/privacy-policy\" target=\"_blank\" rel=\"noopener\">www.paysera.lt<\/a><a href=\"https:\/\/stripe.com\/en-lt\/privacy\" target=\"_blank\" rel=\"noopener\">.<\/a><\/p>\n\n\n\n<p>Stripe: Jei pasirenkate mok\u0117jim\u0105 kreditine kortele arba SEPA tiesioginiu debetu, j\u016bs\u0173 mok\u0117jimui apdoroti naudojame \u201eStripe\u201c, tre\u010diosios \u0161alies mok\u0117jimo procesori\u0173. \u0160iuo atveju \u201eStripe\u201c surinks, naudos ir apdoros J\u016bs\u0173 informacij\u0105, \u012fskaitant mok\u0117jimo informacij\u0105, vadovaudamasi savo privatumo politika. J\u0173 privatumo politik\u0105 galite pasiekti naudodamiesi \u0161ia nuoroda: <a href=\"https:\/\/stripe.com\/gb\/privacy\" target=\"_blank\" rel=\"noopener\">https:\/\/stripe.com\/gb\/privacy<\/a>. \u201eStripe\u201c paslaugas Europoje teikia \u201eStripe\u201c dukterin\u0117 \u012fmon\u0117 - \u201eStripe Payments Europe Limited\u201c (\u201eStripe Payments Europe\u201c) - \u012fmon\u0117, \u012fsik\u016brusi Airijoje. Teikdama \u201eStripe Services\u201c, \u201eStripe Payments Europe\u201c perduoda asmens duomenis \u201eStripe, Inc.\u201c JAV.<\/p>\n\n\n\n<p>Paypal: Jei pasirenkate mok\u0117jim\u0105 per \u201ePayPal\u201c, m\u016bs\u0173 svetain\u0117je pateikti u\u017esakymai nukreipiami apdoroti \u012f \u201ePayPal\u201c. Kaip ir kitais atvejais, mes neturime prieigos prie j\u016bs\u0173 kreditin\u0117s kortel\u0117s duomen\u0173. Pagal \u201ePayPal\u201c privatumo politik\u0105 \u0161io puslapio paskelbimo metu, kai lankot\u0117s \u201ePayPal\u201c svetain\u0117je arba naudojat\u0117s \u201ePayPal\u201c paslaugomis, \u201ePayPal\u201c gali rinkti duomenis puslapiuose, kuriuose lankot\u0117s, j\u016bs\u0173 kompiuterio IP adres\u0105, \u012frenginio identifikatorius, operacin\u0117s sistemos tip\u0105, kur\u012f naudojate naudojant j\u016bs\u0173 buvimo viet\u0105, mobiliojo tinklo informacij\u0105, standartinius \u017einiatinklio \u017eurnalo duomenis ir kit\u0105 informacij\u0105. Ji taip pat gali rinkti informacij\u0105 apie j\u016bs\u0173 sandorius ir j\u016bs\u0173 veikl\u0105, \u012fskaitant kontaktin\u0119, finansin\u0119 ir asmenin\u0119 informacij\u0105. \u201ePayPal\u201c neparduoda ir nei\u0161nuomoja j\u016bs\u0173 asmenin\u0117s informacijos tre\u010diosioms \u0161alims rinkodaros tikslais be ai\u0161kaus j\u016bs\u0173 sutikimo. Ji su mumis bendrina tik atsiskaitymo adres\u0105 ir i\u0161sami\u0105 u\u017esakymo informacij\u0105, reikaling\u0105 u\u017esakymui apdoroti. Nor\u0117dami gauti daugiau informacijos, \u017er.&nbsp;<a href=\"https:\/\/www.paypal.com\/ua\/webapps\/mpp\/ua\/privacy-full\" target=\"_blank\" rel=\"noopener\">\u201ePayPal\u201c privatumo politik\u0105<\/a>.<\/p>\n\n\n\n<p><strong>Naudojimo duomenys<\/strong><\/p>\n\n\n\n<p>Mes taip pat galime rinkti informacij\u0105 apie tai, kaip pasiekiama ir naudojama paslauga (\u201eNaudojimo duomenys\u201c). \u0160ie naudojimo duomenys gali apimti toki\u0105 informacij\u0105 kaip J\u016bs\u0173 kompiuterio interneto protokolo adresas (pvz., IP adresas), nar\u0161ykl\u0117s tipas, nar\u0161ykl\u0117s versija, aplankyti m\u016bs\u0173 paslaugos puslapiai, apsilankymo laikas ir data praleistas tuose puslapiuose, unikalus prietais\u0173 identifikatoriai ir kiti diagnostikos duomenys.<\/p>\n\n\n\n<p><strong>Steb\u0117jimo ir slapuk\u0173 duomenys<\/strong><\/p>\n\n\n\n<p>Mes naudojame slapukus ir pana\u0161ias steb\u0117jimo technologijas, kad gal\u0117tume steb\u0117ti m\u016bs\u0173 paslaugos veikl\u0105 ir laikyti tam tikr\u0105 informacij\u0105.<\/p>\n\n\n\n<p>Slapukai yra failai su nedideliu duomen\u0173 kiekiu, kuriame gali b\u016bti anoniminis unikalus identifikatorius. Slapukai \u012f J\u016bs\u0173 nar\u0161ykl\u0119 siun\u010diami i\u0161 svetain\u0117s ir saugomi J\u016bs\u0173 \u012frenginyje. Taip pat naudojamos steb\u0117jimo technologijos - tai \u0161vyturiai, \u017eymos ir scenarijai, skirti rinkti ir sekti informacij\u0105 bei tobulinti ir analizuoti m\u016bs\u0173 paslaug\u0105.<\/p>\n\n\n\n<p>Galite nurodyti savo nar\u0161yklei atsisakyti vis\u0173 slapuk\u0173 arba nurodyti, kada siun\u010diamas slapukas. Ta\u010diau jei nepriimate slapuk\u0173, galb\u016bt negal\u0117site naudotis keliomis m\u016bs\u0173 paslaugomis.<\/p>\n\n\n\n<p class=\"has-medium-font-size\"><strong>Duomen\u0173 naudojimas<\/strong><\/p>\n\n\n\n<p>planBee, IV, surinktus duomenis naudoja \u012fvairiems tikslams:<\/p>\n\n\n\n<ul class=\"wp-block-list\">\n<li>Teikti ir pri\u017ei\u016br\u0117ti pslaugas<\/li>\n\n\n\n<li>Apdoroti ir i\u0161si\u0173sti J\u016bs\u0173 u\u017esakymus<\/li>\n\n\n\n<li>Prane\u0161ti apie m\u016bs\u0173 paslaug\u0173 pakeitimus<\/li>\n\n\n\n<li>Leisti Jums dalyvauti interaktyviose m\u016bs\u0173 paslaugos funkcijose, kai nusprend\u017eiate tai padaryti<\/li>\n\n\n\n<li>Teikti klient\u0173 aptarnavim\u0105 ir palaikym\u0105<\/li>\n\n\n\n<li>Pateikti analiz\u0119 ar verting\u0105 informacij\u0105, kad gal\u0117tume patobulinti paslaugas<\/li>\n\n\n\n<li>Steb\u0117ti paslaugos naudojim\u0105<\/li>\n\n\n\n<li>Aptikti, u\u017ekirsti keli\u0105 ir i\u0161spr\u0119sti technines problemas<\/li>\n<\/ul>\n\n\n\n<p class=\"has-medium-font-size\"><strong>Duomen\u0173 perdavimas<\/strong><\/p>\n\n\n\n<p>J\u016bs\u0173 informacija, \u012fskaitant asmens duomenis, gali b\u016bti perduodama ir tvarkoma kompiuteriuose, esan\u010diuose u\u017e J\u016bs\u0173 \u0161alies ar kitos vyriausybin\u0117s jurisdikcijos rib\u0173, kur duomen\u0173 apsaugos \u012fstatymai gali skirtis nuo J\u016bs\u0173 jurisdikcijos.<\/p>\n\n\n\n<p>Jei esate ne Lietuvoje ir nusprend\u0117te mums pateikti informacij\u0105, atkreipkite d\u0117mes\u012f, kad mes duomenis, \u012fskaitant asmens duomenis, perduodame Lietuvai ir ten juos tvarkome.<\/p>\n\n\n\n<p>J\u016bs\u0173 sutikimas su \u0161ia privatumo politika, po kuria J\u016bs pateik\u0117te informacij\u0105, rei\u0161kia J\u016bs\u0173 sutikim\u0105 su \u0161iuo perdavimu.<\/p>\n\n\n\n<p>planBee, IV imsis vis\u0173 pagr\u012fstai b\u016btin\u0173 veiksm\u0173, kad u\u017etikrint\u0173, kad J\u016bs\u0173 duomenys b\u016bt\u0173 tvarkomi saugiai ir laikantis \u0161ios privatumo politikos, o J\u016bs\u0173 asmens duomenys nebus perduodami kitai organizacijai ar \u0161aliai, nebent b\u016bt\u0173 nustatyta tinkama kontrol\u0117, \u012fskaitant duomen\u0173 saugum\u0105, savo duomenis ir kit\u0105 asmenin\u0119 informacij\u0105.<\/p>\n\n\n\n<p class=\"has-medium-font-size\"><strong>Duomen\u0173 atskleidimas<\/strong><\/p>\n\n\n\n<p>Teis\u0117ti reikalavimai<\/p>\n\n\n\n<p>planBee, IV gali atskleisti J\u016bs\u0173 asmens duomenis s\u0105\u017einingai tik\u0117dami, kad tokie veiksmai yra b\u016btini:<\/p>\n\n\n\n<ul class=\"wp-block-list\">\n<li>Laikytis teisin\u0117s pareigos<\/li>\n\n\n\n<li>Ginti ir apginti planBee, IV teises ir turt\u0105<\/li>\n\n\n\n<li>Nor\u0117dami u\u017ekirsti keli\u0105 galimiems neteis\u0117tiems veiksmams, susijusiems su paslauga, arba juos i\u0161tirti<\/li>\n\n\n\n<li>Siekiant apsaugoti asmenin\u012f paslaugos vartotoj\u0173 ar visuomen\u0117s saugum\u0105<\/li>\n\n\n\n<li>Apsaugoti nuo teisin\u0117s atsakomyb\u0117s<\/li>\n<\/ul>\n\n\n\n<p class=\"has-medium-font-size\"><strong>Duomen\u0173 saugumas<\/strong><\/p>\n\n\n\n<p>J\u016bs\u0173 duomen\u0173 saugumas mums yra svarbus, ta\u010diau atminkite, kad joks perdavimo internetu b\u016bdas ar elektronin\u0117s saugyklos b\u016bdas n\u0117ra 100% saugus. Nors mes siekiame naudoti komerci\u0161kai priimtinas priemones J\u016bs\u0173 asmens duomenims apsaugoti, mes negalime garantuoti j\u0173 absoliutaus saugumo.<\/p>\n\n\n\n<p class=\"has-medium-font-size\"><strong>Paslaug\u0173 tiek\u0117jai<\/strong><\/p>\n\n\n\n<p>Mes galime pasamdyti tre\u010di\u0173j\u0173 \u0161ali\u0173 \u012fmones ir asmenis, kad jie palengvint\u0173 m\u016bs\u0173 paslaugas (\u201ePaslaug\u0173 teik\u0117jai\u201c), teikt\u0173 Paslaug\u0105 m\u016bs\u0173 vardu, atlikt\u0173 su Paslauga susijusias paslaugas arba pad\u0117t\u0173 mums analizuoti, kaip naudojama m\u016bs\u0173 paslaugos.<\/p>\n\n\n\n<p>\u0160ios tre\u010diosios \u0161alys turi prieig\u0105 prie J\u016bs\u0173 asmens duomen\u0173 tik nor\u0117damos atlikti \u0161ias u\u017eduotis m\u016bs\u0173 vardu ir yra \u012fpareigotos j\u0173 neatskleisti ar naudoti jokiems kitiems tikslams.<\/p>\n\n\n\n<p class=\"has-medium-font-size\"><strong>Analitika<\/strong><\/p>\n\n\n\n<p>Mes galime naudoti tre\u010di\u0173j\u0173 \u0161ali\u0173 paslaug\u0173 teik\u0117jus, kad gal\u0117tume steb\u0117ti ir analizuoti naudojim\u0105si m\u016bs\u0173 paslaugomis.<\/p>\n\n\n\n<ul class=\"wp-block-list\">\n<li><strong>Microsoft Clarity<\/strong>. Bendradarbiaujame su \"Microsoft Clarity\" ir \"Microsoft Advertising\", kad gal\u0117tume fiksuoti, kaip naudojat\u0117s m\u016bs\u0173 svetaine ir kaip su ja s\u0105veikaujate, naudodami elgsenos rodiklius, \u0161ilumos \u017eem\u0117lapius ir sesijos atk\u016brim\u0105, kad gal\u0117tume tobulinti ir parduoti savo produktus ir (arba) paslaugas. Svetain\u0117s naudojimo duomenys fiksuojami naudojant pirmosios ir tre\u010diosios \u0161alies slapukus ir kitas sekimo technologijas, kad b\u016bt\u0173 galima nustatyti produkt\u0173 \/ paslaug\u0173 populiarum\u0105 ir veikl\u0105 internete. Be to, \u0161i\u0105 informacij\u0105 naudojame svetain\u0117s optimizavimo, suk\u010diavimo \/ saugumo tikslais ir reklamos tikslais. Visi surinkti duomenys yra visi\u0161kai anoniminiai ir neidentifikuoja j\u016bs\u0173 kaip asmens. \u0160i\u0105 informacij\u0105 naudojame siekdami optimizuoti savo svetain\u0119, pagerinti jos patogum\u0105 ir priimti pagr\u012fstus sprendimus d\u0117l dizaino ir turinio tobulinimo.<\/li>\n\n\n\n<li><strong>Google Analytics&nbsp;<\/strong>\u201eGoogle Analytics\u201c yra \u201eGoogle\u201c si\u016bloma \u017einiatinklio analiz\u0117s paslauga, stebinti ir prane\u0161anti apie svetain\u0117s sraut\u0105. \u201eGoogle\u201c naudoja surinktus duomenis naudodama m\u016bs\u0173 Paslaug\u0105 ir steb\u0117dama j\u0105. \u0160ie duomenys bendrinami su kitomis \u201eGoogle\u201c paslaugomis. \u201eGoogle\u201c gali naudoti surinktus duomenis kontekstualizuodama ir suasmenindama savo reklamos tinklo skelbimus. Galite atsisakyti, kad J\u016bs\u0173 veikla Paslaugoje b\u016bt\u0173 prieinama \u201eGoogle Analytics\u201c, \u012fdiegdami \u201eGoogle Analytics\u201c atsisakymo nar\u0161ykl\u0117s pried\u0105. Priedas neleid\u017eia \u201eGoogle Analytics\u201c \u201eJavaScript\u201c (ga.js, analytics.js ir dc.js) bendrinti informacij\u0105 su \u201eGoogle Analytics\u201c apie apsilankym\u0173 veikl\u0105. Nor\u0117dami gauti daugiau informacijos apie \u201eGoogle\u201c privatumo praktik\u0105, apsilankykite \u201eGoogle\u201c privatumo ir s\u0105lyg\u0173 tinklalapyje:&nbsp;<a href=\"https:\/\/policies.google.com\/privacy?hl=lt\" target=\"_blank\" rel=\"noopener\">https:\/\/policies.google.com\/privacy?hl=lt<\/a><\/li>\n\n\n\n<li><strong>\u201eFacebook\u201c konversij\u0173 steb\u0117jimo pikselis<\/strong><br>Jums leidus, m\u016bs\u0173 svetain\u0117 naudoja \u201eFacebook, Inc.\u201c konversij\u0173 steb\u0117jimo pikseli\u0173 paslaug\u0105. \u0160is \u012frankis leid\u017eia mums steb\u0117ti naudotoj\u0173 veiksmus po to, kai jie yra nukreipiami \u012f teik\u0117jo svetain\u0119, spustel\u0117dami \u201eFacebook\u201c reklamos reklam\u0105 ir pristatydami skelbimus svetain\u0117s lankytojams. \u201eFacebook\u201c tinkle.<br>Daugiau apie \u201eFacebook\u201c reklamavimo politik\u0105 galite su\u017einoti \u010dia:&nbsp;<a href=\"https:\/\/www.facebook.com\/policies\/ads\" target=\"_blank\" rel=\"noopener\">https:\/\/www.facebook.com\/policies\/ads<\/a><\/li>\n<\/ul>\n\n\n\n<p class=\"has-medium-font-size\"><strong>Vaik\u0173 privatumas<\/strong><\/p>\n\n\n\n<p>M\u016bs\u0173 paslaugos n\u0117ra skirtos visiems, jaunesniems nei 18 met\u0173 (\u201eVaikai\u201c).<\/p>\n\n\n\n<p>Mes s\u0105moningai nerenkame asmens identifikavimo informacijos i\u0161 asmen\u0173, jaunesni\u0173 nei 18 met\u0173. Jei esate t\u0117vai ar glob\u0117jai ir \u017einote, kad J\u016bs\u0173 vaikai pateik\u0117 mums asmens duomenis, susisiekite su mumis. Jei su\u017einome, kad rinkome asmens duomenis i\u0161 vaik\u0173 nepatikrin\u0119 t\u0117v\u0173 sutikimo, imam\u0117s veiksm\u0173, kad t\u0105 informacij\u0105 pa\u0161alintume i\u0161 savo serveri\u0173.<\/p>\n\n\n\n<p class=\"has-medium-font-size\"><strong>Pakei\u010dia \u0161i\u0105 privatumo politik\u0105<\/strong><\/p>\n\n\n\n<p>Kartais, mes galime atnaujinti savo privatumo politik\u0105. Apie bet kokius pakeitimus, prane\u0161ime Jums paskelbdami nauj\u0105 privatumo politik\u0105 \u0161iame puslapyje.<\/p>\n\n\n\n<p>Mes prane\u0161ime jums el. pa\u0161tu ir (arba) gerai matomu prane\u0161imu apie m\u016bs\u0173 paslaug\u0105 prie\u0161 \u012fsigaliojant pakeitimams ir atnaujinsime \u201e\u012fsigaliojimo dat\u0105\u201c \u0161ios privatumo politikos vir\u0161uje.<\/p>\n\n\n\n<p>Patariama periodi\u0161kai per\u017ei\u016br\u0117ti \u0161i\u0105 privatumo politik\u0105, ar n\u0117ra pakeitim\u0173. \u0160ios privatumo politikos pakeitimai \u012fsigalioja, kai jie paskelbiami \u0161iame puslapyje.<\/p>\n\n\n\n<p class=\"has-medium-font-size\"><strong>Susisiekite su mumis<\/strong><\/p>\n\n\n\n<p>If you have any questions about this Privacy Policy, please contact us at:\u00a0<a href=\"mailto:info@planbee.lt\">info@planbee.lt<\/a>.<\/p>\n\n\n\n<p class=\"has-text-align-center has-normal-font-size\"><strong>planBee<\/strong> <br>Julija Mozurevi\u010di\u016bt\u0117<br>Address:&nbsp;\u017dalgirio&nbsp;g. 24, LT-71108 \u0160akiai<br>info@planbeewraps.com<br>phone: +37062146830<\/p>\n\n\n\n<p><\/p>","protected":false},"excerpt":{"rendered":"<p>planBee, IV (\u201cus\u201d, \u201cwe\u201d, or \u201cour\u201d) operates the www.planbee.lt website (the \u201cService\u201d). This page informs you of our policies regarding the collection, use, and disclosure of personal data when you use our Service and the choices you have associated with that data. We use your data to provide and improve the Service. By using the&hellip;&nbsp;<a href=\"https:\/\/planbee.lt\/lt\/privacy-policy-imprint\" rel=\"bookmark\">Read More &raquo;<span class=\"screen-reader-text\">Privatumo politika<\/span><\/a><\/p>","protected":false},"author":1,"featured_media":0,"parent":0,"menu_order":0,"comment_status":"closed","ping_status":"closed","template":"","meta":{"neve_meta_sidebar":"full-width","neve_meta_container":"contained","neve_meta_enable_content_width":"","neve_meta_content_width":0,"neve_meta_title_alignment":"","neve_meta_author_avatar":"","neve_post_elements_order":"","neve_meta_disable_header":"","neve_meta_disable_footer":"","neve_meta_disable_title":"on","_themeisle_gutenberg_block_has_review":false,"footnotes":""},"class_list":["post-3","page","type-page","status-publish","hentry"],"jetpack_sharing_enabled":true,"_links":{"self":[{"href":"https:\/\/planbee.lt\/lt\/wp-json\/wp\/v2\/pages\/3","targetHints":{"allow":["GET"]}}],"collection":[{"href":"https:\/\/planbee.lt\/lt\/wp-json\/wp\/v2\/pages"}],"about":[{"href":"https:\/\/planbee.lt\/lt\/wp-json\/wp\/v2\/types\/page"}],"author":[{"embeddable":true,"href":"https:\/\/planbee.lt\/lt\/wp-json\/wp\/v2\/users\/1"}],"replies":[{"embeddable":true,"href":"https:\/\/planbee.lt\/lt\/wp-json\/wp\/v2\/comments?post=3"}],"version-history":[{"count":27,"href":"https:\/\/planbee.lt\/lt\/wp-json\/wp\/v2\/pages\/3\/revisions"}],"predecessor-version":[{"id":1895,"href":"https:\/\/planbee.lt\/lt\/wp-json\/wp\/v2\/pages\/3\/revisions\/1895"}],"wp:attachment":[{"href":"https:\/\/planbee.lt\/lt\/wp-json\/wp\/v2\/media?parent=3"}],"curies":[{"name":"wp","href":"https:\/\/api.w.org\/{rel}","templated":true}]}}