{"id":282,"date":"2020-09-10T11:29:10","date_gmt":"2020-09-10T09:29:10","guid":{"rendered":"https:\/\/demosites.io\/shop-gb\/?page_id=282"},"modified":"2025-07-03T15:14:27","modified_gmt":"2025-07-03T13:14:27","slug":"kontaktai","status":"publish","type":"page","link":"https:\/\/planbee.lt\/lt\/contacts","title":{"rendered":"Kontaktai"},"content":{"rendered":"<div class=\"wp-block-cover alignfull is-light\" style=\"min-height:300px;aspect-ratio:unset;\"><img loading=\"lazy\" decoding=\"async\" width=\"1920\" height=\"2560\" class=\"wp-block-cover__image-background wp-image-634\" alt=\"\" src=\"https:\/\/planbee.lt\/wp-content\/uploads\/2020\/12\/image-scaled.jpg\" style=\"object-position:50% 65%\" data-object-fit=\"cover\" data-object-position=\"50% 65%\" srcset=\"https:\/\/planbee.lt\/wp-content\/uploads\/2020\/12\/image-scaled.jpg 1920w, https:\/\/planbee.lt\/wp-content\/uploads\/2020\/12\/image-225x300.jpg 225w, https:\/\/planbee.lt\/wp-content\/uploads\/2020\/12\/image-768x1024.jpg 768w, https:\/\/planbee.lt\/wp-content\/uploads\/2020\/12\/image-1152x1536.jpg 1152w, https:\/\/planbee.lt\/wp-content\/uploads\/2020\/12\/image-1536x2048.jpg 1536w, https:\/\/planbee.lt\/wp-content\/uploads\/2020\/12\/image-9x12.jpg 9w, https:\/\/planbee.lt\/wp-content\/uploads\/2020\/12\/image-600x800.jpg 600w\" sizes=\"auto, (max-width: 1920px) 100vw, 1920px\" \/><span aria-hidden=\"true\" class=\"wp-block-cover__background has-background-dim\"><\/span><div class=\"wp-block-cover__inner-container is-layout-flow wp-block-cover-is-layout-flow\">\n<div class=\"wp-block-columns top-headeris is-layout-flex wp-container-core-columns-is-layout-9d6595d7 wp-block-columns-is-layout-flex\">\n<div class=\"wp-block-column is-layout-flow wp-block-column-is-layout-flow\">\n<h1 class=\"wp-block-heading top-headeris-header has-nv-text-dark-bg-color has-text-color has-x-large-font-size\">Kontaktai<\/h1>\n\n\n\n<p class=\"has-nv-text-dark-bg-color has-text-color has-medium-font-size\">Susisiekime! Para\u0161ykite mums su klausimais, d\u0117l pagalbos ar tiesiog draugi\u0161kam pokalbiui!<\/p>\n<\/div>\n<\/div>\n<\/div><\/div>\n\n\n\n<div style=\"height:50px\" aria-hidden=\"true\" class=\"wp-block-spacer\"><\/div>\n\n\n\n<h2 class=\"wp-block-heading\">Sekite mus socialiniuose tinkluose<\/h2>\n\n\n\n<p class=\"has-text-align-left has-nv-dark-bg-color has-text-color\" style=\"font-size:16px\">Bedraujate? Mes \u2013 taip! \ud83d\ude09 Susisiekite arba pasekite mus <a href=\"https:\/\/www.facebook.com\/planBee-102371521346998\" data-type=\"link\" data-id=\"https:\/\/www.facebook.com\/planBee-102371521346998\" target=\"_blank\" rel=\"noopener\">Facebook<\/a>, <a href=\"https:\/\/www.instagram.com\/planbee_wraps\/\" data-type=\"link\" data-id=\"https:\/\/www.instagram.com\/planbee_wraps\/https:\/\/www.instagram.com\/planbee_wraps\/\" target=\"_blank\" rel=\"noopener\">Instagram<\/a>!<\/p>\n\n\n\n<h2 class=\"wp-block-heading\">Para\u0161ykite mums el. lai\u0161k\u0105<\/h2>\n\n\n\n<p class=\"has-text-align-left has-nv-dark-bg-color has-text-color\" style=\"font-size:16px\">Taip pat galite mums para\u0161yti \u017einut\u0119 adresu <a href=\"mailto:info@planbeewraps.com\">info@planbee.lt<\/a>!<\/p>\n\n\n\n<h2 class=\"wp-block-heading\">Pasisveikinkite studijoje<\/h2>\n\n\n\n<p>U\u017esukite \u012f studij\u0105 \u0160akiuose, ap\u017ei\u016br\u0117kite m\u016bs\u0173 produkcij\u0105 ir i\u0161sirinkite, k\u0105 nor\u0117tum\u0117te \u012fsigyti. Nepamir\u0161kite mums prane\u0161ti i\u0161 anksto, kad gal\u0117tume atsi\u0173sti adres\u0105!<\/p>","protected":false},"excerpt":{"rendered":"<p>Follow us on social media Are you social? We are! \ud83d\ude09 Contact or follow us on Facebook, Instagram! Write us an email Alternatively, feel free to message us at info@planbee.lt! Say hi in the studio Stop by the studio in \u0160akiai, check things out, and pick what you\u2019d like to buy. Just let us know&hellip;&nbsp;<a href=\"https:\/\/planbee.lt\/lt\/contacts\" rel=\"bookmark\">Read More &raquo;<span class=\"screen-reader-text\">Kontaktai<\/span><\/a><\/p>","protected":false},"author":1,"featured_media":634,"parent":0,"menu_order":0,"comment_status":"closed","ping_status":"closed","template":"","meta":{"neve_meta_sidebar":"full-width","neve_meta_container":"","neve_meta_enable_content_width":"on","neve_meta_content_width":100,"neve_meta_title_alignment":"center","neve_meta_author_avatar":"","neve_post_elements_order":"","neve_meta_disable_header":"off","neve_meta_disable_footer":"","neve_meta_disable_title":"on","_themeisle_gutenberg_block_has_review":false,"footnotes":""},"class_list":["post-282","page","type-page","status-publish","has-post-thumbnail","hentry"],"jetpack_sharing_enabled":true,"_links":{"self":[{"href":"https:\/\/planbee.lt\/lt\/wp-json\/wp\/v2\/pages\/282","targetHints":{"allow":["GET"]}}],"collection":[{"href":"https:\/\/planbee.lt\/lt\/wp-json\/wp\/v2\/pages"}],"about":[{"href":"https:\/\/planbee.lt\/lt\/wp-json\/wp\/v2\/types\/page"}],"author":[{"embeddable":true,"href":"https:\/\/planbee.lt\/lt\/wp-json\/wp\/v2\/users\/1"}],"replies":[{"embeddable":true,"href":"https:\/\/planbee.lt\/lt\/wp-json\/wp\/v2\/comments?post=282"}],"version-history":[{"count":27,"href":"https:\/\/planbee.lt\/lt\/wp-json\/wp\/v2\/pages\/282\/revisions"}],"predecessor-version":[{"id":2983,"href":"https:\/\/planbee.lt\/lt\/wp-json\/wp\/v2\/pages\/282\/revisions\/2983"}],"wp:featuredmedia":[{"embeddable":true,"href":"https:\/\/planbee.lt\/lt\/wp-json\/wp\/v2\/media\/634"}],"wp:attachment":[{"href":"https:\/\/planbee.lt\/lt\/wp-json\/wp\/v2\/media?parent=282"}],"curies":[{"name":"wp","href":"https:\/\/api.w.org\/{rel}","templated":true}]}}