{"id":2246,"date":"2024-02-23T20:20:20","date_gmt":"2024-02-23T18:20:20","guid":{"rendered":"https:\/\/planbee.lt\/?page_id=2246"},"modified":"2024-03-24T14:16:10","modified_gmt":"2024-03-24T12:16:10","slug":"is-kur-gauname-biciu-vaska","status":"publish","type":"page","link":"https:\/\/planbee.lt\/lt\/where-do-we-get-beeswax-from","title":{"rendered":"I\u0161 kur gauname bi\u010di\u0173 va\u0161k\u0105?"},"content":{"rendered":"<div class=\"wp-block-cover alignfull\" style=\"min-height:450px;aspect-ratio:unset;\"><span aria-hidden=\"true\" class=\"wp-block-cover__background has-background-dim-60 has-background-dim\"><\/span><img loading=\"lazy\" decoding=\"async\" width=\"1440\" height=\"617\" class=\"wp-block-cover__image-background wp-image-2344\" alt=\"\" src=\"https:\/\/planbee.lt\/wp-content\/uploads\/2024\/02\/Beekeepers.png\" style=\"object-position:50% 37%\" data-object-fit=\"cover\" data-object-position=\"50% 37%\" srcset=\"https:\/\/planbee.lt\/wp-content\/uploads\/2024\/02\/Beekeepers.png 1440w, https:\/\/planbee.lt\/wp-content\/uploads\/2024\/02\/Beekeepers-300x129.png 300w, https:\/\/planbee.lt\/wp-content\/uploads\/2024\/02\/Beekeepers-1024x439.png 1024w, https:\/\/planbee.lt\/wp-content\/uploads\/2024\/02\/Beekeepers-768x329.png 768w, https:\/\/planbee.lt\/wp-content\/uploads\/2024\/02\/Beekeepers-18x8.png 18w, https:\/\/planbee.lt\/wp-content\/uploads\/2024\/02\/Beekeepers-600x257.png 600w\" sizes=\"auto, (max-width: 1440px) 100vw, 1440px\" \/><div class=\"wp-block-cover__inner-container is-layout-flow wp-block-cover-is-layout-flow\">\n<div class=\"wp-block-columns top-headeris is-layout-flex wp-container-core-columns-is-layout-9d6595d7 wp-block-columns-is-layout-flex\">\n<div class=\"wp-block-column is-layout-flow wp-block-column-is-layout-flow\" style=\"flex-basis:80%\">\n<h1 class=\"wp-block-heading top-headeris-header has-nv-text-dark-bg-color has-text-color\" style=\"font-size:56px\">I\u0161 kur gauname bi\u010di\u0173 va\u0161k\u0105?<\/h1>\n\n\n\n<p class=\"has-nv-text-dark-bg-color has-text-color has-medium-font-size\">Ar \u017einojote, kad dirbdami ir su meile kurdami produktus Jums naudojame ne vien savo bityno bi\u010di\u0173 va\u0161k\u0105? \u017davim\u0117s ir nuolat palaikome ry\u0161\u012f su m\u016bs\u0173 kra\u0161to bitininkais, kurie negaili j\u0117g\u0173 ir tri\u016bsia pri\u017ei\u016br\u0117dami bites bei kruop\u0161\u010diai rinkdami med\u0173 ir bi\u010di\u0173 va\u0161k\u0105. Kai tiesiai i\u0161 bitininko rank\u0173 gauname gelton\u0105, pievomis kvepiant\u012f va\u0161ko luit\u0105, abejoni\u0173 d\u0117l va\u0161ko kokyb\u0117s nekyla! Va\u0161ko kokyb\u0119 galima patikrinti papras\u010diausiai \u012fdarbinus savo nos\u012f \u2013 jo nesumai\u0161ysi su niekuo kitu! :)<\/p>\n<\/div>\n\n\n\n<div class=\"wp-block-column is-layout-flow wp-block-column-is-layout-flow\"><\/div>\n<\/div>\n<\/div><\/div>\n\n\n\n<div style=\"height:48px\" aria-hidden=\"true\" class=\"wp-block-spacer\"><\/div>\n\n\n\n<h2 class=\"wp-block-heading\">Pristatome tris pagrindinius m\u016bs\u0173 bi\u010di\u0173 va\u0161ko tiek\u0117jus!<\/h2>\n\n\n\n<p>Su r\u016bpes\u010diu ir atsidavimu surinktas bi\u010di\u0173 va\u0161kas naud\u0105 ne\u0161a ne tik bitininkystei, bet kartu ir visai gamtai. \u0160is \u0161iltas, prisiminim\u0173 ir patyrim\u0173 praturtintas asmeninis prisilietimas u\u017etikrina, kad bitinink\u0173 surinktas bi\u010di\u0173 va\u0161kas yra pa\u010dios auk\u0161\u010diausios kokyb\u0117s. Asmenin\u0117s j\u0173 istorijos tik dar labiau \u012fprasmina m\u016bs\u0173 tautos gilias bitininkyst\u0117s tradicijas.<\/p>\n\n\n\n<div style=\"height:48px\" aria-hidden=\"true\" class=\"wp-block-spacer\"><\/div>\n\n\n\n<div class=\"wp-block-columns is-layout-flex wp-container-core-columns-is-layout-ed5226f6 wp-block-columns-is-layout-flex\" style=\"padding-right:0;padding-left:0\">\n<div class=\"wp-block-column is-layout-flow wp-block-column-is-layout-flow\" style=\"padding-right:24px;flex-basis:66.66%\">\n<h3 class=\"wp-block-heading\">Bitininkas Donatas (mano t\u0117t\u0117)<\/h3>\n\n\n\n<p>Donatas \u2013 tre\u010dios kartos bitininkas, \u017einias apie bitininkyst\u0119 per\u0117m\u0119s i\u0161 savo mamos (mano mo\u010diut\u0117s), o ji i\u0161 savo mamos (mano prosenel\u0117s). Donatas bitininkauja vir\u0161 30 met\u0173. \u0160iuo metu jis pri\u017ei\u016bri ir med\u0173 suka i\u0161 12 bi\u010di\u0173 \u0161eim\u0173.<\/p>\n\n\n\n<blockquote class=\"wp-block-quote is-layout-flow wp-block-quote-is-layout-flow\">\n<p>\u201eBitininkyst\u0117 \u2013 tai mano vasaros hobis. Kuomet kartu su mama u\u017esikuriame d\u016bmines ir einame prie avili\u0173. Perkeliame korius, jei avilyje vietos per ma\u017eai ar per daug, stebime motin\u0117l\u0117s darb\u0105. Malonumas u\u017epl\u016bsta, kai matau, jog bit\u0117s puikai dirba, avilyje netr\u016bksta vietos. Taip pat, patinka ruo\u0161os darbai ruden\u012f ruo\u0161ti bites \u017eiemoti ir profilakti\u0161kai gydyti nuo lig\u0173.\u201c<\/p>\n<cite><em>Prisiminimais ir patyrimais dalinasi Donatas<\/em><\/cite><\/blockquote>\n<\/div>\n\n\n\n<div class=\"wp-block-column is-layout-flow wp-block-column-is-layout-flow\" style=\"padding-left:0;flex-basis:33.33%\">\n<figure class=\"wp-block-video\"><video height=\"1280\" style=\"aspect-ratio: 720 \/ 1280;\" width=\"720\" autoplay loop muted src=\"https:\/\/planbee.lt\/wp-content\/uploads\/2024\/02\/IMG_4550.mp4\" playsinline><\/video><\/figure>\n\n\n\n<div style=\"height:8px\" aria-hidden=\"true\" class=\"wp-block-spacer\"><\/div>\n\n\n\n<figure class=\"wp-block-gallery has-nested-images columns-2 is-cropped wp-block-gallery-1 is-layout-flex wp-block-gallery-is-layout-flex\">\n<figure class=\"wp-block-image size-full\"><img loading=\"lazy\" decoding=\"async\" width=\"612\" height=\"816\" data-id=\"2315\" src=\"https:\/\/planbee.lt\/wp-content\/uploads\/2024\/02\/Mociutei-006.png\" alt=\"Beekeeper Donatas standing tall, holding a honeycomb with his hands\" class=\"wp-image-2315\" srcset=\"https:\/\/planbee.lt\/wp-content\/uploads\/2024\/02\/Mociutei-006.png 612w, https:\/\/planbee.lt\/wp-content\/uploads\/2024\/02\/Mociutei-006-225x300.png 225w, https:\/\/planbee.lt\/wp-content\/uploads\/2024\/02\/Mociutei-006-9x12.png 9w, https:\/\/planbee.lt\/wp-content\/uploads\/2024\/02\/Mociutei-006-600x800.png 600w\" sizes=\"auto, (max-width: 612px) 100vw, 612px\" \/><figcaption class=\"wp-element-caption\">T\u0117t\u0117 per vien\u0105 i\u0161 darbingesni\u0173 dien\u0173<\/figcaption><\/figure>\n\n\n\n<figure class=\"wp-block-image size-full\"><img loading=\"lazy\" decoding=\"async\" width=\"768\" height=\"1024\" data-id=\"2330\" src=\"https:\/\/planbee.lt\/wp-content\/uploads\/2024\/02\/IMG_4227.png\" alt=\"\" class=\"wp-image-2330\" srcset=\"https:\/\/planbee.lt\/wp-content\/uploads\/2024\/02\/IMG_4227.png 768w, https:\/\/planbee.lt\/wp-content\/uploads\/2024\/02\/IMG_4227-225x300.png 225w, https:\/\/planbee.lt\/wp-content\/uploads\/2024\/02\/IMG_4227-9x12.png 9w, https:\/\/planbee.lt\/wp-content\/uploads\/2024\/02\/IMG_4227-600x800.png 600w\" sizes=\"auto, (max-width: 768px) 100vw, 768px\" \/><figcaption class=\"wp-element-caption\">\u0160i\u0105 nuotrauk\u0105 gird\u017eiu ir u\u017euod\u017eiu!<\/figcaption><\/figure>\n<\/figure>\n<\/div>\n<\/div>\n\n\n\n<div style=\"height:24px\" aria-hidden=\"true\" class=\"wp-block-spacer\"><\/div>\n\n\n\n<div class=\"wp-block-columns is-layout-flex wp-container-core-columns-is-layout-ed5226f6 wp-block-columns-is-layout-flex\" style=\"padding-right:0;padding-left:0\">\n<div class=\"wp-block-column is-layout-flow wp-block-column-is-layout-flow\" style=\"padding-right:24px;flex-basis:66.66%\">\n<h3 class=\"wp-block-heading\">Bitininkas Alfonsas (mano d\u0117d\u0117)<\/h3>\n\n\n\n<p>Alfonsas \u2013 pirmos kartos bitininkas ir bitininkauja jau daugiau nei 30 met\u0173. Ta\u010diau avili\u0173 skai\u010dius kito visuomet, kaip ir pas daugel\u012f bitinink\u0173.<\/p>\n\n\n\n<blockquote class=\"wp-block-quote is-layout-flow wp-block-quote-is-layout-flow\">\n<p>\u201eNuo vaikyst\u0117s, kai buvau dar ma\u017eas vaikas, neatsitraukdavau nuo bi\u010di\u0173. Bit\u0117s man buvo \u0161ventas reikalas. Tiek patikdavo jas steb\u0117ti, jog per ilgai u\u017esibuv\u0119s prie j\u0173, plumpt ir gaudavau per nos\u012f! \ud83d\ude0a Ir b\u0117gdavau namo \u0161aukdamas. Jaunyst\u0117je talkininkaudavau d\u0117dei bitininkauti, dar kai pats netur\u0117jau bi\u010di\u0173. Prad\u0117jau bitininkauti nuo vieno avilio, na, o vienu metu bitynas i\u0161sipl\u0117t\u0117 iki 30 avili\u0173.\u201c<\/p>\n<cite><em>Prisiminimais dalinasi Alfonsas<\/em><\/cite><\/blockquote>\n<\/div>\n\n\n\n<div class=\"wp-block-column is-layout-flow wp-block-column-is-layout-flow\" style=\"padding-left:0;flex-basis:33.33%\">\n<figure class=\"wp-block-image size-full\"><img loading=\"lazy\" decoding=\"async\" width=\"576\" height=\"1024\" src=\"https:\/\/planbee.lt\/wp-content\/uploads\/2024\/02\/Bitininkas_Alfonsas_1-edited.png\" alt=\"\" class=\"wp-image-2378\" srcset=\"https:\/\/planbee.lt\/wp-content\/uploads\/2024\/02\/Bitininkas_Alfonsas_1-edited.png 576w, https:\/\/planbee.lt\/wp-content\/uploads\/2024\/02\/Bitininkas_Alfonsas_1-edited-169x300.png 169w, https:\/\/planbee.lt\/wp-content\/uploads\/2024\/02\/Bitininkas_Alfonsas_1-edited-7x12.png 7w\" sizes=\"auto, (max-width: 576px) 100vw, 576px\" \/><\/figure>\n\n\n\n<div style=\"height:8px\" aria-hidden=\"true\" class=\"wp-block-spacer\"><\/div>\n\n\n\n<figure class=\"wp-block-gallery has-nested-images columns-default is-cropped wp-block-gallery-2 is-layout-flex wp-block-gallery-is-layout-flex\">\n<figure class=\"wp-block-image size-full\"><img loading=\"lazy\" decoding=\"async\" width=\"768\" height=\"432\" data-id=\"2379\" src=\"https:\/\/planbee.lt\/wp-content\/uploads\/2024\/02\/Bitininkas_Alfonsas_2-edited.png\" alt=\"\" class=\"wp-image-2379\" srcset=\"https:\/\/planbee.lt\/wp-content\/uploads\/2024\/02\/Bitininkas_Alfonsas_2-edited.png 768w, https:\/\/planbee.lt\/wp-content\/uploads\/2024\/02\/Bitininkas_Alfonsas_2-edited-300x169.png 300w, https:\/\/planbee.lt\/wp-content\/uploads\/2024\/02\/Bitininkas_Alfonsas_2-edited-18x10.png 18w, https:\/\/planbee.lt\/wp-content\/uploads\/2024\/02\/Bitininkas_Alfonsas_2-edited-600x338.png 600w\" sizes=\"auto, (max-width: 768px) 100vw, 768px\" \/><figcaption class=\"wp-element-caption\">Alfonsas niekada nevengia ger\u0173 pokalbi\u0173 ir visada pakelia vis\u0173 nuotaik\u0105!<\/figcaption><\/figure>\n<\/figure>\n<\/div>\n<\/div>\n\n\n\n<div style=\"height:24px\" aria-hidden=\"true\" class=\"wp-block-spacer\"><\/div>\n\n\n\n<div class=\"wp-block-columns is-layout-flex wp-container-core-columns-is-layout-9d6595d7 wp-block-columns-is-layout-flex\">\n<div class=\"wp-block-column is-layout-flow wp-block-column-is-layout-flow\" style=\"padding-right:24px;flex-basis:66.66%\">\n<h3 class=\"wp-block-heading\">Bitininkas Ar\u016bnas<\/h3>\n\n\n\n<p>Ar\u016bnas \u2013 tre\u010dios kartos bitininkas ir pri\u017ei\u016bri apie 250 bi\u010di\u0173 avili\u0173.<\/p>\n\n\n\n<blockquote class=\"wp-block-quote is-layout-flow wp-block-quote-is-layout-flow\">\n<p>\u201eNuo vaikyst\u0117s, gamtos gyvenimas man buvo \u012fdomus. Kadangi bitininkavo seneliai, prie bi\u010di\u0173 eidavau ne v\u0117liau kaip b\u016bdamas 7-eri\u0173 met\u0173. Prad\u017eioje patikdavo pasi\u017ei\u016br\u0117ti kas vyksta avilyje, d\u016bmin\u0119 pap\u016bsti \u0161alia stovint. \u017dav\u0117jo bi\u010di\u0173 gyvenimas, nes tai yra bendruomen\u0117, \u0161eima. Bit\u0117s darbinink\u0117s meil\u0117 motin\u0117lei ir pasiaukojimas begalinis. Daug s\u0105ry\u0161i\u0173 ir pana\u0161um\u0173 yra tarp bit\u0117s ir \u017emogaus. \u017diemomis daug knyg\u0173 skaitydavau apie bites ir po \u0161iai dienai tai yra nenusibostantis darbas. Taip, yra rutinini\u0173 darb\u0173, toki\u0173 kaip medaus sukimas ar va\u0161ko lydymas, ta\u010diau kiekvieni metai yra kitokie. Kei\u010diasi gamta, augalai ir vis kintanti \u017eem\u0117s \u016bkio politika.\u201c<\/p>\n<cite><em>Prisiminimais ir patyrimais dalinasi Ar\u016bnas<\/em><\/cite><\/blockquote>\n<\/div>\n\n\n\n<div class=\"wp-block-column is-layout-flow wp-block-column-is-layout-flow\" style=\"flex-basis:33.33%\">\n<figure class=\"wp-block-video\"><video height=\"1280\" style=\"aspect-ratio: 720 \/ 1280;\" width=\"720\" autoplay loop muted src=\"https:\/\/planbee.lt\/wp-content\/uploads\/2024\/02\/IMG_4958.mp4\" playsinline><\/video><\/figure>\n\n\n\n<div style=\"height:8px\" aria-hidden=\"true\" class=\"wp-block-spacer\"><\/div>\n\n\n\n<figure class=\"wp-block-gallery has-nested-images columns-2 is-cropped wp-block-gallery-3 is-layout-flex wp-block-gallery-is-layout-flex\">\n<figure class=\"wp-block-image size-full\"><img loading=\"lazy\" decoding=\"async\" width=\"756\" height=\"1008\" data-id=\"2307\" src=\"https:\/\/planbee.lt\/wp-content\/uploads\/2024\/02\/IMG_4966.png\" alt=\"Beekeeper Arunas standing with a honeycomb in his hands\" class=\"wp-image-2307\" srcset=\"https:\/\/planbee.lt\/wp-content\/uploads\/2024\/02\/IMG_4966.png 756w, https:\/\/planbee.lt\/wp-content\/uploads\/2024\/02\/IMG_4966-225x300.png 225w, https:\/\/planbee.lt\/wp-content\/uploads\/2024\/02\/IMG_4966-9x12.png 9w, https:\/\/planbee.lt\/wp-content\/uploads\/2024\/02\/IMG_4966-600x800.png 600w\" sizes=\"auto, (max-width: 756px) 100vw, 756px\" \/><figcaption class=\"wp-element-caption\">Bitininkas Ar\u016bnas<\/figcaption><\/figure>\n\n\n\n<figure class=\"wp-block-image size-full\"><img loading=\"lazy\" decoding=\"async\" width=\"756\" height=\"1008\" data-id=\"2308\" src=\"https:\/\/planbee.lt\/wp-content\/uploads\/2024\/02\/IMG_4971.png\" alt=\"Beekeeper Arunas standing next to his hand-made wax melter\" class=\"wp-image-2308\" srcset=\"https:\/\/planbee.lt\/wp-content\/uploads\/2024\/02\/IMG_4971.png 756w, https:\/\/planbee.lt\/wp-content\/uploads\/2024\/02\/IMG_4971-225x300.png 225w, https:\/\/planbee.lt\/wp-content\/uploads\/2024\/02\/IMG_4971-9x12.png 9w, https:\/\/planbee.lt\/wp-content\/uploads\/2024\/02\/IMG_4971-600x800.png 600w\" sizes=\"auto, (max-width: 756px) 100vw, 756px\" \/><figcaption class=\"wp-element-caption\">Ar\u016bnas \u0161i\u0105 va\u0161ko tirpdykl\u0119 paveld\u0117jo i\u0161 savo t\u0117vo<\/figcaption><\/figure>\n<\/figure>\n<\/div>\n<\/div>\n\n\n\n<div style=\"height:16px\" aria-hidden=\"true\" class=\"wp-block-spacer\"><\/div>\n\n\n\n<hr class=\"wp-block-separator has-alpha-channel-opacity is-style-default\"\/>\n\n\n\n<div style=\"height:24px\" aria-hidden=\"true\" class=\"wp-block-spacer\"><\/div>\n\n\n\n<figure class=\"wp-block-gallery has-nested-images columns-4 is-cropped wp-block-gallery-4 is-layout-flex wp-block-gallery-is-layout-flex\">\n<figure class=\"wp-block-image size-full\"><img loading=\"lazy\" decoding=\"async\" width=\"612\" height=\"816\" data-id=\"2329\" src=\"https:\/\/planbee.lt\/wp-content\/uploads\/2024\/02\/IMG_2395.png\" alt=\"\" class=\"wp-image-2329\" srcset=\"https:\/\/planbee.lt\/wp-content\/uploads\/2024\/02\/IMG_2395.png 612w, https:\/\/planbee.lt\/wp-content\/uploads\/2024\/02\/IMG_2395-225x300.png 225w, https:\/\/planbee.lt\/wp-content\/uploads\/2024\/02\/IMG_2395-9x12.png 9w, https:\/\/planbee.lt\/wp-content\/uploads\/2024\/02\/IMG_2395-600x800.png 600w\" sizes=\"auto, (max-width: 612px) 100vw, 612px\" \/><figcaption class=\"wp-element-caption\">M\u016bs\u0173 mylima mo\u010diut\u0117<\/figcaption><\/figure>\n\n\n\n<figure class=\"wp-block-image size-full\"><img loading=\"lazy\" decoding=\"async\" width=\"756\" height=\"1008\" data-id=\"2319\" src=\"https:\/\/planbee.lt\/wp-content\/uploads\/2024\/02\/Slabs_of_beeswax_2.png\" alt=\"Chunks of beeswax\" class=\"wp-image-2319\" srcset=\"https:\/\/planbee.lt\/wp-content\/uploads\/2024\/02\/Slabs_of_beeswax_2.png 756w, https:\/\/planbee.lt\/wp-content\/uploads\/2024\/02\/Slabs_of_beeswax_2-225x300.png 225w, https:\/\/planbee.lt\/wp-content\/uploads\/2024\/02\/Slabs_of_beeswax_2-9x12.png 9w, https:\/\/planbee.lt\/wp-content\/uploads\/2024\/02\/Slabs_of_beeswax_2-600x800.png 600w\" sizes=\"auto, (max-width: 756px) 100vw, 756px\" \/><figcaption class=\"wp-element-caption\">Kiekvienas va\u0161ko gabalas sveria ma\u017edaug 12\u201314 kg<\/figcaption><\/figure>\n<\/figure>","protected":false},"excerpt":{"rendered":"<p>Allow us to present our three main beeswax suppliers! Beeswax collected with care and dedication brings benefits not only to beekeeping, but also to the whole nature. This warm personal touch, enriched by memories and experiences, ensures that the beeswax collected by the beekeepers is of the highest quality. Their personal stories only add more&hellip;&nbsp;<a href=\"https:\/\/planbee.lt\/lt\/where-do-we-get-beeswax-from\" rel=\"bookmark\">Read More &raquo;<span class=\"screen-reader-text\">I\u0161 kur gauname bi\u010di\u0173 va\u0161k\u0105?<\/span><\/a><\/p>","protected":false},"author":4,"featured_media":0,"parent":0,"menu_order":0,"comment_status":"closed","ping_status":"closed","template":"","meta":{"neve_meta_sidebar":"full-width","neve_meta_container":"contained","neve_meta_enable_content_width":"on","neve_meta_content_width":100,"neve_meta_title_alignment":"","neve_meta_author_avatar":"","neve_post_elements_order":"","neve_meta_disable_header":"off","neve_meta_disable_footer":"","neve_meta_disable_title":"on","_themeisle_gutenberg_block_has_review":false,"footnotes":""},"class_list":["post-2246","page","type-page","status-publish","hentry"],"jetpack_sharing_enabled":true,"_links":{"self":[{"href":"https:\/\/planbee.lt\/lt\/wp-json\/wp\/v2\/pages\/2246","targetHints":{"allow":["GET"]}}],"collection":[{"href":"https:\/\/planbee.lt\/lt\/wp-json\/wp\/v2\/pages"}],"about":[{"href":"https:\/\/planbee.lt\/lt\/wp-json\/wp\/v2\/types\/page"}],"author":[{"embeddable":true,"href":"https:\/\/planbee.lt\/lt\/wp-json\/wp\/v2\/users\/4"}],"replies":[{"embeddable":true,"href":"https:\/\/planbee.lt\/lt\/wp-json\/wp\/v2\/comments?post=2246"}],"version-history":[{"count":88,"href":"https:\/\/planbee.lt\/lt\/wp-json\/wp\/v2\/pages\/2246\/revisions"}],"predecessor-version":[{"id":2403,"href":"https:\/\/planbee.lt\/lt\/wp-json\/wp\/v2\/pages\/2246\/revisions\/2403"}],"wp:attachment":[{"href":"https:\/\/planbee.lt\/lt\/wp-json\/wp\/v2\/media?parent=2246"}],"curies":[{"name":"wp","href":"https:\/\/api.w.org\/{rel}","templated":true}]}}