{"id":1843,"date":"2023-08-10T16:47:45","date_gmt":"2023-08-10T14:47:45","guid":{"rendered":"https:\/\/planbee.lt\/?page_id=1843"},"modified":"2025-12-03T21:30:45","modified_gmt":"2025-12-03T19:30:45","slug":"pasimatykime-gyvai","status":"publish","type":"page","link":"https:\/\/planbee.lt\/lt\/lets-meet-up","title":{"rendered":"Pasimatykime gyvai"},"content":{"rendered":"<div class=\"wp-block-cover alignfull\" style=\"min-height:300px;aspect-ratio:unset;\"><img loading=\"lazy\" decoding=\"async\" width=\"2280\" height=\"2280\" class=\"wp-block-cover__image-background wp-image-1854\" alt=\"\" src=\"https:\/\/planbee.lt\/wp-content\/uploads\/2023\/08\/planBee_Events_Cover3.jpg\" style=\"object-position:54% 55%\" data-object-fit=\"cover\" data-object-position=\"54% 55%\" srcset=\"https:\/\/planbee.lt\/wp-content\/uploads\/2023\/08\/planBee_Events_Cover3.jpg 2280w, https:\/\/planbee.lt\/wp-content\/uploads\/2023\/08\/planBee_Events_Cover3-300x300.jpg 300w, https:\/\/planbee.lt\/wp-content\/uploads\/2023\/08\/planBee_Events_Cover3-1024x1024.jpg 1024w, https:\/\/planbee.lt\/wp-content\/uploads\/2023\/08\/planBee_Events_Cover3-150x150.jpg 150w, https:\/\/planbee.lt\/wp-content\/uploads\/2023\/08\/planBee_Events_Cover3-768x768.jpg 768w, https:\/\/planbee.lt\/wp-content\/uploads\/2023\/08\/planBee_Events_Cover3-1536x1536.jpg 1536w, https:\/\/planbee.lt\/wp-content\/uploads\/2023\/08\/planBee_Events_Cover3-2048x2048.jpg 2048w, https:\/\/planbee.lt\/wp-content\/uploads\/2023\/08\/planBee_Events_Cover3-12x12.jpg 12w, https:\/\/planbee.lt\/wp-content\/uploads\/2023\/08\/planBee_Events_Cover3-600x600.jpg 600w, https:\/\/planbee.lt\/wp-content\/uploads\/2023\/08\/planBee_Events_Cover3-100x100.jpg 100w\" sizes=\"auto, (max-width: 2280px) 100vw, 2280px\" \/><span aria-hidden=\"true\" class=\"wp-block-cover__background has-background-dim-60 has-background-dim\"><\/span><div class=\"wp-block-cover__inner-container is-layout-flow wp-block-cover-is-layout-flow\">\n<div class=\"wp-block-columns top-headeris is-layout-flex wp-container-core-columns-is-layout-9d6595d7 wp-block-columns-is-layout-flex\">\n<div class=\"wp-block-column is-layout-flow wp-block-column-is-layout-flow\" style=\"flex-basis:75%\">\n<h1 class=\"wp-block-heading top-headeris-header has-nv-text-dark-bg-color has-text-color\" style=\"font-size:56px\">Mug\u0117s ir \u0161vent\u0117s<\/h1>\n\n\n\n<p class=\"has-nv-text-dark-bg-color has-text-color has-medium-font-size\">N\u0117ra nieko geresnio nei aki\u0173 kontaktas ir gyvas pa\u0161nekesys, tad, d\u017eiaugiam\u0117s gal\u0117dami su Jumis susitikti ir Jums pristatyti m\u016bs\u0173 produktus \u0161iuose renginiuose!<\/p>\n<\/div>\n\n\n\n<div class=\"wp-block-column is-layout-flow wp-block-column-is-layout-flow\"><\/div>\n<\/div>\n<\/div><\/div>\n\n\n\n<div style=\"height:48px\" aria-hidden=\"true\" class=\"wp-block-spacer\"><\/div>\n\n\n\n<p>Lentel\u0117 \u017eemiau nurodo artimiausi\u0173 festivali\u0173 ar mugi\u0173, kuriose planBee dalyvaus, datas bei vietas.<\/p>\n\n\n\n<figure class=\"wp-block-table\"><table><tbody><tr><td><strong>Data<\/strong><\/td><td><strong>Miestas<\/strong><\/td><td><strong>\u0160vent\u0117 ar mug\u0117<\/strong><\/td><\/tr><tr><td><strong>2025<\/strong><\/td><td><\/td><td><\/td><\/tr><tr><td>Gruod\u017eio 20\u201322, 2025<\/td><td>Vilnius<\/td><td><a href=\"https:\/\/www.facebook.com\/events\/men%C5%B3-fabrikas-loftas\/uptown-christmas25-paskutin%C4%97s-minut%C4%97s-mug%C4%97\/1911637606369786\/\" data-type=\"link\" data-id=\"https:\/\/www.facebook.com\/events\/men%C5%B3-fabrikas-loftas\/uptown-christmas25-paskutin%C4%97s-minut%C4%97s-mug%C4%97\/1911637606369786\/\" target=\"_blank\" rel=\"noopener\">Uptown Christmas&#8217;25: Paskutin\u0117s minut\u0117s mug\u0117<\/a><\/td><\/tr><tr><td><s>Rugs\u0117jo 5\u20137, 2025<\/s><\/td><td><s>Vilnius<\/s><\/td><td><a href=\"https:\/\/www.vilnius-events.lt\/renginiai\/vilniaus-dienos-2025\/\" data-type=\"link\" data-id=\"https:\/\/www.vilnius-events.lt\/renginiai\/vilniaus-dienos-2025\/\" target=\"_blank\" rel=\"noopener\"><s>Vilniaus sostin\u0117s dienos 2025<\/s><\/a><\/td><\/tr><tr><td><s>Rugpj\u016b\u010dio 15, 2025<\/s><\/td><td><s>Stripeikiai<\/s><\/td><td><a href=\"http:\/\/www.biciumuziejus.lt\/index.php\/35-medkopio-pabaigos-svente\" data-type=\"link\" data-id=\"http:\/\/www.biciumuziejus.lt\/index.php\/35-medkopio-pabaigos-svente\" target=\"_blank\" rel=\"noopener\"><s>Medkopio \u0161vent\u0117<\/s><\/a><\/td><\/tr><tr><td><s>Rugpj\u016b\u010dio 2, 2025<\/s><\/td><td><s>Pae\u017eeriai<\/s><\/td><td><a href=\"https:\/\/www.bitininkusajunga.lt\/2025\/05\/15\/xlvii-lietuvos-bitininku-sventes-programa\/\" data-type=\"link\" data-id=\"https:\/\/www.bitininkusajunga.lt\/2025\/05\/15\/xlvii-lietuvos-bitininku-sventes-programa\/\" target=\"_blank\" rel=\"noopener\"><s>XLVII Lietuvos bitinink\u0173 \u0161vent\u0117<\/s><\/a><\/td><\/tr><tr><td><s>Liepos 25\u201327, 2025<\/s><\/td><td><s>Klaip\u0117da<\/s><\/td><td><a href=\"https:\/\/klaipedossventes.lt\/renginiai\/juros-svente-2025\/\" data-type=\"link\" data-id=\"https:\/\/klaipedossventes.lt\/renginiai\/juros-svente-2025\/\" target=\"_blank\" rel=\"noopener\"><s>J\u016bros \u0161vent\u0117<\/s><\/a><\/td><\/tr><tr><td><s>Liepos 19, 2025<\/s><\/td><td><s>Lek\u0117\u010diai<\/s><\/td><td><a href=\"https:\/\/visitlekeciai.lt\/melyniu-festivalis\/\" data-type=\"link\" data-id=\"https:\/\/visitlekeciai.lt\/melyniu-festivalis\/\" target=\"_blank\" rel=\"noopener\"><s>M\u0117lyni\u0173 festivalis Lek\u0117\u010diuose<\/s><\/a><\/td><\/tr><tr><td><s>Gegu\u017e\u0117s 2\u20133, 2025<\/s><\/td><td><s>Jurbarkas<\/s><\/td><td><a href=\"https:\/\/jurbarkas.info\/renginiai\/jurbarko-miesto-ir-verslo-dienos-2025\/\" data-type=\"link\" data-id=\"https:\/\/jurbarkas.info\/renginiai\/jurbarko-miesto-ir-verslo-dienos-2025\/\" target=\"_blank\" rel=\"noopener\"><s>Jurbarko miesto ir verslo dienos 2025<\/s><\/a><\/td><\/tr><tr><td><s>Kovo 7\u20139, 2025<\/s><\/td><td><s>Vilnius<\/s><\/td><td><s>Kaziuko Mug\u0117<\/s><\/td><\/tr><tr><td><strong>2024<\/strong><\/td><td><\/td><td><\/td><\/tr><tr><td><s>Gruod\u017eio 20\u201322, 2024<\/s><\/td><td><s>Vilnius<\/s><\/td><td><a href=\"https:\/\/www.facebook.com\/events\/s\/uptown-christmas24-paskutines-\/554861330468506\" data-type=\"link\" data-id=\"https:\/\/www.facebook.com\/events\/s\/uptown-christmas24-paskutines-\/554861330468506\" target=\"_blank\" rel=\"noopener\"><s>Uptown Christmas&#8217;24: Paskutin\u0117s minut\u0117s mug\u0117<\/s><\/a><\/td><\/tr><tr><td><s>Gruod\u017eio 17\u201318, 2024<\/s><\/td><td><s>Kaunas<\/s><\/td><td><s>DAL\u00d9 Pop Up<\/s><\/td><\/tr><tr><td><s>Spalio 19, 2024<\/s><\/td><td><s>Klaip\u0117da<\/s><\/td><td><a href=\"https:\/\/www.kaipkada.lt\/straipsniai\/maistas-gerimai\/vilniuje-klaipedoje-ir-siauliuose-rengiamame-gero-maisto-festivalyje-produktai-be-chemijos\/\" data-type=\"link\" data-id=\"https:\/\/www.kaipkada.lt\/straipsniai\/maistas-gerimai\/vilniuje-klaipedoje-ir-siauliuose-rengiamame-gero-maisto-festivalyje-produktai-be-chemijos\/\" target=\"_blank\" rel=\"noopener\"><s>Gero maisto festivalis<\/s><\/a><\/td><\/tr><tr><td><s>Rugs\u0117jo 20\u201322, 2024<\/s><\/td><td><s>Kaunas<\/s><\/td><td><a href=\"https:\/\/kultura.kaunas.lt\/renginys\/kauno-rudens-muge-2024\/14538\" data-type=\"link\" data-id=\"https:\/\/kultura.kaunas.lt\/renginys\/kauno-rudens-muge-2024\/14538\" target=\"_blank\" rel=\"noopener\"><s>Kauno rudens mug\u0117 2024<\/s><\/a><\/td><\/tr><tr><td><s>Rugpj\u016b\u010dio 30 \u2013 Rugs\u0117jo 1, 2024<\/s><\/td><td><s>Vilnius<\/s><\/td><td><a href=\"https:\/\/www.vilniusfestivals.lt\/festivalis\/sostines-dienos\" target=\"_blank\" rel=\"noopener\"><s>Sostin\u0117s dienos 2024<\/s><\/a><\/td><\/tr><tr><td><s>Liepos 20, 2024<\/s><\/td><td><s>Ignalina<\/s><\/td><td><a href=\"https:\/\/myfest.lt\/renginys\/ignalinos-miesto-svente-2024\/\" target=\"_blank\" rel=\"noopener\"><s>Ignalinos miesto \u0161vent\u0117<\/s><\/a><\/td><\/tr><tr><td><s>Liepos 13, 2024<\/s><\/td><td><s>Radvili\u0161kis<\/s><\/td><td><s>Radvili\u0161kio miesto \u0161vent\u0117<\/s><\/td><\/tr><tr><td><s>Bir\u017eelio 29, 2024<\/s><\/td><td><s>Mol\u0117tai<\/s><\/td><td><s>\u0160vent\u0117 Mol\u0117tuose<\/s><\/td><\/tr><tr><td><s>Bir\u017eelio 1, 2024<\/s><\/td><td><s>Garg\u017edai<\/s><\/td><td><a href=\"https:\/\/myfest.lt\/renginys\/gargzdu-miesto-svente\/\" target=\"_blank\" rel=\"noopener\"><s>Garg\u017ed\u0173 miesto \u0161vent\u0117<\/s><\/a><\/td><\/tr><tr><td><s>Gegu\u017e\u0117 24\u201326, 2024<\/s><\/td><td><s>Druskininkai<\/s><\/td><td><a href=\"https:\/\/renginiai.druskininkai.lt\/renginys\/2547\/druskininku-kurorto-svente-2024\" data-type=\"link\" data-id=\"https:\/\/renginiai.druskininkai.lt\/renginys\/2547\/druskininku-kurorto-svente-2024\" target=\"_blank\" rel=\"noopener\"><s>Druskinink\u0173 kurorto \u0161vent\u0117<\/s><\/a><\/td><\/tr><tr><td><s>Baland\u017eio 19\u201321, 2024<\/s><\/td><td><s>Kaunas<\/s><\/td><td><a href=\"https:\/\/kaunomuge.lt\/\" data-type=\"link\" data-id=\"https:\/\/kaunomuge.lt\/\" target=\"_blank\" rel=\"noopener\"><s>Kauno mug\u0117 Pavasaris 2024<\/s><\/a><\/td><\/tr><tr><td><s>Kovo 22\u201324, 2024<\/s><\/td><td><s>Kaunas<\/s><\/td><td><s>Kaziuko mug\u0117<\/s><\/td><\/tr><tr><td><strong>2023<\/strong><\/td><td><\/td><td><\/td><\/tr><tr><td><s>Gruod\u017eio 21\u201323, 2023<\/s><\/td><td><s>Vilnius<\/s><\/td><td><a href=\"https:\/\/www.facebook.com\/events\/686174819753880\" data-type=\"link\" data-id=\"https:\/\/www.facebook.com\/events\/686174819753880\" target=\"_blank\" rel=\"noopener\"><s>Uptown Christmas&#8217;23: Paskutin\u0117s minut\u0117s mug\u0117<\/s><\/a><\/td><\/tr><tr><td><s>Gruod\u017eio 17, 2023<\/s><\/td><td><s>Klaip\u0117da<\/s><\/td><td><a href=\"https:\/\/festivus.lt\/renginiai\/undefined\/didzioji-kaledine-klaipedos-muge-2023-m\" data-type=\"link\" data-id=\"https:\/\/festivus.lt\/renginiai\/undefined\/didzioji-kaledine-klaipedos-muge-2023-m\" target=\"_blank\" rel=\"noopener\"><s>Did\u017eioji Kal\u0117din\u0117 Klaip\u0117dos mug\u0117<\/s><\/a><\/td><\/tr><tr><td><s>Gruod\u017eio 10, 2023<\/s><\/td><td><s>\u0160iauliai<\/s><\/td><td><a href=\"https:\/\/renginiai.kasvyksta.lt\/112002\/didzioji-kaledine-siauliu-muge-2023\" data-type=\"link\" data-id=\"https:\/\/renginiai.kasvyksta.lt\/112002\/didzioji-kaledine-siauliu-muge-2023\" target=\"_blank\" rel=\"noopener\"><s>Did\u017eioji Kal\u0117din\u0117 \u0160iauli\u0173 mug\u0117<\/s><\/a><\/td><\/tr><tr><td><s>Spalio 6\u20138, 2023<\/s><\/td><td><s>Kaunas<\/s><\/td><td><a href=\"https:\/\/zalgirioarena.lt\/lt\/renginiai\/rinkis-preke-lietuviska-2023-1-diena\/\" data-type=\"link\" data-id=\"https:\/\/zalgirioarena.lt\/lt\/renginiai\/rinkis-preke-lietuviska-2023-1-diena\/\" target=\"_blank\" rel=\"noopener\"><s>Rinkis prek\u0119 lietuvi\u0161k\u0105 2023<\/s><\/a><\/td><\/tr><tr><td><s>Rugs\u0117jo 30, 2023<\/s><\/td><td><s>Taurag\u0117<\/s><\/td><td><a href=\"https:\/\/mugiucentras.lt\/renginys\/taurage-rudenojai\" data-type=\"link\" data-id=\"https:\/\/mugiucentras.lt\/renginys\/taurage-rudenojai\" target=\"_blank\" rel=\"noopener\"><s>Rudenojai<\/s><\/a><\/td><\/tr><tr><td><s>Rugs\u0117jo 22\u201324, 2023<\/s><\/td><td><s>Kaunas<\/s><\/td><td><a href=\"http:\/\/kaunomuge.lt\/\" data-type=\"link\" data-id=\"http:\/\/kaunomuge.lt\/\" target=\"_blank\" rel=\"noopener\"><s>Kauno mug\u0117 Ruduo 2023<\/s><\/a><\/td><\/tr><tr><td><s>Rugpj\u016b\u010dio 27, 2023<\/s><\/td><td><s>Marijampol\u0117<\/s><\/td><td><a href=\"https:\/\/festivus.lt\/renginiai\/duzgia-avilys\/duzgia-avilys-marijampole-ruduo\" data-type=\"link\" data-id=\"https:\/\/festivus.lt\/renginiai\/duzgia-avilys\/duzgia-avilys-marijampole\" target=\"_blank\" rel=\"noopener\"><s>D\u016bzgia avilys<\/s><\/a><\/td><\/tr><tr><td><s>Rugpj\u016b\u010dio 26, 2023<\/s><\/td><td><s>Panev\u0117\u017eys<\/s><\/td><td><a href=\"https:\/\/festivus.lt\/renginiai\/duzgia-avilys\/duzgia-avilys-panevezys-ruduo\" data-type=\"link\" data-id=\"https:\/\/festivus.lt\/renginiai\/undefined\/duzgia-avilys-panevezys\" target=\"_blank\" rel=\"noopener\"><s>D\u016bzgia avilys<\/s><\/a><\/td><\/tr><tr><td><s>Liepos 21\u201323, 2023<\/s><\/td><td><s>Klaip\u0117da<\/s><\/td><td><a href=\"https:\/\/klaipedossventes.lt\/juros-svente-2023\/\" data-type=\"link\" data-id=\"https:\/\/klaipedossventes.lt\/juros-svente-2023\/\" target=\"_blank\" rel=\"noopener\"><s>J\u016bros \u0161vent\u0117 2023<\/s><\/a><\/td><\/tr><\/tbody><\/table><\/figure>","protected":false},"excerpt":{"rendered":"<p>The table below shows the dates and locations of the upcoming festivals or fairs that planBee will be attending. Date City Festival or fair 2025 December 20\u201322, 2025 Vilnius Uptown Christmas&#8217;25: Paskutin\u0117s minut\u0117s mug\u0117 September 5\u20137, 2025 Vilnius Vilniaus sostin\u0117s dienos 2025 August 15, 2025 Stripeikiai Medkopio \u0161vent\u0117 August 2, 2025 Pae\u017eeriai XLVII Lietuvos bitinink\u0173&hellip;&nbsp;<a href=\"https:\/\/planbee.lt\/lt\/lets-meet-up\" rel=\"bookmark\">Read More &raquo;<span class=\"screen-reader-text\">Pasimatykime gyvai<\/span><\/a><\/p>","protected":false},"author":4,"featured_media":1863,"parent":0,"menu_order":0,"comment_status":"closed","ping_status":"closed","template":"","meta":{"neve_meta_sidebar":"full-width","neve_meta_container":"default","neve_meta_enable_content_width":"on","neve_meta_content_width":100,"neve_meta_title_alignment":"","neve_meta_author_avatar":"","neve_post_elements_order":"","neve_meta_disable_header":"off","neve_meta_disable_footer":"","neve_meta_disable_title":"on","_themeisle_gutenberg_block_has_review":false,"footnotes":""},"class_list":["post-1843","page","type-page","status-publish","has-post-thumbnail","hentry"],"jetpack_sharing_enabled":true,"_links":{"self":[{"href":"https:\/\/planbee.lt\/lt\/wp-json\/wp\/v2\/pages\/1843","targetHints":{"allow":["GET"]}}],"collection":[{"href":"https:\/\/planbee.lt\/lt\/wp-json\/wp\/v2\/pages"}],"about":[{"href":"https:\/\/planbee.lt\/lt\/wp-json\/wp\/v2\/types\/page"}],"author":[{"embeddable":true,"href":"https:\/\/planbee.lt\/lt\/wp-json\/wp\/v2\/users\/4"}],"replies":[{"embeddable":true,"href":"https:\/\/planbee.lt\/lt\/wp-json\/wp\/v2\/comments?post=1843"}],"version-history":[{"count":60,"href":"https:\/\/planbee.lt\/lt\/wp-json\/wp\/v2\/pages\/1843\/revisions"}],"predecessor-version":[{"id":3154,"href":"https:\/\/planbee.lt\/lt\/wp-json\/wp\/v2\/pages\/1843\/revisions\/3154"}],"wp:featuredmedia":[{"embeddable":true,"href":"https:\/\/planbee.lt\/lt\/wp-json\/wp\/v2\/media\/1863"}],"wp:attachment":[{"href":"https:\/\/planbee.lt\/lt\/wp-json\/wp\/v2\/media?parent=1843"}],"curies":[{"name":"wp","href":"https:\/\/api.w.org\/{rel}","templated":true}]}}