{"id":1469,"date":"2022-11-22T21:25:19","date_gmt":"2022-11-22T19:25:19","guid":{"rendered":"https:\/\/planbee.lt\/?page_id=1469"},"modified":"2024-02-19T16:41:32","modified_gmt":"2024-02-19T14:41:32","slug":"kilnus-tikslai","status":"publish","type":"page","link":"https:\/\/planbee.lt\/lt\/noble-causes","title":{"rendered":"Kiln\u016bs tikslai"},"content":{"rendered":"<div class=\"wp-block-cover alignfull is-light\" style=\"min-height:400px;aspect-ratio:unset;\"><span aria-hidden=\"true\" class=\"wp-block-cover__background has-background-dim-40 has-background-dim\"><\/span><img loading=\"lazy\" decoding=\"async\" width=\"2560\" height=\"1439\" class=\"wp-block-cover__image-background wp-image-2239\" alt=\"\" src=\"https:\/\/planbee.lt\/wp-content\/uploads\/2024\/02\/NobleCauses_Header-scaled.jpg\" style=\"object-position:49% 41%\" data-object-fit=\"cover\" data-object-position=\"49% 41%\" srcset=\"https:\/\/planbee.lt\/wp-content\/uploads\/2024\/02\/NobleCauses_Header-scaled.jpg 2560w, https:\/\/planbee.lt\/wp-content\/uploads\/2024\/02\/NobleCauses_Header-300x169.jpg 300w, https:\/\/planbee.lt\/wp-content\/uploads\/2024\/02\/NobleCauses_Header-1024x575.jpg 1024w, https:\/\/planbee.lt\/wp-content\/uploads\/2024\/02\/NobleCauses_Header-768x432.jpg 768w, https:\/\/planbee.lt\/wp-content\/uploads\/2024\/02\/NobleCauses_Header-1536x863.jpg 1536w, https:\/\/planbee.lt\/wp-content\/uploads\/2024\/02\/NobleCauses_Header-2048x1151.jpg 2048w, https:\/\/planbee.lt\/wp-content\/uploads\/2024\/02\/NobleCauses_Header-18x10.jpg 18w, https:\/\/planbee.lt\/wp-content\/uploads\/2024\/02\/NobleCauses_Header-600x337.jpg 600w\" sizes=\"auto, (max-width: 2560px) 100vw, 2560px\" \/><div class=\"wp-block-cover__inner-container is-layout-flow wp-block-cover-is-layout-flow\">\n<div class=\"wp-block-columns top-headeris is-layout-flex wp-container-core-columns-is-layout-9d6595d7 wp-block-columns-is-layout-flex\">\n<div class=\"wp-block-column is-layout-flow wp-block-column-is-layout-flow\" style=\"flex-basis:75%\">\n<h1 class=\"wp-block-heading top-headeris-header has-nv-text-dark-bg-color has-text-color\" style=\"font-size:56px\">Kiln\u016bs tikslai<\/h1>\n\n\n\n<p class=\"has-nv-text-dark-bg-color has-text-color has-medium-font-size\">planBee misija \u2013 b\u016bti s\u0105moningiems tausojant \u017dem\u0119. Norime prisid\u0117ti prie gamtos i\u0161saugojimo tiek vietos, tiek globaliu mastu, tod\u0117l bendradarbiaujame su ne pelno siekian\u010dia organizacija \"<a href=\"https:\/\/theoceancleanup.com\/\" data-type=\"link\" data-id=\"https:\/\/theoceancleanup.com\/\" target=\"_blank\" rel=\"noopener\">The Ocean Cleanup<\/a>\" ir dal\u012f u\u017edirbt\u0173 pajam\u0173 pervedame, kad pasaulio vandenynai b\u016bt\u0173 i\u0161valyti nuo plastiko.<\/p>\n\n\n\n<p class=\"has-nv-text-dark-bg-color has-text-color has-small-font-size\">Nuotrauka \u2013 The Ocean Cleanup<\/p>\n<\/div>\n\n\n\n<div class=\"wp-block-column is-layout-flow wp-block-column-is-layout-flow\"><\/div>\n<\/div>\n<\/div><\/div>\n\n\n\n<div style=\"height:50px\" aria-hidden=\"true\" class=\"wp-block-spacer\"><\/div>\n\n\n\n<div id=\"wp-block-themeisle-blocks-advanced-columns-a9eac122\" class=\"wp-block-themeisle-blocks-advanced-columns has-1-columns has-desktop-equal-layout has-tablet-equal-layout has-mobile-equal-layout has-vertical-unset\"><div class=\"wp-block-themeisle-blocks-advanced-columns-overlay\"><\/div><div class=\"innerblocks-wrap\">\n<div id=\"wp-block-themeisle-blocks-advanced-column-756a6f9c\" class=\"wp-block-themeisle-blocks-advanced-column\">\n<h2 class=\"wp-block-heading\"><strong>Dali savo pardavim\u0173 aukojame kilniems tikslams<\/strong><\/h2>\n\n\n\n<p>M\u016bs\u0173, kaip prek\u0117s \u017eenklo, misija yra kovoti su plastiko tar\u0161a kartu siekiant i\u0161saugoti bites. Mes norime suma\u017einti vienkartinio plastiko poreik\u012f, kuris ter\u0161ia m\u016bs\u0173 \u017dem\u0119, j\u016bras bei vandenynus. Taip pat norime pad\u0117ti sukurti teigiamus poky\u010dius m\u016bs\u0173 planetoje gyvenantiems \u017emon\u0117ms ir gyv\u016bnams, tod\u0117l \u012fsipareigojome gr\u0105\u017einti dal\u012f savo pardavim\u0173 organizacijai ir \u017emon\u0117ms, kurie sunkiai dirba valant vandenynus nuo \u0161iuk\u0161li\u0173.<\/p>\n\n\n\n<p><\/p>\n<\/div>\n<\/div><\/div>\n\n\n\n<figure class=\"wp-block-image size-full\"><img loading=\"lazy\" decoding=\"async\" width=\"2560\" height=\"1707\" src=\"https:\/\/planbee.lt\/wp-content\/uploads\/2023\/06\/211008-Oceans-System-002-Trip-2-Offload-S1H-DvdK-85-scaled-1.jpg\" alt=\"A couple of our noble causes here at planBee are cleaning up the ocean and raising awareness about helping the planet.\" class=\"wp-image-1621\" srcset=\"https:\/\/planbee.lt\/wp-content\/uploads\/2023\/06\/211008-Oceans-System-002-Trip-2-Offload-S1H-DvdK-85-scaled-1.jpg 2560w, https:\/\/planbee.lt\/wp-content\/uploads\/2023\/06\/211008-Oceans-System-002-Trip-2-Offload-S1H-DvdK-85-scaled-1-300x200.jpg 300w, https:\/\/planbee.lt\/wp-content\/uploads\/2023\/06\/211008-Oceans-System-002-Trip-2-Offload-S1H-DvdK-85-scaled-1-1024x683.jpg 1024w, https:\/\/planbee.lt\/wp-content\/uploads\/2023\/06\/211008-Oceans-System-002-Trip-2-Offload-S1H-DvdK-85-scaled-1-768x512.jpg 768w, https:\/\/planbee.lt\/wp-content\/uploads\/2023\/06\/211008-Oceans-System-002-Trip-2-Offload-S1H-DvdK-85-scaled-1-1536x1024.jpg 1536w, https:\/\/planbee.lt\/wp-content\/uploads\/2023\/06\/211008-Oceans-System-002-Trip-2-Offload-S1H-DvdK-85-scaled-1-2048x1366.jpg 2048w, https:\/\/planbee.lt\/wp-content\/uploads\/2023\/06\/211008-Oceans-System-002-Trip-2-Offload-S1H-DvdK-85-scaled-1-18x12.jpg 18w, https:\/\/planbee.lt\/wp-content\/uploads\/2023\/06\/211008-Oceans-System-002-Trip-2-Offload-S1H-DvdK-85-scaled-1-930x620.jpg 930w, https:\/\/planbee.lt\/wp-content\/uploads\/2023\/06\/211008-Oceans-System-002-Trip-2-Offload-S1H-DvdK-85-scaled-1-600x400.jpg 600w\" sizes=\"auto, (max-width: 2560px) 100vw, 2560px\" \/><figcaption class=\"wp-element-caption\">Nuotrauka \u2013 The Ocean Cleanup<\/figcaption><\/figure>\n\n\n\n<div style=\"height:24px\" aria-hidden=\"true\" class=\"wp-block-spacer\"><\/div>\n\n\n\n<div id=\"wp-block-themeisle-blocks-advanced-columns-dc212f1b\" class=\"wp-block-themeisle-blocks-advanced-columns has-1-columns has-desktop-equal-layout has-tablet-equal-layout has-mobile-equal-layout has-vertical-unset\"><div class=\"wp-block-themeisle-blocks-advanced-columns-overlay\"><\/div><div class=\"innerblocks-wrap\">\n<div id=\"wp-block-themeisle-blocks-advanced-column-c402d5c3\" class=\"wp-block-themeisle-blocks-advanced-column\">\n<h2 class=\"wp-block-heading\"><strong>Kod\u0117l \u201eThe Ocean Cleanup\u201c?<\/strong><\/h2>\n\n\n\n<p>Kasmet pagaminama per 380 milijon\u0173 ton\u0173 plastiko. I\u0161 j\u0173, ma\u017edaug 10 miljon\u0173 ton\u0173 patenka \u012f vandenynus. Probema ta, kad plastikas nesuyra ir \u0161iandien tai yra viena did\u017eiausi\u0173 aplinkosaugos problem\u0173 kelianti gr\u0117sm\u0119 ne tik vandens gyv\u016bnams, bet ir \u017emoni\u0173 sveikatai. \u201eThe Ocean Cleanup\u201c yra ne pelno siekianti organizacija \u012fsik\u016brusi Nyderlanduose ir JAV, kurianti bei didinanti technologijas, skirtas i\u0161valyti vandenynus bei sustabdyti plastiko \u0161altinius prie\u0161 patenkant \u012f vandenyn\u0105. Komand\u0105 sudaro 120 in\u017einieri\u0173, tyr\u0117j\u0173, mokslinink\u0173, skai\u010diavim\u0173 modeliuotoj\u0173 ir kit\u0173 pagalbini\u0173 vaidmen\u0173. J\u0173 tikslas yra iki 2040 met\u0173 pa\u0161alinti 90 % vandenynuose pl\u016bduriuojan\u010dio plastiko.<\/p>\n\n\n\n<h2 class=\"wp-block-heading\"><strong>Geriausia kilni\u0173 tiksl\u0173 dalis<\/strong><\/h2>\n\n\n\n<p>Ar \u017einote t\u0105 jausm\u0105, kai skaniai pavalgote ir paliekate arbatpinigi\u0173? Kai j\u016bs <a href=\"https:\/\/planbee.lt\/lt\/shop\/\" data-type=\"link\" data-id=\"https:\/\/planbee.lt\/en\/shop\">perkate<\/a>, mes darome t\u0105 pat\u012f. Pirkdami m\u016bs\u0173 rank\u0173 darbo gaminius J\u016bs padedate r\u016bpintis planeta ir dal\u012f J\u016bs\u0173 pinig\u0173 sumos mes atiduodame \u201eThe Ocean Cleanup\u201c. Dalis 2022 met\u0173 pajam\u0173 jau buvo paaukotai \u0161iai organizacijai, tod\u0117l labai did\u017eiuojam\u0117s gav\u0119 r\u0117m\u0117jo \u017eenklel\u012f su specialiai mums skirtu identifikaciniu kodu. Taigi norime pasakyti did\u017eiul\u012f A\u010cI\u016a kiekvienam planBee klientui, kuris mus palaiko. Kartu mes kuriame teigiamus poky\u010dius!<\/p>\n<\/div>\n<\/div><\/div>\n\n\n\n<figure class=\"wp-block-image size-large\"><img decoding=\"async\" src=\"https:\/\/assets.theoceancleanup.com\/app\/uploads\/2021\/08\/210809_Oceans_Systems_02_System_Release_Day_Drone_DL39.jpg\" alt=\"\"\/><figcaption class=\"wp-element-caption\">Nuotrauka \u2013 The Ocean Cleanup<\/figcaption><\/figure>\n\n\n\n<div style=\"height:48px\" aria-hidden=\"true\" class=\"wp-block-spacer\"><\/div>\n\n\n<div class=\"wp-block-image\">\n<figure class=\"aligncenter size-full is-resized\"><img loading=\"lazy\" decoding=\"async\" width=\"327\" height=\"326\" src=\"https:\/\/planbee.lt\/wp-content\/uploads\/2023\/07\/KilnusTikslai_Transparent.png\" alt=\"\" class=\"wp-image-1739\" style=\"width:164px;height:163px\" srcset=\"https:\/\/planbee.lt\/wp-content\/uploads\/2023\/07\/KilnusTikslai_Transparent.png 327w, https:\/\/planbee.lt\/wp-content\/uploads\/2023\/07\/KilnusTikslai_Transparent-300x300.png 300w, https:\/\/planbee.lt\/wp-content\/uploads\/2023\/07\/KilnusTikslai_Transparent-150x150.png 150w, https:\/\/planbee.lt\/wp-content\/uploads\/2023\/07\/KilnusTikslai_Transparent-12x12.png 12w, https:\/\/planbee.lt\/wp-content\/uploads\/2023\/07\/KilnusTikslai_Transparent-100x100.png 100w\" sizes=\"auto, (max-width: 327px) 100vw, 327px\" \/><\/figure>\n<\/div>\n\n\n<div style=\"height:16px\" aria-hidden=\"true\" class=\"wp-block-spacer\"><\/div>\n\n\n\n<p class=\"has-text-align-center translation-block\"><strong>\u0160altinis:<\/strong><br>The Ocean Cleanup<\/p>","protected":false},"excerpt":{"rendered":"<p class=\"translation-block\"><strong>\u0160altinis:<\/strong><br>The Ocean Cleanup<\/p>","protected":false},"author":2,"featured_media":0,"parent":0,"menu_order":0,"comment_status":"closed","ping_status":"closed","template":"","meta":{"neve_meta_sidebar":"full-width","neve_meta_container":"default","neve_meta_enable_content_width":"on","neve_meta_content_width":100,"neve_meta_title_alignment":"","neve_meta_author_avatar":"","neve_post_elements_order":"","neve_meta_disable_header":"","neve_meta_disable_footer":"","neve_meta_disable_title":"on","_themeisle_gutenberg_block_has_review":false,"footnotes":""},"class_list":["post-1469","page","type-page","status-publish","hentry"],"jetpack_sharing_enabled":true,"_links":{"self":[{"href":"https:\/\/planbee.lt\/lt\/wp-json\/wp\/v2\/pages\/1469","targetHints":{"allow":["GET"]}}],"collection":[{"href":"https:\/\/planbee.lt\/lt\/wp-json\/wp\/v2\/pages"}],"about":[{"href":"https:\/\/planbee.lt\/lt\/wp-json\/wp\/v2\/types\/page"}],"author":[{"embeddable":true,"href":"https:\/\/planbee.lt\/lt\/wp-json\/wp\/v2\/users\/2"}],"replies":[{"embeddable":true,"href":"https:\/\/planbee.lt\/lt\/wp-json\/wp\/v2\/comments?post=1469"}],"version-history":[{"count":28,"href":"https:\/\/planbee.lt\/lt\/wp-json\/wp\/v2\/pages\/1469\/revisions"}],"predecessor-version":[{"id":2241,"href":"https:\/\/planbee.lt\/lt\/wp-json\/wp\/v2\/pages\/1469\/revisions\/2241"}],"wp:attachment":[{"href":"https:\/\/planbee.lt\/lt\/wp-json\/wp\/v2\/media?parent=1469"}],"curies":[{"name":"wp","href":"https:\/\/api.w.org\/{rel}","templated":true}]}}