{"id":1054,"date":"2021-02-04T14:27:56","date_gmt":"2021-02-04T12:27:56","guid":{"rendered":"https:\/\/planbee.lt\/?page_id=1054"},"modified":"2023-08-17T07:26:51","modified_gmt":"2023-08-17T05:26:51","slug":"kaip-naudotis-musu-produktais","status":"publish","type":"page","link":"https:\/\/planbee.lt\/lt\/how-to-use-our-products","title":{"rendered":"Kaip naudotis m\u016bs\u0173 produktais"},"content":{"rendered":"\n<div class=\"wp-block-cover alignfull\" style=\"min-height:300px;aspect-ratio:unset;\"><span aria-hidden=\"true\" class=\"wp-block-cover__background has-background-dim-60 has-background-dim\"><\/span><img loading=\"lazy\" decoding=\"async\" width=\"1080\" height=\"1618\" class=\"wp-block-cover__image-background wp-image-1912\" alt=\"\" src=\"https:\/\/planbee.lt\/wp-content\/uploads\/2023\/08\/IMG_0059.jpg\" style=\"object-position:66% 54%\" data-object-fit=\"cover\" data-object-position=\"66% 54%\" srcset=\"https:\/\/planbee.lt\/wp-content\/uploads\/2023\/08\/IMG_0059.jpg 1080w, https:\/\/planbee.lt\/wp-content\/uploads\/2023\/08\/IMG_0059-200x300.jpg 200w, https:\/\/planbee.lt\/wp-content\/uploads\/2023\/08\/IMG_0059-684x1024.jpg 684w, https:\/\/planbee.lt\/wp-content\/uploads\/2023\/08\/IMG_0059-768x1151.jpg 768w, https:\/\/planbee.lt\/wp-content\/uploads\/2023\/08\/IMG_0059-1025x1536.jpg 1025w, https:\/\/planbee.lt\/wp-content\/uploads\/2023\/08\/IMG_0059-8x12.jpg 8w, https:\/\/planbee.lt\/wp-content\/uploads\/2023\/08\/IMG_0059-600x899.jpg 600w\" sizes=\"auto, (max-width: 1080px) 100vw, 1080px\" \/><div class=\"wp-block-cover__inner-container is-layout-flow wp-block-cover-is-layout-flow\">\n<div class=\"wp-block-columns top-headeris is-layout-flex wp-container-core-columns-is-layout-9d6595d7 wp-block-columns-is-layout-flex\">\n<div class=\"wp-block-column is-layout-flow wp-block-column-is-layout-flow\" style=\"flex-basis:75%\">\n<h1 class=\"wp-block-heading top-headeris-header has-nv-text-dark-bg-color has-text-color\" style=\"font-size:56px\">How to use our products<\/h1>\n\n\n\n<p class=\"has-nv-text-dark-bg-color has-text-color has-medium-font-size\">Welcome to our guide on how to use our products! These eco-friendly alternatives to single-use plastic wraps are not only sustainable but also incredibly versatile.<\/p>\n<\/div>\n\n\n\n<div class=\"wp-block-column is-layout-flow wp-block-column-is-layout-flow\"><\/div>\n<\/div>\n<\/div><\/div>\n\n\n\n<div style=\"height:50px\" aria-hidden=\"true\" class=\"wp-block-spacer\"><\/div>\n\n\n\n<div class=\"wp-block-columns is-layout-flex wp-container-core-columns-is-layout-9d6595d7 wp-block-columns-is-layout-flex\">\n<div class=\"wp-block-column is-layout-flow wp-block-column-is-layout-flow\">\n<h2 class=\"wp-block-heading\">How to wrap my beeswax wraps?<\/h2>\n\n\n\n<figure class=\"wp-block-image size-full\"><img loading=\"lazy\" decoding=\"async\" width=\"600\" height=\"600\" src=\"https:\/\/planbee.lt\/wp-content\/uploads\/2023\/07\/HowToWrap.jpg\" alt=\"An image displaying how to use our products to wrap bowls\" class=\"wp-image-1705\" srcset=\"https:\/\/planbee.lt\/wp-content\/uploads\/2023\/07\/HowToWrap.jpg 600w, https:\/\/planbee.lt\/wp-content\/uploads\/2023\/07\/HowToWrap-300x300.jpg 300w, https:\/\/planbee.lt\/wp-content\/uploads\/2023\/07\/HowToWrap-150x150.jpg 150w, https:\/\/planbee.lt\/wp-content\/uploads\/2023\/07\/HowToWrap-12x12.jpg 12w, https:\/\/planbee.lt\/wp-content\/uploads\/2023\/07\/HowToWrap-100x100.jpg 100w\" sizes=\"auto, (max-width: 600px) 100vw, 600px\" \/><\/figure>\n\n\n\n<div style=\"height:24px\" aria-hidden=\"true\" class=\"wp-block-spacer\"><\/div>\n\n\n\n<p style=\"font-size:16px\">Unfold your beeswax wrap, which may feel slightly stiff due to being folded. Carefully envelop your bowl with any leftover food, vegetables, fruits, herbs, or other desired items. Apply gentle pressure and use the warmth of your hands to seal the wrap, ensuring a secure fold. Hold it for a few seconds to further set the shape and maintain its form.<\/p>\n<\/div>\n\n\n\n<div class=\"wp-block-column is-layout-flow wp-block-column-is-layout-flow\">\n<h2 class=\"wp-block-heading\">How to clean my beeswax wraps?<\/h2>\n\n\n\n<figure class=\"wp-block-image size-full\"><img loading=\"lazy\" decoding=\"async\" width=\"600\" height=\"600\" src=\"https:\/\/planbee.lt\/wp-content\/uploads\/2023\/07\/HowToClean.jpg\" alt=\"An image displaying how to use our products in order to keep them new as long as possible\" class=\"wp-image-1706\" srcset=\"https:\/\/planbee.lt\/wp-content\/uploads\/2023\/07\/HowToClean.jpg 600w, https:\/\/planbee.lt\/wp-content\/uploads\/2023\/07\/HowToClean-300x300.jpg 300w, https:\/\/planbee.lt\/wp-content\/uploads\/2023\/07\/HowToClean-150x150.jpg 150w, https:\/\/planbee.lt\/wp-content\/uploads\/2023\/07\/HowToClean-12x12.jpg 12w, https:\/\/planbee.lt\/wp-content\/uploads\/2023\/07\/HowToClean-100x100.jpg 100w\" sizes=\"auto, (max-width: 600px) 100vw, 600px\" \/><\/figure>\n\n\n\n<div style=\"height:24px\" aria-hidden=\"true\" class=\"wp-block-spacer\"><\/div>\n\n\n\n<p style=\"font-size:16px\">To effectively clean your beeswax wraps and maintain their stickiness and cleanliness, use cold water and eco-friendly soap. This combination will ensure gentle yet effective cleaning.<\/p>\n<\/div>\n\n\n\n<div class=\"wp-block-column is-layout-flow wp-block-column-is-layout-flow\">\n<h2 class=\"wp-block-heading\">What to do with worn-out beeswax wraps?<\/h2>\n\n\n\n<figure class=\"wp-block-image size-full\"><img loading=\"lazy\" decoding=\"async\" width=\"600\" height=\"600\" src=\"https:\/\/planbee.lt\/wp-content\/uploads\/2023\/07\/EndOfLife-1.jpg\" alt=\"An image displaying how to use our products when they wear out\" class=\"wp-image-1709\" srcset=\"https:\/\/planbee.lt\/wp-content\/uploads\/2023\/07\/EndOfLife-1.jpg 600w, https:\/\/planbee.lt\/wp-content\/uploads\/2023\/07\/EndOfLife-1-300x300.jpg 300w, https:\/\/planbee.lt\/wp-content\/uploads\/2023\/07\/EndOfLife-1-150x150.jpg 150w, https:\/\/planbee.lt\/wp-content\/uploads\/2023\/07\/EndOfLife-1-12x12.jpg 12w, https:\/\/planbee.lt\/wp-content\/uploads\/2023\/07\/EndOfLife-1-100x100.jpg 100w\" sizes=\"auto, (max-width: 600px) 100vw, 600px\" \/><\/figure>\n\n\n\n<div style=\"height:24px\" aria-hidden=\"true\" class=\"wp-block-spacer\"><\/div>\n\n\n\n<p style=\"font-size:16px\">We strive to be as environmentally friendly as possible. When the wrap begins to lose its stickiness, you can renew it with our <a href=\"https:\/\/planbee.lt\/product\/biciu-vasko-ir-pusu-saku-gabalelis-skirtas-atnaujinti-sena-drobele\" target=\"_blank\" data-type=\"URL\" data-id=\"https:\/\/planbee.lt\/product\/biciu-vasko-ir-pusu-saku-gabalelis-skirtas-atnaujinti-sena-drobele\" rel=\"noreferrer noopener\">beeswax refresher bar<\/a>, cut it into strips and compost it, or use it as a fire starter.<\/p>\n<\/div>\n<\/div>\n\n\n\n<h2 class=\"wp-block-heading\">How do I renew my beeswax wraps?<\/h2>\n\n\n\n<h3 class=\"wp-block-heading\">Renew it with a flat iron<\/h3>\n\n\n\n<p>Just like we started experimenting with our first beeswax wraps! Grate a beeswax refresher bar with a regular kitchen grater. Lay your old beeswax wrap on a piece of baking paper, spread the grated wax on top of your wrap, and add another sheet of baking paper on top of the wrap. Layer it like a sandwich :). Heat your iron to the maximum and iron the wrap from the top, letting the wax melt and spread all over the wrap. Take off the upper baking paper, take the wrap by the corners, and let it dry for about 30 seconds.<\/p>\n\n\n\n<h3 class=\"wp-block-heading\">Renew it in an oven<\/h3>\n\n\n\n<p>Preheat the oven to 140\u00b0 C (~284\u00b0 F). Lay your old beeswax wrap on a piece of baking paper and grate a piece of beeswax refresher bar with a regular kitchen grater. Then, spread the grated wax on top of the wrap and put it in the oven for about 3\u20135 minutes until the pieces of wax are melted. Take it by the corners and let it dry for about 30 seconds. P.S. You can clean your grater with hot\/boiling water and a piece of old fabric or paper towel.<\/p>\n\n\n<div data-block-name=\"woocommerce\/handpicked-products\" data-products=\"[1233]\" class=\"wc-block-grid wp-block-handpicked-products wp-block-woocommerce-handpicked-products wc-block-handpicked-products has-3-columns has-multiple-rows\"><ul class=\"wc-block-grid__products\"><li class=\"wc-block-grid__product\">\n\t\t\t\t<a href=\"https:\/\/planbee.lt\/lt\/product\/beeswax-refresher-bar\" class=\"wc-block-grid__product-link\">\n\t\t\t\t\t\n\t\t\t\t\t<div class=\"wc-block-grid__product-image\"><img loading=\"lazy\" decoding=\"async\" width=\"300\" height=\"300\" src=\"https:\/\/planbee.lt\/wp-content\/uploads\/2021\/11\/image-7-300x300.jpg\" class=\"attachment-woocommerce_thumbnail size-woocommerce_thumbnail\" alt=\"beeswax refresher bar\" srcset=\"https:\/\/planbee.lt\/wp-content\/uploads\/2021\/11\/image-7-300x300.jpg 300w, https:\/\/planbee.lt\/wp-content\/uploads\/2021\/11\/image-7-150x150.jpg 150w, https:\/\/planbee.lt\/wp-content\/uploads\/2021\/11\/image-7-100x100.jpg 100w\" sizes=\"auto, (max-width: 300px) 100vw, 300px\" \/><\/div>\n\t\t\t\t\t<div class=\"wc-block-grid__product-title\">Beeswax refresher bar<\/div>\n\t\t\t\t<\/a>\n\t\t\t\t<div class=\"wc-block-grid__product-price price\"><span class=\"woocommerce-Price-amount amount\">4,00&nbsp;<span class=\"woocommerce-Price-currencySymbol\">&euro;<\/span><\/span><\/div>\n\t\t\t\t\n\t\t\t\t<div class=\"wp-block-button wc-block-grid__product-add-to-cart\"><a href=\"\/lt\/wp-json\/wp\/v2\/pages\/1054?add-to-cart=1233\" aria-label=\"Add to cart: &ldquo;Beeswax refresher bar&rdquo;\" data-quantity=\"1\" data-product_id=\"1233\" data-product_sku=\"PBRFR\" data-price=\"4\" rel=\"nofollow\" class=\"wp-block-button__link  add_to_cart_button ajax_add_to_cart\">\u012e krep\u0161el\u012f<\/a><\/div>\n\t\t\t<\/li><\/ul><\/div>","protected":false},"excerpt":{"rendered":"<p>How to wrap my beeswax wraps? Unfold your beeswax wrap, which may feel slightly stiff due to being folded. Carefully envelop your bowl with any leftover food, vegetables, fruits, herbs, or other desired items. Apply gentle pressure and use the warmth of your hands to seal the wrap, ensuring a secure fold. Hold it for&hellip;&nbsp;<a href=\"https:\/\/planbee.lt\/lt\/how-to-use-our-products\" rel=\"bookmark\">Read More &raquo;<span class=\"screen-reader-text\">Kaip naudotis m\u016bs\u0173 produktais<\/span><\/a><\/p>","protected":false},"author":1,"featured_media":979,"parent":0,"menu_order":0,"comment_status":"closed","ping_status":"closed","template":"","meta":{"neve_meta_sidebar":"full-width","neve_meta_container":"contained","neve_meta_enable_content_width":"on","neve_meta_content_width":100,"neve_meta_title_alignment":"","neve_meta_author_avatar":"","neve_post_elements_order":"","neve_meta_disable_header":"off","neve_meta_disable_footer":"","neve_meta_disable_title":"on","_themeisle_gutenberg_block_has_review":false,"footnotes":""},"class_list":["post-1054","page","type-page","status-publish","has-post-thumbnail","hentry"],"jetpack_sharing_enabled":true,"_links":{"self":[{"href":"https:\/\/planbee.lt\/lt\/wp-json\/wp\/v2\/pages\/1054","targetHints":{"allow":["GET"]}}],"collection":[{"href":"https:\/\/planbee.lt\/lt\/wp-json\/wp\/v2\/pages"}],"about":[{"href":"https:\/\/planbee.lt\/lt\/wp-json\/wp\/v2\/types\/page"}],"author":[{"embeddable":true,"href":"https:\/\/planbee.lt\/lt\/wp-json\/wp\/v2\/users\/1"}],"replies":[{"embeddable":true,"href":"https:\/\/planbee.lt\/lt\/wp-json\/wp\/v2\/comments?post=1054"}],"version-history":[{"count":32,"href":"https:\/\/planbee.lt\/lt\/wp-json\/wp\/v2\/pages\/1054\/revisions"}],"predecessor-version":[{"id":1913,"href":"https:\/\/planbee.lt\/lt\/wp-json\/wp\/v2\/pages\/1054\/revisions\/1913"}],"wp:featuredmedia":[{"embeddable":true,"href":"https:\/\/planbee.lt\/lt\/wp-json\/wp\/v2\/media\/979"}],"wp:attachment":[{"href":"https:\/\/planbee.lt\/lt\/wp-json\/wp\/v2\/media?parent=1054"}],"curies":[{"name":"wp","href":"https:\/\/api.w.org\/{rel}","templated":true}]}}