{"id":1020,"date":"2021-01-18T10:56:04","date_gmt":"2021-01-18T08:56:04","guid":{"rendered":"https:\/\/planbee.lt\/?page_id=1020"},"modified":"2023-08-16T18:11:52","modified_gmt":"2023-08-16T16:11:52","slug":"apie-planbee","status":"publish","type":"page","link":"https:\/\/planbee.lt\/lt\/about-planbee","title":{"rendered":"Apie planBee"},"content":{"rendered":"<div class=\"wp-block-cover alignfull\" style=\"min-height:300px;aspect-ratio:unset;\"><span aria-hidden=\"true\" class=\"wp-block-cover__background has-background-dim-60 has-background-dim\"><\/span><img loading=\"lazy\" decoding=\"async\" width=\"1600\" height=\"1200\" class=\"wp-block-cover__image-background wp-image-1007\" alt=\"\" src=\"https:\/\/planbee.lt\/wp-content\/uploads\/2021\/01\/image.jpg\" style=\"object-position:60% 31%\" data-object-fit=\"cover\" data-object-position=\"60% 31%\" srcset=\"https:\/\/planbee.lt\/wp-content\/uploads\/2021\/01\/image.jpg 1600w, https:\/\/planbee.lt\/wp-content\/uploads\/2021\/01\/image-300x225.jpg 300w, https:\/\/planbee.lt\/wp-content\/uploads\/2021\/01\/image-1024x768.jpg 1024w, https:\/\/planbee.lt\/wp-content\/uploads\/2021\/01\/image-768x576.jpg 768w, https:\/\/planbee.lt\/wp-content\/uploads\/2021\/01\/image-1536x1152.jpg 1536w, https:\/\/planbee.lt\/wp-content\/uploads\/2021\/01\/image-16x12.jpg 16w, https:\/\/planbee.lt\/wp-content\/uploads\/2021\/01\/image-600x450.jpg 600w\" sizes=\"auto, (max-width: 1600px) 100vw, 1600px\" \/><div class=\"wp-block-cover__inner-container is-layout-flow wp-block-cover-is-layout-flow\">\n<div class=\"wp-block-columns are-vertically-aligned-center top-headeris is-layout-flex wp-container-core-columns-is-layout-9d6595d7 wp-block-columns-is-layout-flex\">\n<div class=\"wp-block-column is-vertically-aligned-center is-layout-flow wp-block-column-is-layout-flow\" style=\"flex-basis:75%\">\n<h1 class=\"wp-block-heading top-headeris-header has-nv-text-dark-bg-color has-text-color has-x-large-font-size\">Apie planBee. Nuo bi\u010di\u0173 avilio iki virtuv\u0117s<\/h1>\n\n\n\n<p class=\"has-nv-text-dark-bg-color has-text-color has-medium-font-size\">Su\u017einokite apie planBee, ilgamet\u012f ry\u0161\u012f su bit\u0117mis ir medumi mano \u0161eimoje bei su\u017einokite apie bitininkyst\u0119 ir m\u016bs\u0173 vasaros nuotykius renkant med\u0173 kaime!<\/p>\n<\/div>\n\n\n\n<div class=\"wp-block-column is-layout-flow wp-block-column-is-layout-flow\"><\/div>\n<\/div>\n<\/div><\/div>\n\n\n\n<div style=\"height:50px\" aria-hidden=\"true\" class=\"wp-block-spacer\"><\/div>\n\n\n\n<p>\u201eplanBee\u201c pavadinimas, kuris i\u0161vertus i\u0161 angl\u0173 kalbos rei\u0161kia \u201eplanas Bit\u0117\u201c, atspindi, kaip planas sumaniems pasirinkimams, padedantiems tausoti  m\u016bs\u0173 aplink\u0105, \u017eadina susidom\u0117jim\u0105 rinktis tvar\u0173 gyvenimo b\u016bd\u0105.<\/p>\n\n\n\n<p>Bit\u0117s bei medus man nuo vaikyst\u0117s buvo neatsiejama mano \u0161eimos gyvenimo dalis \u2013 \u0161eimos relikvija, keliaujanti i\u0161 kartos \u012f kart\u0105. Nuo pat ma\u017eens mo\u010diut\u0117 tur\u0117jo bi\u010di\u0173 avili\u0173 ir mes, vaikai, va\u017eiuodavome \u012f kaim\u0105 vasaroti ir pad\u0117ti kopin\u0117ti med\u0173. Dabar bi\u010di\u0173 \u0161eimas visu paj\u0117gumu yra per\u0117m\u0119s t\u0117tis \u2013 r\u016bpinasi \u017eiem\u0105 vasar\u0105, o med\u0173 kopin\u0117jame visa \u0161eima.<\/p>\n\n\n\n<figure class=\"wp-block-gallery has-nested-images columns-default is-cropped wp-block-gallery-1 is-layout-flex wp-block-gallery-is-layout-flex\">\n<figure class=\"wp-block-image size-large\"><img loading=\"lazy\" decoding=\"async\" width=\"1024\" height=\"768\" data-id=\"1014\" src=\"https:\/\/planbee.lt\/wp-content\/uploads\/2021\/01\/dd-1024x768.jpg\" alt=\"\" class=\"wp-image-1014\" srcset=\"https:\/\/planbee.lt\/wp-content\/uploads\/2021\/01\/dd-1024x768.jpg 1024w, https:\/\/planbee.lt\/wp-content\/uploads\/2021\/01\/dd-300x225.jpg 300w, https:\/\/planbee.lt\/wp-content\/uploads\/2021\/01\/dd-768x576.jpg 768w, https:\/\/planbee.lt\/wp-content\/uploads\/2021\/01\/dd-1536x1152.jpg 1536w, https:\/\/planbee.lt\/wp-content\/uploads\/2021\/01\/dd-2048x1536.jpg 2048w, https:\/\/planbee.lt\/wp-content\/uploads\/2021\/01\/dd-16x12.jpg 16w, https:\/\/planbee.lt\/wp-content\/uploads\/2021\/01\/dd-600x450.jpg 600w\" sizes=\"auto, (max-width: 1024px) 100vw, 1024px\" \/><\/figure>\n\n\n\n<figure class=\"wp-block-image size-large\"><img loading=\"lazy\" decoding=\"async\" width=\"1024\" height=\"768\" data-id=\"1007\" src=\"https:\/\/planbee.lt\/wp-content\/uploads\/2021\/01\/image-1024x768.jpg\" alt=\"\" class=\"wp-image-1007\" srcset=\"https:\/\/planbee.lt\/wp-content\/uploads\/2021\/01\/image-1024x768.jpg 1024w, https:\/\/planbee.lt\/wp-content\/uploads\/2021\/01\/image-300x225.jpg 300w, https:\/\/planbee.lt\/wp-content\/uploads\/2021\/01\/image-768x576.jpg 768w, https:\/\/planbee.lt\/wp-content\/uploads\/2021\/01\/image-1536x1152.jpg 1536w, https:\/\/planbee.lt\/wp-content\/uploads\/2021\/01\/image-16x12.jpg 16w, https:\/\/planbee.lt\/wp-content\/uploads\/2021\/01\/image-600x450.jpg 600w, https:\/\/planbee.lt\/wp-content\/uploads\/2021\/01\/image.jpg 1600w\" sizes=\"auto, (max-width: 1024px) 100vw, 1024px\" \/><\/figure>\n<\/figure>\n\n\n\n<div style=\"height:50px\" aria-hidden=\"true\" class=\"wp-block-spacer\"><\/div>\n\n\n\n<p>Nuo pat studij\u0173 prad\u017eios Olandijoje, pagalvodavau, kaip b\u016bt\u0173 \u012fdomu sukurti aplinkai draugi\u0161k\u0105 produkt\u0105, kuris pad\u0117t\u0173 suma\u017einti plastiko naudojim\u0105 ir pasitarnaut\u0173 \u017emogaus bui\u010diai. Pirm\u0105j\u0105 bi\u010di\u0173 va\u0161ko drobel\u0119 padovanojo draugas, kuris j\u0105 pirko svetur, ir a\u0161 labai susi\u017eav\u0117jau \u0161ia id\u0117ja. Kadangi va\u0161ko m\u016bs\u0173 \u0161eimoje niekada netr\u016bko, prad\u0117jau eksperimentuoti su m\u016bs\u0173 zanavyki\u0161ku va\u0161ku. Kvepiantys namai, va\u0161kuota mamos virtuv\u0117 ir tokie pat mano mar\u0161kin\u0117liai \u2013 taip atrod\u0117 pirmosios bandym\u0173 dienos. Prireik\u0117 nema\u017eai laiko, kada galutinai atradau tinkam\u0105 ingredient\u0173 santyk\u012f.<\/p>\n\n\n\n<figure class=\"wp-block-gallery has-nested-images columns-default is-cropped wp-block-gallery-2 is-layout-flex wp-block-gallery-is-layout-flex\">\n<figure class=\"wp-block-image size-large\"><img loading=\"lazy\" decoding=\"async\" width=\"705\" height=\"1024\" data-id=\"1013\" src=\"https:\/\/planbee.lt\/wp-content\/uploads\/2021\/01\/fff-705x1024.jpg\" alt=\"\" class=\"wp-image-1013\" srcset=\"https:\/\/planbee.lt\/wp-content\/uploads\/2021\/01\/fff-705x1024.jpg 705w, https:\/\/planbee.lt\/wp-content\/uploads\/2021\/01\/fff-206x300.jpg 206w, https:\/\/planbee.lt\/wp-content\/uploads\/2021\/01\/fff-768x1116.jpg 768w, https:\/\/planbee.lt\/wp-content\/uploads\/2021\/01\/fff-1057x1536.jpg 1057w, https:\/\/planbee.lt\/wp-content\/uploads\/2021\/01\/fff-8x12.jpg 8w, https:\/\/planbee.lt\/wp-content\/uploads\/2021\/01\/fff-600x872.jpg 600w, https:\/\/planbee.lt\/wp-content\/uploads\/2021\/01\/fff.jpg 1321w\" sizes=\"auto, (max-width: 705px) 100vw, 705px\" \/><\/figure>\n\n\n\n<figure class=\"wp-block-image size-large\"><img loading=\"lazy\" decoding=\"async\" width=\"768\" height=\"1024\" data-id=\"1012\" src=\"https:\/\/planbee.lt\/wp-content\/uploads\/2021\/01\/v-1-768x1024.jpg\" alt=\"\" class=\"wp-image-1012\" srcset=\"https:\/\/planbee.lt\/wp-content\/uploads\/2021\/01\/v-1-768x1024.jpg 768w, https:\/\/planbee.lt\/wp-content\/uploads\/2021\/01\/v-1-225x300.jpg 225w, https:\/\/planbee.lt\/wp-content\/uploads\/2021\/01\/v-1-1152x1536.jpg 1152w, https:\/\/planbee.lt\/wp-content\/uploads\/2021\/01\/v-1-1536x2048.jpg 1536w, https:\/\/planbee.lt\/wp-content\/uploads\/2021\/01\/v-1-9x12.jpg 9w, https:\/\/planbee.lt\/wp-content\/uploads\/2021\/01\/v-1-600x800.jpg 600w, https:\/\/planbee.lt\/wp-content\/uploads\/2021\/01\/v-1-scaled.jpg 1920w\" sizes=\"auto, (max-width: 768px) 100vw, 768px\" \/><\/figure>\n<\/figure>\n\n\n\n<div style=\"height:50px\" aria-hidden=\"true\" class=\"wp-block-spacer\"><\/div>\n\n\n\n<p>Ie\u0161kojau \u012fdomesni\u0173 medviln\u0117s ra\u0161t\u0173, klausin\u0117jau draug\u0173 bei giminai\u010di\u0173 ar neturi atliekam\u0173 med\u017eaig\u0173 atrai\u017e\u0173. Tuomet susik\u016briau pirmuosius standartinius dyd\u017eius, kurie b\u016bt\u0173 prakti\u0161kiausi, pvz. apvynioti prapjaut\u0105 agurk\u0105, avokad\u0105, citrin\u0105, u\u017edengti maisto liku\u010dius duben\u0117liuose. \u201ePirmus blynus\u201c padovanojau draugams ir \u0117miau laukti\u2026 Buvo smalsu, kada gi pasipils pirmieji atsiliepimai, o jie buvo geri! <\/p>\n\n\n\n<p>\u012egudusi eksperimentavau su \u012fvairiomis va\u0161ko padengimo technikomis \u2013 nor\u0117jau kokybi\u0161kai ir esteti\u0161kai padengti med\u017eiag\u0105. \u0160iuo metu drobel\u0117ms gaminti naudoju i\u0161 m\u016bs\u0173 bi\u010di\u0173 \u0161eim\u0173 sune\u0161t\u0105 va\u0161k\u0105, pu\u0161\u0173 sakus (jie suteikia papildomo lipnumo) bei 100% medviln\u0119. Va\u0161kas ir sakai turi antibakterini\u0173 savybi\u0173, padedan\u010di\u0173 maist\u0105 i\u0161laikyti \u0161vie\u017ei\u0105 ilgiau ir neleid\u017eia rastis pel\u0117siui. <\/p>\n\n\n\n<div class=\"wp-block-cover is-light\" style=\"min-height:350px;aspect-ratio:unset;\"><span aria-hidden=\"true\" class=\"wp-block-cover__background has-background-dim-20 has-background-dim\"><\/span><img loading=\"lazy\" decoding=\"async\" width=\"1920\" height=\"2560\" class=\"wp-block-cover__image-background wp-image-636\" alt=\"\" src=\"https:\/\/planbee.lt\/wp-content\/uploads\/2020\/12\/IMG_20200607_124645-scaled.jpg\" data-object-fit=\"cover\" srcset=\"https:\/\/planbee.lt\/wp-content\/uploads\/2020\/12\/IMG_20200607_124645-scaled.jpg 1920w, https:\/\/planbee.lt\/wp-content\/uploads\/2020\/12\/IMG_20200607_124645-225x300.jpg 225w, https:\/\/planbee.lt\/wp-content\/uploads\/2020\/12\/IMG_20200607_124645-768x1024.jpg 768w, https:\/\/planbee.lt\/wp-content\/uploads\/2020\/12\/IMG_20200607_124645-1152x1536.jpg 1152w, https:\/\/planbee.lt\/wp-content\/uploads\/2020\/12\/IMG_20200607_124645-1536x2048.jpg 1536w, https:\/\/planbee.lt\/wp-content\/uploads\/2020\/12\/IMG_20200607_124645-9x12.jpg 9w, https:\/\/planbee.lt\/wp-content\/uploads\/2020\/12\/IMG_20200607_124645-600x800.jpg 600w\" sizes=\"auto, (max-width: 1920px) 100vw, 1920px\" \/><div class=\"wp-block-cover__inner-container is-layout-flow wp-block-cover-is-layout-flow\">\n<p class=\"has-text-align-center has-large-font-size\"><\/p>\n<\/div><\/div>\n\n\n\n<div style=\"height:50px\" aria-hidden=\"true\" class=\"wp-block-spacer\"><\/div>\n\n\n\n<p>\u0160iandien \u201eplanBee\u201c yra \u012fmon\u0117-startuol\u0117, kuri telkia d\u0117mes\u012f \u012f dvi sferas: bi\u010di\u0173 va\u0161ko drobeli\u0173 gamyb\u0105, siekiant suma\u017einti plastiko naudojim\u0105, \n bei didinant va\u0161ko poreik\u012f, skatinti paremti vietini\u0173 bitinink\u0173 \u016bkius. Mes r\u016bpinam\u0117s savo bit\u0117mis ir dedame daug meil\u0117s, kad bit\u0117s b\u016bt\u0173 sveikos ir laimingos. Tod\u0117l tvarumas ir bi\u010di\u0173 va\u0161ko drobel\u0117s eina petys petin :) <\/p>","protected":false},"excerpt":{"rendered":"<p>The name &#8216;planBee&#8217; itself reflects the plan for smart choices. In particular, it helps to protect our environment and stimulates awareness of sustainable alternatives. Often we hear the expression that Planet B does not exist is then a response to the planet we live in today. So the goal of planBee is to legitimize small&hellip;&nbsp;<a href=\"https:\/\/planbee.lt\/lt\/about-planbee\" rel=\"bookmark\">Read More &raquo;<span class=\"screen-reader-text\">Apie planBee<\/span><\/a><\/p>","protected":false},"author":1,"featured_media":1007,"parent":0,"menu_order":0,"comment_status":"closed","ping_status":"closed","template":"","meta":{"neve_meta_sidebar":"full-width","neve_meta_container":"contained","neve_meta_enable_content_width":"on","neve_meta_content_width":100,"neve_meta_title_alignment":"","neve_meta_author_avatar":"","neve_post_elements_order":"","neve_meta_disable_header":"off","neve_meta_disable_footer":"","neve_meta_disable_title":"on","_themeisle_gutenberg_block_has_review":false,"footnotes":""},"class_list":["post-1020","page","type-page","status-publish","has-post-thumbnail","hentry"],"jetpack_sharing_enabled":true,"_links":{"self":[{"href":"https:\/\/planbee.lt\/lt\/wp-json\/wp\/v2\/pages\/1020","targetHints":{"allow":["GET"]}}],"collection":[{"href":"https:\/\/planbee.lt\/lt\/wp-json\/wp\/v2\/pages"}],"about":[{"href":"https:\/\/planbee.lt\/lt\/wp-json\/wp\/v2\/types\/page"}],"author":[{"embeddable":true,"href":"https:\/\/planbee.lt\/lt\/wp-json\/wp\/v2\/users\/1"}],"replies":[{"embeddable":true,"href":"https:\/\/planbee.lt\/lt\/wp-json\/wp\/v2\/comments?post=1020"}],"version-history":[{"count":35,"href":"https:\/\/planbee.lt\/lt\/wp-json\/wp\/v2\/pages\/1020\/revisions"}],"predecessor-version":[{"id":1893,"href":"https:\/\/planbee.lt\/lt\/wp-json\/wp\/v2\/pages\/1020\/revisions\/1893"}],"wp:featuredmedia":[{"embeddable":true,"href":"https:\/\/planbee.lt\/lt\/wp-json\/wp\/v2\/media\/1007"}],"wp:attachment":[{"href":"https:\/\/planbee.lt\/lt\/wp-json\/wp\/v2\/media?parent=1020"}],"curies":[{"name":"wp","href":"https:\/\/api.w.org\/{rel}","templated":true}]}}